{"id":302,"date":"2020-09-11T11:24:45","date_gmt":"2020-09-11T09:24:45","guid":{"rendered":"https:\/\/www.gimatengineering.com\/fr\/?page_id=302"},"modified":"2021-10-24T14:45:19","modified_gmt":"2021-10-24T12:45:19","slug":"stations-de-vidange","status":"publish","type":"page","link":"https:\/\/www.gimatengineering.com\/fr\/stations-de-vidange\/","title":{"rendered":"STATIONS DE VIDANGE"},"content":{"rendered":"\n<style type=\"text\/css\" data-created_by=\"avia_inline_auto\" id=\"style-css-av-eiwb2-b72415399233d089fd6b4fc8e2d3e183\">\n.flex_column.av-eiwb2-b72415399233d089fd6b4fc8e2d3e183{\nborder-radius:0px 0px 0px 0px;\npadding:0px 0px 0px 0px;\n}\n<\/style>\n<div  class='flex_column av-eiwb2-b72415399233d089fd6b4fc8e2d3e183 av_one_full  avia-builder-el-0  el_before_av_textblock  avia-builder-el-first  first flex_column_div av-zero-column-padding  '     ><style type=\"text\/css\" data-created_by=\"avia_inline_auto\" id=\"style-css-av-kr9fmt2i-eca45f86c95b17aebc87db737df5d0a3\">\n#top .av-special-heading.av-kr9fmt2i-eca45f86c95b17aebc87db737df5d0a3{\npadding-bottom:10px;\n}\nbody .av-special-heading.av-kr9fmt2i-eca45f86c95b17aebc87db737df5d0a3 .av-special-heading-tag .heading-char{\nfont-size:25px;\n}\n.av-special-heading.av-kr9fmt2i-eca45f86c95b17aebc87db737df5d0a3 .av-subheading{\nfont-size:15px;\n}\n<\/style>\n<div  class='av-special-heading av-kr9fmt2i-eca45f86c95b17aebc87db737df5d0a3 av-special-heading-h1 blockquote modern-quote  avia-builder-el-1  avia-builder-el-no-sibling '><h1 class='av-special-heading-tag '  itemprop=\"headline\"  >STATIONS DE VIDANGE <\/h1><div class=\"special-heading-border\"><div class=\"special-heading-inner-border\"><\/div><\/div><\/div><\/div><section  class='av_textblock_section av-kr9fjs09-ddfc31f42a8d11c863df4c99eb74b232 '   itemscope=\"itemscope\" itemtype=\"https:\/\/schema.org\/CreativeWork\" ><div class='avia_textblock'  itemprop=\"text\" ><p>Lorsque les mati\u00e8res premi\u00e8res arrivent chez le client dans des sacs et non pas dans des big bags, GIMAT con\u00e7oit et construit, sur demande, <a href=\"https:\/\/www.gimatengineering.com\/fr\/tremies-de-vidange-de-sac\/\">les tr\u00e9mies de vidange de sac<\/a> et de stockage de poudres pr\u00e9sentant les volumes qui sont n\u00e9cessaires aux objectifs fix\u00e9s et r\u00e9pondant \u00e0 un interfa\u00e7age avec ses syst\u00e8mes de transport de poudres.<br \/>\nLa conception de la tr\u00e9mie n\u00e9cessite la connaissance du type de poudre devant \u00eatre stock\u00e9e et, selon le coulissement de cette derni\u00e8re, le choix du type le plus appropri\u00e9 de dispositifs \u00e0 utiliser pour la vidange, comme, par exemple, les <a href=\"https:\/\/www.gimatengineering.com\/fr\/extracteurs-a-fond-plat\/\">extracteurs \u00e0 fond plat<\/a>.<\/p>\n<\/div><\/section><\/p>\n","protected":false},"excerpt":{"rendered":"","protected":false},"author":1,"featured_media":0,"parent":0,"menu_order":0,"comment_status":"closed","ping_status":"closed","template":"","meta":{"footnotes":""},"class_list":["post-302","page","type-page","status-publish","hentry"],"yoast_head":"<!-- This site is optimized with the Yoast SEO plugin v27.5 - https:\/\/yoast.com\/product\/yoast-seo-wordpress\/ -->\n<title>STATIONS DE VIDANGE - Gimat srl<\/title>\n<meta name=\"description\" content=\"GIMAT con\u00e7oit et fabrique, sur demande, des tr\u00e9mies de vidange de sacs et stockage de poudres des volumes n\u00e9cessaires\" \/>\n<meta name=\"robots\" content=\"index, follow, max-snippet:-1, max-image-preview:large, max-video-preview:-1\" \/>\n<link rel=\"canonical\" href=\"https:\/\/www.gimatengineering.com\/fr\/stations-de-vidange\/\" \/>\n<meta property=\"og:locale\" content=\"en_GB\" \/>\n<meta property=\"og:type\" content=\"article\" \/>\n<meta property=\"og:title\" content=\"STATIONS DE VIDANGE - Gimat srl\" \/>\n<meta property=\"og:description\" content=\"GIMAT con\u00e7oit et fabrique, sur demande, des tr\u00e9mies de vidange de sacs et stockage de poudres des volumes n\u00e9cessaires\" \/>\n<meta property=\"og:url\" content=\"https:\/\/www.gimatengineering.com\/fr\/stations-de-vidange\/\" \/>\n<meta property=\"og:site_name\" content=\"GIMAT\" \/>\n<meta property=\"article:modified_time\" content=\"2021-10-24T12:45:19+00:00\" \/>\n<meta name=\"twitter:card\" content=\"summary_large_image\" \/>\n<script type=\"application\/ld+json\" class=\"yoast-schema-graph\">{\"@context\":\"https:\\\/\\\/schema.org\",\"@graph\":[{\"@type\":\"WebPage\",\"@id\":\"https:\\\/\\\/www.gimatengineering.com\\\/fr\\\/stations-de-vidange\\\/\",\"url\":\"https:\\\/\\\/www.gimatengineering.com\\\/fr\\\/stations-de-vidange\\\/\",\"name\":\"STATIONS DE VIDANGE - Gimat srl\",\"isPartOf\":{\"@id\":\"https:\\\/\\\/www.gimatengineering.com\\\/fr\\\/#website\"},\"datePublished\":\"2020-09-11T09:24:45+00:00\",\"dateModified\":\"2021-10-24T12:45:19+00:00\",\"description\":\"GIMAT con\u00e7oit et fabrique, sur demande, des tr\u00e9mies de vidange de sacs et stockage de poudres des volumes n\u00e9cessaires\",\"breadcrumb\":{\"@id\":\"https:\\\/\\\/www.gimatengineering.com\\\/fr\\\/stations-de-vidange\\\/#breadcrumb\"},\"inLanguage\":\"en-GB\",\"potentialAction\":[{\"@type\":\"ReadAction\",\"target\":[\"https:\\\/\\\/www.gimatengineering.com\\\/fr\\\/stations-de-vidange\\\/\"]}]},{\"@type\":\"BreadcrumbList\",\"@id\":\"https:\\\/\\\/www.gimatengineering.com\\\/fr\\\/stations-de-vidange\\\/#breadcrumb\",\"itemListElement\":[{\"@type\":\"ListItem\",\"position\":1,\"name\":\"Home\",\"item\":\"https:\\\/\\\/www.gimatengineering.com\\\/fr\\\/home\\\/\"},{\"@type\":\"ListItem\",\"position\":2,\"name\":\"STATIONS DE VIDANGE\"}]},{\"@type\":\"WebSite\",\"@id\":\"https:\\\/\\\/www.gimatengineering.com\\\/fr\\\/#website\",\"url\":\"https:\\\/\\\/www.gimatengineering.com\\\/fr\\\/\",\"name\":\"GIMAT\",\"description\":\"\",\"potentialAction\":[{\"@type\":\"SearchAction\",\"target\":{\"@type\":\"EntryPoint\",\"urlTemplate\":\"https:\\\/\\\/www.gimatengineering.com\\\/fr\\\/?s={search_term_string}\"},\"query-input\":{\"@type\":\"PropertyValueSpecification\",\"valueRequired\":true,\"valueName\":\"search_term_string\"}}],\"inLanguage\":\"en-GB\"}]}<\/script>\n<!-- \/ Yoast SEO plugin. -->","yoast_head_json":{"title":"STATIONS DE VIDANGE - Gimat srl","description":"GIMAT con\u00e7oit et fabrique, sur demande, des tr\u00e9mies de vidange de sacs et stockage de poudres des volumes n\u00e9cessaires","robots":{"index":"index","follow":"follow","max-snippet":"max-snippet:-1","max-image-preview":"max-image-preview:large","max-video-preview":"max-video-preview:-1"},"canonical":"https:\/\/www.gimatengineering.com\/fr\/stations-de-vidange\/","og_locale":"en_GB","og_type":"article","og_title":"STATIONS DE VIDANGE - Gimat srl","og_description":"GIMAT con\u00e7oit et fabrique, sur demande, des tr\u00e9mies de vidange de sacs et stockage de poudres des volumes n\u00e9cessaires","og_url":"https:\/\/www.gimatengineering.com\/fr\/stations-de-vidange\/","og_site_name":"GIMAT","article_modified_time":"2021-10-24T12:45:19+00:00","twitter_card":"summary_large_image","schema":{"@context":"https:\/\/schema.org","@graph":[{"@type":"WebPage","@id":"https:\/\/www.gimatengineering.com\/fr\/stations-de-vidange\/","url":"https:\/\/www.gimatengineering.com\/fr\/stations-de-vidange\/","name":"STATIONS DE VIDANGE - Gimat srl","isPartOf":{"@id":"https:\/\/www.gimatengineering.com\/fr\/#website"},"datePublished":"2020-09-11T09:24:45+00:00","dateModified":"2021-10-24T12:45:19+00:00","description":"GIMAT con\u00e7oit et fabrique, sur demande, des tr\u00e9mies de vidange de sacs et stockage de poudres des volumes n\u00e9cessaires","breadcrumb":{"@id":"https:\/\/www.gimatengineering.com\/fr\/stations-de-vidange\/#breadcrumb"},"inLanguage":"en-GB","potentialAction":[{"@type":"ReadAction","target":["https:\/\/www.gimatengineering.com\/fr\/stations-de-vidange\/"]}]},{"@type":"BreadcrumbList","@id":"https:\/\/www.gimatengineering.com\/fr\/stations-de-vidange\/#breadcrumb","itemListElement":[{"@type":"ListItem","position":1,"name":"Home","item":"https:\/\/www.gimatengineering.com\/fr\/home\/"},{"@type":"ListItem","position":2,"name":"STATIONS DE VIDANGE"}]},{"@type":"WebSite","@id":"https:\/\/www.gimatengineering.com\/fr\/#website","url":"https:\/\/www.gimatengineering.com\/fr\/","name":"GIMAT","description":"","potentialAction":[{"@type":"SearchAction","target":{"@type":"EntryPoint","urlTemplate":"https:\/\/www.gimatengineering.com\/fr\/?s={search_term_string}"},"query-input":{"@type":"PropertyValueSpecification","valueRequired":true,"valueName":"search_term_string"}}],"inLanguage":"en-GB"}]}},"_links":{"self":[{"href":"https:\/\/www.gimatengineering.com\/fr\/wp-json\/wp\/v2\/pages\/302","targetHints":{"allow":["GET"]}}],"collection":[{"href":"https:\/\/www.gimatengineering.com\/fr\/wp-json\/wp\/v2\/pages"}],"about":[{"href":"https:\/\/www.gimatengineering.com\/fr\/wp-json\/wp\/v2\/types\/page"}],"author":[{"embeddable":true,"href":"https:\/\/www.gimatengineering.com\/fr\/wp-json\/wp\/v2\/users\/1"}],"replies":[{"embeddable":true,"href":"https:\/\/www.gimatengineering.com\/fr\/wp-json\/wp\/v2\/comments?post=302"}],"version-history":[{"count":1,"href":"https:\/\/www.gimatengineering.com\/fr\/wp-json\/wp\/v2\/pages\/302\/revisions"}],"predecessor-version":[{"id":3678,"href":"https:\/\/www.gimatengineering.com\/fr\/wp-json\/wp\/v2\/pages\/302\/revisions\/3678"}],"wp:attachment":[{"href":"https:\/\/www.gimatengineering.com\/fr\/wp-json\/wp\/v2\/media?parent=302"}],"curies":[{"name":"wp","href":"https:\/\/api.w.org\/{rel}","templated":true}]}}