{"id":248,"date":"2015-10-21T12:34:01","date_gmt":"2015-10-21T10:34:01","guid":{"rendered":"http:\/\/test.kriesi.at\/construction\/?page_id=31"},"modified":"2023-07-26T20:38:48","modified_gmt":"2023-07-26T18:38:48","slug":"profil","status":"publish","type":"page","link":"https:\/\/www.gimatengineering.com\/fr\/profil\/","title":{"rendered":"PROFIL"},"content":{"rendered":"<div id='layer_slider_1'  class='avia-layerslider main_color avia-shadow  avia-builder-el-0  el_before_av_textblock  avia-builder-el-first  container_wrap sidebar_right'  style='height: 631px; max-width: 1300px; margin: 0 auto;'  ><\/div><div id='after_layer_slider_1'  class='main_color av_default_container_wrap container_wrap sidebar_right'  ><div class='container av-section-cont-open' ><div class='template-page content  av-content-small alpha units'><div class='post-entry post-entry-type-page post-entry-248'><div class='entry-content-wrapper clearfix'>\n<section  class='av_textblock_section av-krwfzxnn-95a566384b674eb460ee3c35db39b580 '   itemscope=\"itemscope\" itemtype=\"https:\/\/schema.org\/CreativeWork\" ><div class='avia_textblock'  itemprop=\"text\" ><h1>PROFIL<\/h1>\n<\/div><\/section>\n\n<style type=\"text\/css\" data-created_by=\"avia_inline_auto\" id=\"style-css-av-3jnut4-6d743c0a37682c2844f9ec3d58c4318a\">\n.flex_column.av-3jnut4-6d743c0a37682c2844f9ec3d58c4318a{\nborder-radius:0px 0px 0px 0px;\npadding:20px 20px 20px 20px;\nbackground-color:#ffffff;\n}\n<\/style>\n<div  class='flex_column av-3jnut4-6d743c0a37682c2844f9ec3d58c4318a av_one_full  avia-builder-el-2  el_after_av_textblock  avia-builder-el-last  first flex_column_div av-animated-generic bottom-to-top  column-top-margin'     ><p><section  class='av_textblock_section av-3cubaw-20e45bd9ce22c83a4dfc92e85ced34ee '   itemscope=\"itemscope\" itemtype=\"https:\/\/schema.org\/CreativeWork\" ><div class='avia_textblock'  itemprop=\"text\" ><p><strong>IDENTIT\u00c9 ET POINTS FORT<\/strong><\/p>\n<p>La firme GIMAT Srl a \u00e9t\u00e9 fond\u00e9e en 1975 par l\u2019ing\u00e9nieur Giorgio Magri.<\/p>\n<p>Depuis plusieurs ann\u00e9es, elle est dirig\u00e9e par ses fils, Claudio et Marco Magri, eux aussi ing\u00e9nieurs, avec l&#8217;aide d&#8217;un personnel technique, de production et administratif hautement sp\u00e9cialis\u00e9.<\/p>\n<p>D\u00e8s le d\u00e9part, l&#8217;entreprise s&#8217;est sp\u00e9cialis\u00e9e dans la production et l&#8217;utilisation de <strong>convoyeurs \u00e0 vis flexibles<\/strong>. Au fil des ann\u00e9es, elle s&#8217;est diversifi\u00e9e dans la production de <strong>machines et de syst\u00e8mes pour la manutention de mat\u00e9riaux en vrac<\/strong> <strong>(bulk material handling)<\/strong>.<\/p>\n<p>Plus pr\u00e9cis\u00e9ment, les \u00e9tapes du processus concern\u00e9es \u00e9taient les suivantes\u00a0: <strong>STOCKAGE EN SILOS ET BIG BAGS<\/strong>, <strong>DOSAGE, M\u00c9LANGE, TRANSPORT ET REMPLISSAGE de poudres et de granul\u00e9s<\/strong>.<\/p>\n<p>Les syst\u00e8mes GIMAT, fort des am\u00e9liorations qu\u2019ils ont re\u00e7ues au fil du temps et des commentaires positifs provenant des clients, ont trouv\u00e9 une large application dans les industries plastiques, chimiques, alimentaires et pharmaceutiques.<\/p>\n<p>Une distribution g\u00e9n\u00e9ralis\u00e9e et constante au sein des entreprises italiennes et \u00e9trang\u00e8res de la transformation a \u00e9t\u00e9 rendue possible gr\u00e2ce \u00e0 la collaboration avec les principaux fabricants italiens de machines et d&#8217;installations, en r\u00e9compensant les efforts d\u00e9ploy\u00e9s par GIMAT en vue de d\u00e9velopper une gamme de produits con\u00e7us pour r\u00e9pondre aux besoins de chaque client.<\/p>\n<p>Le d\u00e9partement technique a fait usage de stations CAO (optimisation assist\u00e9e par ordinateur) en 3D d\u00e8s 1990.<\/p>\n<p>De nos jours, il s\u2019appuie sur un vaste potentiel, form\u00e9 de diff\u00e9rents postes de travail avec le logiciel SOLIDWORKS et COSMOS pour l&#8217;analyse des \u00e9l\u00e9ments finis.<\/p>\n<p>L&#8217;atout majeur de l&#8217;entreprise est repr\u00e9sent\u00e9 par la synergie existant entre le service technique et le d\u00e9partement de production qui permet, d&#8217;une part, de d\u00e9velopper des solutions techniques d\u00e9di\u00e9es et efficaces et, d&#8217;autre part, de r\u00e9aliser en tr\u00e8s peu de temps ce qui a \u00e9t\u00e9 con\u00e7u, tout en contr\u00f4lant simultan\u00e9ment le processus de production.<\/p>\n<p>La capacit\u00e9 de produire en peu de temps ce qui a \u00e9t\u00e9 con\u00e7u est le r\u00e9sultat d&#8217;un degr\u00e9 \u00e9lev\u00e9 d&#8217;automatisation du processus de production interne qui pr\u00e9voit\u00a0:<\/p>\n<ol>\n<li>Le d\u00e9veloppement des g\u00e9om\u00e9tries superficielles en trois dimensions pour engendrer le code machine (CAM)<\/li>\n<li>La d\u00e9coupe au laser des t\u00f4les et la d\u00e9coupe au laser des tubes en utilisant le CAM pr\u00e9c\u00e9demment obtenu.<\/li>\n<li>Le cintrage, \u00e0 la presse, des pi\u00e8ces r\u00e9alis\u00e9es par d\u00e9coupage avec CNC (contr\u00f4le num\u00e9rique) \u00e0 six axes<\/li>\n<li>Les travaux de tournage et fraisage avec contr\u00f4le num\u00e9rique<\/li>\n<\/ol>\n<p>La technologie moderne du processus d&#8217;ing\u00e9nierie et de r\u00e9alisation du produit fini, combin\u00e9e \u00e0 l&#8217;exp\u00e9rience de nos corps de m\u00e9tier, nous permet de rivaliser, jour apr\u00e8s jour, sur un march\u00e9 o\u00f9 sont de plus en plus souvent demand\u00e9s des mod\u00e8les sp\u00e9ciaux en un seul ou en quelques exemplaires seulement.<\/p>\n<\/div><\/section><br \/>\n<section  class='av_textblock_section av-3cubaw-ab679349260ca802851e707961da7459 '   itemscope=\"itemscope\" itemtype=\"https:\/\/schema.org\/CreativeWork\" ><div class='avia_textblock'  itemprop=\"text\" ><\/div><\/section><br \/>\n<div id='av-masonry-1' class='av-masonry av-kf5enmml-519d741c8f4336e5b6836e9a5e6c1fb3 noHover av-fixed-size av-large-gap av-hover-overlay- av-masonry-animation-active av-masonry-col-3 av-caption-always av-caption-style- av-masonry-gallery ' data-post_id=\"248\"><div class=\"av-masonry-container isotope av-js-disabled\"><div class='av-masonry-entry isotope-item av-masonry-item-no-image '><\/div><div id='av-masonry-1-item-358' data-av-masonry-item='358' class='av-masonry-entry isotope-item post-358 attachment type-attachment status-inherit hentry  av-masonry-item-with-image'    itemprop=\"thumbnailUrl\" ><div class='av-inner-masonry-sizer'><\/div><figure class='av-inner-masonry main_color'><div class=\"av-masonry-outerimage-container\"><div class='av-masonry-image-container' style=\"background-image: url(https:\/\/www.gimatengineering.com\/fr\/wp-content\/uploads\/2020\/09\/PROFIL-14-705x529.jpg);\"  title=\"D\u00e9coupe au laser\" ><\/div><\/div><figcaption class='av-inner-masonry-content site-background'><div class='av-inner-masonry-content-pos'><div class='av-inner-masonry-content-pos-content'><div class='avia-arrow'><\/div><h3 class='av-masonry-entry-title entry-title '  itemprop=\"headline\" >D\u00e9coupe au laser<\/h3><\/div><\/div><\/figcaption><\/figure><\/div><!--end av-masonry entry--><div id='av-masonry-1-item-366' data-av-masonry-item='366' class='av-masonry-entry isotope-item post-366 attachment type-attachment status-inherit hentry  av-masonry-item-with-image'    itemprop=\"thumbnailUrl\" ><div class='av-inner-masonry-sizer'><\/div><figure class='av-inner-masonry main_color'><div class=\"av-masonry-outerimage-container\"><div class='av-masonry-image-container' style=\"background-image: url(https:\/\/www.gimatengineering.com\/fr\/wp-content\/uploads\/2020\/09\/PROFIL-10-705x529.jpg);\"  title=\"D\u00e9coupe au laser\" ><\/div><\/div><figcaption class='av-inner-masonry-content site-background'><div class='av-inner-masonry-content-pos'><div class='av-inner-masonry-content-pos-content'><div class='avia-arrow'><\/div><h3 class='av-masonry-entry-title entry-title '  itemprop=\"headline\" >D\u00e9coupe au laser<\/h3><\/div><\/div><\/figcaption><\/figure><\/div><!--end av-masonry entry--><div id='av-masonry-1-item-356' data-av-masonry-item='356' class='av-masonry-entry isotope-item post-356 attachment type-attachment status-inherit hentry  av-masonry-item-with-image'    itemprop=\"thumbnailUrl\" ><div class='av-inner-masonry-sizer'><\/div><figure class='av-inner-masonry main_color'><div class=\"av-masonry-outerimage-container\"><div class='av-masonry-image-container' style=\"background-image: url(https:\/\/www.gimatengineering.com\/fr\/wp-content\/uploads\/2020\/09\/PROFIL-15-705x529.jpg);\"  title=\"Tournage\" ><\/div><\/div><figcaption class='av-inner-masonry-content site-background'><div class='av-inner-masonry-content-pos'><div class='av-inner-masonry-content-pos-content'><div class='avia-arrow'><\/div><h3 class='av-masonry-entry-title entry-title '  itemprop=\"headline\" >Tournage<\/h3><\/div><\/div><\/figcaption><\/figure><\/div><!--end av-masonry entry--><div id='av-masonry-1-item-365' data-av-masonry-item='365' class='av-masonry-entry isotope-item post-365 attachment type-attachment status-inherit hentry  av-masonry-item-with-image'    itemprop=\"thumbnailUrl\" ><div class='av-inner-masonry-sizer'><\/div><figure class='av-inner-masonry main_color'><div class=\"av-masonry-outerimage-container\"><div class='av-masonry-image-container' style=\"background-image: url(https:\/\/www.gimatengineering.com\/fr\/wp-content\/uploads\/2020\/09\/PROFIL-11.jpg);\"  title=\"Fraisage\" ><\/div><\/div><figcaption class='av-inner-masonry-content site-background'><div class='av-inner-masonry-content-pos'><div class='av-inner-masonry-content-pos-content'><div class='avia-arrow'><\/div><h3 class='av-masonry-entry-title entry-title '  itemprop=\"headline\" >Fraisage<\/h3><\/div><\/div><\/figcaption><\/figure><\/div><!--end av-masonry entry--><div id='av-masonry-1-item-355' data-av-masonry-item='355' class='av-masonry-entry isotope-item post-355 attachment type-attachment status-inherit hentry  av-masonry-item-with-image'    itemprop=\"thumbnailUrl\" ><div class='av-inner-masonry-sizer'><\/div><figure class='av-inner-masonry main_color'><div class=\"av-masonry-outerimage-container\"><div class='av-masonry-image-container' style=\"background-image: url(https:\/\/www.gimatengineering.com\/fr\/wp-content\/uploads\/2020\/09\/PROFIL-16-705x529.jpg);\"  title=\"Cintrage\" ><\/div><\/div><figcaption class='av-inner-masonry-content site-background'><div class='av-inner-masonry-content-pos'><div class='av-inner-masonry-content-pos-content'><div class='avia-arrow'><\/div><h3 class='av-masonry-entry-title entry-title '  itemprop=\"headline\" >Cintrage<\/h3><\/div><\/div><\/figcaption><\/figure><\/div><!--end av-masonry entry--><div id='av-masonry-1-item-363' data-av-masonry-item='363' class='av-masonry-entry isotope-item post-363 attachment type-attachment status-inherit hentry  av-masonry-item-with-image'    itemprop=\"thumbnailUrl\" ><div class='av-inner-masonry-sizer'><\/div><figure class='av-inner-masonry main_color'><div class=\"av-masonry-outerimage-container\"><div class='av-masonry-image-container' style=\"background-image: url(https:\/\/www.gimatengineering.com\/fr\/wp-content\/uploads\/2020\/09\/PROFIL-13-705x527.jpg);\"  title=\"Assemblage\" ><\/div><\/div><figcaption class='av-inner-masonry-content site-background'><div class='av-inner-masonry-content-pos'><div class='av-inner-masonry-content-pos-content'><div class='avia-arrow'><\/div><h3 class='av-masonry-entry-title entry-title '  itemprop=\"headline\" >Assemblage<\/h3><\/div><\/div><\/figcaption><\/figure><\/div><!--end av-masonry entry--><\/div><\/div><br \/>\n\n<style type=\"text\/css\" data-created_by=\"avia_inline_auto\" id=\"style-css-av-ksczffb3-455b8273a60f7c321bc080e3227bdad4\">\n#top .hr.av-ksczffb3-455b8273a60f7c321bc080e3227bdad4{\nmargin-top:20px;\nmargin-bottom:30px;\n}\n.hr.av-ksczffb3-455b8273a60f7c321bc080e3227bdad4 .hr-inner{\nwidth:50px;\nborder-color:#ffffff;\n}\n<\/style>\n<div  class='hr av-ksczffb3-455b8273a60f7c321bc080e3227bdad4 hr-custom  avia-builder-el-6  el_after_av_masonry_gallery  el_before_av_textblock  avia-builder-el-first  hr-center hr-icon-no'><span class='hr-inner inner-border-av-border-thin'><span class=\"hr-inner-style\"><\/span><\/span><\/div><br \/>\n<section  class='av_textblock_section av-3cubaw-96a7f1361549e00eb1e45821f1d5ae5e '   itemscope=\"itemscope\" itemtype=\"https:\/\/schema.org\/CreativeWork\" ><div class='avia_textblock'  itemprop=\"text\" ><h2>CE QUE NOUS FAISONS<\/h2>\n<p><strong>Nous concevons et r\u00e9alisons des syst\u00e8mes pour le transport, le dosage, le m\u00e9lange et le stockage de poudres, de granul\u00e9s, de produits broy\u00e9s, de m\u00e9langes et l\u2019automatisation correspondante \u00e0 l\u2019aide d\u2019automates PLC ou de pupitres \u00e0 ordinateur.<\/strong><\/p>\n<p>Gr\u00e2ce \u00e0 une exp\u00e9rience s&#8217;\u00e9tendant sur 40 ans, nous r\u00e9alisons \u00e9galement des installations dans lesquelles des \u00e9quipements con\u00e7us et produits par nos soins peuvent \u00eatre incorpor\u00e9s avec ceux d&#8217;autres fabricants.<\/p>\n<p>Les machines et les accessoires de tierces parties sont fournies, si c&#8217;est n\u00e9cessaire, pour compl\u00e9ter l&#8217;installation, au cas o\u00f9 notre gamme de production ne pr\u00e9voirait pas ou pr\u00e9senterait des dimensions et\/ou des capacit\u00e9s diff\u00e9rentes de celles qui sont exig\u00e9es.<\/p>\n<p>Plus pr\u00e9cis\u00e9ment, nous trouvons\u00a0:<\/p>\n<ul>\n<li><strong>Videur de big bag<\/strong><\/li>\n<li><strong>Syst\u00e8mes de broyage de big bags agglom\u00e9r\u00e9s<\/strong><\/li>\n<li><strong>Remplisseur de Big bags<\/strong><\/li>\n<li><strong>Convoyeurs flexibles \u00e0 vis<\/strong><\/li>\n<li><strong>Convoyeur \u00e0 vis sans fin sans arbre<\/strong><\/li>\n<li><strong>Convoyeurs \u00e0 vis sans fin<\/strong><\/li>\n<li><strong>Transport pneumatique par aspiration ou sous pression<\/strong><\/li>\n<li><strong>Tr\u00e9mies vide sacs avec hottes aspirantes et non aspirantes en option, afin d\u2019\u00e9viter la dispersion des poudres dans l&#8217;environnement<\/strong><\/li>\n<li><strong>Extracteurs \u00e0 fond plat<\/strong><\/li>\n<li><strong>Doseurs volum\u00e9triques et gravim\u00e9triques, aussi bien en mode continu que par lots<\/strong><\/li>\n<li><strong>M\u00e9langeurs \u00e0 touret pour poudres, horizontaux et verticaux<\/strong><\/li>\n<li><strong>Balances semi-automatique d&#8217;ensachage \u00e0 gueule ouverte de 1 \u00e0 25 kg<\/strong><\/li>\n<li><strong>Remplisseurs \u00e0 vis sans fin<\/strong><\/li>\n<\/ul>\n<p><a href=\"https:\/\/www.ilrestodelcarlino.it\/bologna\/provincia\/2013\/06\/04\/898853-premio-mascagni-gimat-ozzano.shtml\">INTERVIEW AVEC LE JOURNAL \u00ab\u00a0IL RESTO DEL CARLINO<\/a>\u00a0\u00bb<\/p>\n<\/div><\/section><\/p><\/div>\n","protected":false},"excerpt":{"rendered":"","protected":false},"author":1,"featured_media":0,"parent":0,"menu_order":0,"comment_status":"closed","ping_status":"closed","template":"","meta":{"footnotes":""},"class_list":["post-248","page","type-page","status-publish","hentry"],"yoast_head":"<!-- This site is optimized with the Yoast SEO plugin v27.5 - https:\/\/yoast.com\/product\/yoast-seo-wordpress\/ -->\n<title>PROFIL - Gimat srl<\/title>\n<meta name=\"description\" content=\"Gimat est une entreprise sp\u00e9cialis\u00e9e dans la construction de syst\u00e8mes de transport, de dosage, de pesage et de m\u00e9lange pour le stockage de granul\u00e9s broy\u00e9s et de m\u00e9langes de poudres\" \/>\n<meta name=\"robots\" content=\"index, follow, max-snippet:-1, max-image-preview:large, max-video-preview:-1\" \/>\n<link rel=\"canonical\" href=\"https:\/\/www.gimatengineering.com\/fr\/profil\/\" \/>\n<meta property=\"og:locale\" content=\"en_GB\" \/>\n<meta property=\"og:type\" content=\"article\" \/>\n<meta property=\"og:title\" content=\"PROFIL - Gimat srl\" \/>\n<meta property=\"og:description\" content=\"Gimat est une entreprise sp\u00e9cialis\u00e9e dans la construction de syst\u00e8mes de transport, de dosage, de pesage et de m\u00e9lange pour le stockage de granul\u00e9s broy\u00e9s et de m\u00e9langes de poudres\" \/>\n<meta property=\"og:url\" content=\"https:\/\/www.gimatengineering.com\/fr\/profil\/\" \/>\n<meta property=\"og:site_name\" content=\"GIMAT\" \/>\n<meta property=\"article:modified_time\" content=\"2023-07-26T18:38:48+00:00\" \/>\n<meta name=\"twitter:card\" content=\"summary_large_image\" \/>\n<meta name=\"twitter:label1\" content=\"Estimated reading time\" \/>\n\t<meta name=\"twitter:data1\" content=\"6 minutes\" \/>\n<script type=\"application\/ld+json\" class=\"yoast-schema-graph\">{\"@context\":\"https:\\\/\\\/schema.org\",\"@graph\":[{\"@type\":\"WebPage\",\"@id\":\"https:\\\/\\\/www.gimatengineering.com\\\/fr\\\/profil\\\/\",\"url\":\"https:\\\/\\\/www.gimatengineering.com\\\/fr\\\/profil\\\/\",\"name\":\"PROFIL - Gimat srl\",\"isPartOf\":{\"@id\":\"https:\\\/\\\/www.gimatengineering.com\\\/fr\\\/#website\"},\"datePublished\":\"2015-10-21T10:34:01+00:00\",\"dateModified\":\"2023-07-26T18:38:48+00:00\",\"description\":\"Gimat est une entreprise sp\u00e9cialis\u00e9e dans la construction de syst\u00e8mes de transport, de dosage, de pesage et de m\u00e9lange pour le stockage de granul\u00e9s broy\u00e9s et de m\u00e9langes de poudres\",\"breadcrumb\":{\"@id\":\"https:\\\/\\\/www.gimatengineering.com\\\/fr\\\/profil\\\/#breadcrumb\"},\"inLanguage\":\"en-GB\",\"potentialAction\":[{\"@type\":\"ReadAction\",\"target\":[\"https:\\\/\\\/www.gimatengineering.com\\\/fr\\\/profil\\\/\"]}]},{\"@type\":\"BreadcrumbList\",\"@id\":\"https:\\\/\\\/www.gimatengineering.com\\\/fr\\\/profil\\\/#breadcrumb\",\"itemListElement\":[{\"@type\":\"ListItem\",\"position\":1,\"name\":\"Home\",\"item\":\"https:\\\/\\\/www.gimatengineering.com\\\/fr\\\/home\\\/\"},{\"@type\":\"ListItem\",\"position\":2,\"name\":\"PROFIL\"}]},{\"@type\":\"WebSite\",\"@id\":\"https:\\\/\\\/www.gimatengineering.com\\\/fr\\\/#website\",\"url\":\"https:\\\/\\\/www.gimatengineering.com\\\/fr\\\/\",\"name\":\"GIMAT\",\"description\":\"\",\"potentialAction\":[{\"@type\":\"SearchAction\",\"target\":{\"@type\":\"EntryPoint\",\"urlTemplate\":\"https:\\\/\\\/www.gimatengineering.com\\\/fr\\\/?s={search_term_string}\"},\"query-input\":{\"@type\":\"PropertyValueSpecification\",\"valueRequired\":true,\"valueName\":\"search_term_string\"}}],\"inLanguage\":\"en-GB\"}]}<\/script>\n<!-- \/ Yoast SEO plugin. -->","yoast_head_json":{"title":"PROFIL - Gimat srl","description":"Gimat est une entreprise sp\u00e9cialis\u00e9e dans la construction de syst\u00e8mes de transport, de dosage, de pesage et de m\u00e9lange pour le stockage de granul\u00e9s broy\u00e9s et de m\u00e9langes de poudres","robots":{"index":"index","follow":"follow","max-snippet":"max-snippet:-1","max-image-preview":"max-image-preview:large","max-video-preview":"max-video-preview:-1"},"canonical":"https:\/\/www.gimatengineering.com\/fr\/profil\/","og_locale":"en_GB","og_type":"article","og_title":"PROFIL - Gimat srl","og_description":"Gimat est une entreprise sp\u00e9cialis\u00e9e dans la construction de syst\u00e8mes de transport, de dosage, de pesage et de m\u00e9lange pour le stockage de granul\u00e9s broy\u00e9s et de m\u00e9langes de poudres","og_url":"https:\/\/www.gimatengineering.com\/fr\/profil\/","og_site_name":"GIMAT","article_modified_time":"2023-07-26T18:38:48+00:00","twitter_card":"summary_large_image","twitter_misc":{"Estimated reading time":"6 minutes"},"schema":{"@context":"https:\/\/schema.org","@graph":[{"@type":"WebPage","@id":"https:\/\/www.gimatengineering.com\/fr\/profil\/","url":"https:\/\/www.gimatengineering.com\/fr\/profil\/","name":"PROFIL - Gimat srl","isPartOf":{"@id":"https:\/\/www.gimatengineering.com\/fr\/#website"},"datePublished":"2015-10-21T10:34:01+00:00","dateModified":"2023-07-26T18:38:48+00:00","description":"Gimat est une entreprise sp\u00e9cialis\u00e9e dans la construction de syst\u00e8mes de transport, de dosage, de pesage et de m\u00e9lange pour le stockage de granul\u00e9s broy\u00e9s et de m\u00e9langes de poudres","breadcrumb":{"@id":"https:\/\/www.gimatengineering.com\/fr\/profil\/#breadcrumb"},"inLanguage":"en-GB","potentialAction":[{"@type":"ReadAction","target":["https:\/\/www.gimatengineering.com\/fr\/profil\/"]}]},{"@type":"BreadcrumbList","@id":"https:\/\/www.gimatengineering.com\/fr\/profil\/#breadcrumb","itemListElement":[{"@type":"ListItem","position":1,"name":"Home","item":"https:\/\/www.gimatengineering.com\/fr\/home\/"},{"@type":"ListItem","position":2,"name":"PROFIL"}]},{"@type":"WebSite","@id":"https:\/\/www.gimatengineering.com\/fr\/#website","url":"https:\/\/www.gimatengineering.com\/fr\/","name":"GIMAT","description":"","potentialAction":[{"@type":"SearchAction","target":{"@type":"EntryPoint","urlTemplate":"https:\/\/www.gimatengineering.com\/fr\/?s={search_term_string}"},"query-input":{"@type":"PropertyValueSpecification","valueRequired":true,"valueName":"search_term_string"}}],"inLanguage":"en-GB"}]}},"_links":{"self":[{"href":"https:\/\/www.gimatengineering.com\/fr\/wp-json\/wp\/v2\/pages\/248","targetHints":{"allow":["GET"]}}],"collection":[{"href":"https:\/\/www.gimatengineering.com\/fr\/wp-json\/wp\/v2\/pages"}],"about":[{"href":"https:\/\/www.gimatengineering.com\/fr\/wp-json\/wp\/v2\/types\/page"}],"author":[{"embeddable":true,"href":"https:\/\/www.gimatengineering.com\/fr\/wp-json\/wp\/v2\/users\/1"}],"replies":[{"embeddable":true,"href":"https:\/\/www.gimatengineering.com\/fr\/wp-json\/wp\/v2\/comments?post=248"}],"version-history":[{"count":2,"href":"https:\/\/www.gimatengineering.com\/fr\/wp-json\/wp\/v2\/pages\/248\/revisions"}],"predecessor-version":[{"id":3908,"href":"https:\/\/www.gimatengineering.com\/fr\/wp-json\/wp\/v2\/pages\/248\/revisions\/3908"}],"wp:attachment":[{"href":"https:\/\/www.gimatengineering.com\/fr\/wp-json\/wp\/v2\/media?parent=248"}],"curies":[{"name":"wp","href":"https:\/\/api.w.org\/{rel}","templated":true}]}}