{"id":1584,"date":"2021-05-05T10:00:30","date_gmt":"2021-05-05T08:00:30","guid":{"rendered":"https:\/\/www.gimatengineering.com\/fr\/?page_id=1584"},"modified":"2022-06-17T15:29:33","modified_gmt":"2022-06-17T13:29:33","slug":"contactez-nous","status":"publish","type":"page","link":"https:\/\/www.gimatengineering.com\/fr\/contactez-nous\/","title":{"rendered":"CONTACTEZ NOUS"},"content":{"rendered":"<div id='layer_slider_1'  class='avia-layerslider main_color avia-shadow  avia-builder-el-0  el_before_av_one_half  avia-builder-el-first  container_wrap sidebar_right'  style='height: 631px; max-width: 1300px; margin: 0 auto;'  ><\/div><div id='after_layer_slider_1'  class='main_color av_default_container_wrap container_wrap sidebar_right'  ><div class='container av-section-cont-open' ><div class='template-page content  av-content-small alpha units'><div class='post-entry post-entry-type-page post-entry-1584'><div class='entry-content-wrapper clearfix'>\n<div  class='flex_column av-88n9ds-1911d1f8001d08a6d472cf52948ebec3 av_one_half  avia-builder-el-1  el_after_av_layerslider  el_before_av_one_half  avia-builder-el-first  first flex_column_div  '     ><section  class='av_textblock_section av-kryjsw8k-5074c30169e5bd92c189af498ce44129 '   itemscope=\"itemscope\" itemtype=\"https:\/\/schema.org\/CreativeWork\" ><div class='avia_textblock'  itemprop=\"text\" ><h1 style=\"text-align: left;\">SI\u00c8GE SOCIAL GIMAT SRL<\/h1>\n<\/div><\/section><\/div>\n<div  class='flex_column av-5b0qy8-ffd5c6cc54a209cfc3cb9d23a3a0c813 av_one_half  avia-builder-el-3  el_after_av_one_half  el_before_av_one_half  flex_column_div  '     ><section  class='av_textblock_section av-kux5e8qv-77fd11d23a827745da627a4a0097317c '   itemscope=\"itemscope\" itemtype=\"https:\/\/schema.org\/CreativeWork\" ><div class='avia_textblock'  itemprop=\"text\" ><h1 style=\"text-align: left;\">FRANCE<\/h1>\n<\/div><\/section><\/div>\n<div  class='flex_column av-3mgyq8-ae57e42da9b6f961bdbca4fb9ad28fa2 av_one_half  avia-builder-el-5  el_after_av_one_half  el_before_av_one_half  first flex_column_div  column-top-margin'     ><section  class='av_textblock_section av-kryju66i-bc3bd24a8e4077e1d8b1833fed809013 '   itemscope=\"itemscope\" itemtype=\"https:\/\/schema.org\/CreativeWork\" ><div class='avia_textblock'  itemprop=\"text\" ><p>Via dell&#8217;Artigianato 1\/17<br \/>\n40064 Ozzano dell\u2019Emilia Loc. Ponte Rizzoli<br \/>\n(BO) Italy<br \/>\nTel <a href=\"tel:+39051799573\">+39 051.799573<\/a><br \/>\nTel <a href=\"tel:+390514695174\">+39 051.4695174<\/a><br \/>\nMail <a href=\"mailto:info@gimat.bo.it\" target=\"_blank\" rel=\"noopener\">info@gimat.bo.it<\/a><br \/>\nPec <a href=\"mailto:amministrazionegimat@pec.it\" target=\"_blank\" rel=\"noopener\">amministrazionegimat@pec.it<\/a><\/p>\n<p>P. IVA 00518241203<\/p>\n<\/div><\/section><\/div>\n<div  class='flex_column av-2hdmk0-7bf8ee4d911f5ae056525ba2e6fd8965 av_one_half  avia-builder-el-7  el_after_av_one_half  el_before_av_hr  flex_column_div  column-top-margin'     ><section  class='av_textblock_section av-kux5h8cq-994daf9f22cc3454e4753c07a8e52145 '   itemscope=\"itemscope\" itemtype=\"https:\/\/schema.org\/CreativeWork\" ><div class='avia_textblock'  itemprop=\"text\" ><p><strong>Jean-Pierre AMINEAU<\/strong><br \/>\nT\u00e9l. : 02 40 92 15 26<br \/>\nFax : 02 40 92 09 12<br \/>\nEmail: <a href=\"mailto:plastique@amineau.com\">plastique@amineau.com<\/a><\/p>\n<p><strong>Etienne PERIE<\/strong><br \/>\nT\u00e9l. : 02 40 92 15 26<br \/>\nFax : 02 40 92 09 12<br \/>\nEmail: <a href=\"mailto:e.perie@amineau.com\">e.perie@amineau.com<\/a><br \/>\nSite: <a href=\"http:\/\/www.amineau.net\/\" target=\"_blank\" rel=\"noopener\">www.amineau.com<\/a><\/p>\n<\/div><\/section><\/div>\n<style type=\"text\/css\" data-created_by=\"avia_inline_auto\" id=\"style-css-av-kt18wgn5-a0281c79f06fe0469aad5232ddf75edc\">\n#top .hr.av-kt18wgn5-a0281c79f06fe0469aad5232ddf75edc{\nmargin-top:20px;\nmargin-bottom:30px;\n}\n.hr.av-kt18wgn5-a0281c79f06fe0469aad5232ddf75edc .hr-inner{\nwidth:100px;\nborder-color:#745f7e;\n}\n<\/style>\n<div  class='hr av-kt18wgn5-a0281c79f06fe0469aad5232ddf75edc hr-custom  avia-builder-el-9  el_after_av_one_half  el_before_av_one_full  hr-center hr-icon-no'><span class='hr-inner inner-border-av-border-thin'><span class=\"hr-inner-style\"><\/span><\/span><\/div><\/p>\n\n<style type=\"text\/css\" data-created_by=\"avia_inline_auto\" id=\"style-css-av-34bghs-96002246df1c5d04606036474ae46619\">\n.flex_column.av-34bghs-96002246df1c5d04606036474ae46619{\nborder-radius:0px 0px 0px 0px;\npadding:0px 0px 0px 0px;\n}\n<\/style>\n<div  class='flex_column av-34bghs-96002246df1c5d04606036474ae46619 av_one_full  avia-builder-el-10  el_after_av_hr  el_before_av_three_fourth  first flex_column_div av-zero-column-padding  '     ><section  class='av_textblock_section av-kt18j5bi-a16d138697fe3a33c573e6ea63ff79e2 '   itemscope=\"itemscope\" itemtype=\"https:\/\/schema.org\/CreativeWork\" ><div class='avia_textblock'  itemprop=\"text\" ><h1 style=\"text-align: left;\">CONTACTEZ NOUS<\/h1>\n<\/div><\/section><\/div>\n\n<style type=\"text\/css\" data-created_by=\"avia_inline_auto\" id=\"style-css-av-30wn74-abd19732605a7247ffcad1dfa14d244d\">\n.flex_column.av-30wn74-abd19732605a7247ffcad1dfa14d244d{\nborder-radius:0px 0px 0px 0px;\npadding:0px 0px 0px 0px;\n}\n<\/style>\n<div  class='flex_column av-30wn74-abd19732605a7247ffcad1dfa14d244d av_three_fourth  avia-builder-el-12  el_after_av_one_full  el_before_av_hr  first flex_column_div av-zero-column-padding  column-top-margin'     ><\/div>\n\n<style type=\"text\/css\" data-created_by=\"avia_inline_auto\" id=\"style-css-av-kt18wgn5-a0281c79f06fe0469aad5232ddf75edc\">\n#top .hr.av-kt18wgn5-a0281c79f06fe0469aad5232ddf75edc{\nmargin-top:20px;\nmargin-bottom:30px;\n}\n.hr.av-kt18wgn5-a0281c79f06fe0469aad5232ddf75edc .hr-inner{\nwidth:100px;\nborder-color:#745f7e;\n}\n<\/style>\n<div  class='hr av-kt18wgn5-a0281c79f06fe0469aad5232ddf75edc hr-custom  avia-builder-el-14  el_after_av_three_fourth  el_before_av_one_full  hr-center hr-icon-no'><span class='hr-inner inner-border-av-border-thin'><span class=\"hr-inner-style\"><\/span><\/span><\/div>\n\n<style type=\"text\/css\" data-created_by=\"avia_inline_auto\" id=\"style-css-av-34bghs-96002246df1c5d04606036474ae46619\">\n.flex_column.av-34bghs-96002246df1c5d04606036474ae46619{\nborder-radius:0px 0px 0px 0px;\npadding:0px 0px 0px 0px;\n}\n<\/style>\n<div  class='flex_column av-34bghs-96002246df1c5d04606036474ae46619 av_one_full  avia-builder-el-15  el_after_av_hr  el_before_av_textblock  first flex_column_div av-zero-column-padding  '     ><section  class='av_textblock_section av-kt18j5bi-a16d138697fe3a33c573e6ea63ff79e2 '   itemscope=\"itemscope\" itemtype=\"https:\/\/schema.org\/CreativeWork\" ><div class='avia_textblock'  itemprop=\"text\" ><h1 style=\"text-align: left;\">Pour nous atteindre<\/h1>\n<\/div><\/section><\/div>\n<section  class='av_textblock_section av-kryjvmbg-effe4faff0f468702436862bc5628bc3 '   itemscope=\"itemscope\" itemtype=\"https:\/\/schema.org\/CreativeWork\" ><div class='avia_textblock'  itemprop=\"text\" ><p><br class=\"avia-permanent-lb\" \/><iframe loading=\"lazy\" style=\"border: 0;\" src=\"https:\/\/www.google.com\/maps\/embed?pb=!1m18!1m12!1m3!1d2847.226792773354!2d11.49232031486157!3d44.469523807279224!2m3!1f0!2f0!3f0!3m2!1i1024!2i768!4f13.1!3m3!1m2!1s0x477e291c3e656a1f%3A0x60a6b53f7f4f34e1!2sGimat+Srl!5e0!3m2!1sit!2sit!4v1459489318752\" width=\"600\" height=\"450\" frameborder=\"0\" allowfullscreen=\"allowfullscreen\"><\/iframe><\/p>\n<\/div><\/section>\n<section  class='av_textblock_section av-kryjwdgl-77de21d792c9b34b43b16ccbfcdee9d3 '   itemscope=\"itemscope\" itemtype=\"https:\/\/schema.org\/CreativeWork\" ><div class='avia_textblock'  itemprop=\"text\" ><p>Pour rejoindre GIMAT srl, que ce soit en venant du Nord ou du Sud, vous devez sortir de l&#8217;autoroute A14 Bologna-Ancona au p\u00e9age de San Lazzaro di Savena (BO).<\/p>\n<p>A la sortie de l&#8217;autoroute, vous vous trouverez d\u00e9j\u00e0 \u00e0 l&#8217;int\u00e9rieur de la rocade de Bologne. Allez tout droit et prenez la premi\u00e8re sortie (Sortie n\u00b013).<\/p>\n<p>Vous vous retrouverez \u00e0 un rond-point que vous devrez traverser jusqu&#8217;\u00e0 la deuxi\u00e8me sortie sur votre droite.<\/p>\n<p>Une fois sorti du rond-point, vous devrez continuer tout droit pendant quelques kilom\u00e8tres le long des rues Zucchi &#8211; Ristorone &#8211; Guelfa, en passant le long de la route sur un pont et en trouvant votre position. \u00e0 droite un restaurant.<\/p>\n<p>Lorsque vous arrivez au rond-point suivant, continuez tout droit dans via Stradelli Guelfi, sur quelques kilom\u00e8tres suppl\u00e9mentaires, en passant une station-service sur la Vs. juste apr\u00e8s quoi vous trouverez le signe GIMAT toujours \u00e0 votre droit. L&#8217;entr\u00e9e des bureaux se trouve dans la Via dell&#8217;Artigianato n\u00b0 17 tandis que l&#8217;entrep\u00f4t a l&#8217;entr\u00e9e au num\u00e9ro 1.<\/p>\n<p>Au retour, continuez en sens inverse jusqu&#8217;au premier rond-point rencontr\u00e9 \u00e0 l&#8217;aller et \u00e0 cet endroit, que vous deviez vous diriger vers le nord ou le sud, suivez les panneaux indiquant l&#8217;autoroute en direction d&#8217;Anc\u00f4ne.<\/p>\n<p>De cette fa\u00e7on, vous trouverez l&#8217;autoroute directement avec les branches pour Anc\u00f4ne et Milan sans avoir \u00e0 passer par la rocade de Bologne si vous vous dirigez vers le nord.<\/p>\n<\/div><\/section>\n\n<style type=\"text\/css\" data-created_by=\"avia_inline_auto\" id=\"style-css-av-kt18wgn5-a0281c79f06fe0469aad5232ddf75edc\">\n#top .hr.av-kt18wgn5-a0281c79f06fe0469aad5232ddf75edc{\nmargin-top:20px;\nmargin-bottom:30px;\n}\n.hr.av-kt18wgn5-a0281c79f06fe0469aad5232ddf75edc .hr-inner{\nwidth:100px;\nborder-color:#745f7e;\n}\n<\/style>\n<div  class='hr av-kt18wgn5-a0281c79f06fe0469aad5232ddf75edc hr-custom  avia-builder-el-19  el_after_av_textblock  avia-builder-el-last  hr-center hr-icon-no'><span class='hr-inner inner-border-av-border-thin'><span class=\"hr-inner-style\"><\/span><\/span><\/div>\n","protected":false},"excerpt":{"rendered":"","protected":false},"author":1,"featured_media":0,"parent":0,"menu_order":0,"comment_status":"closed","ping_status":"closed","template":"","meta":{"footnotes":""},"class_list":["post-1584","page","type-page","status-publish","hentry"],"yoast_head":"<!-- This site is optimized with the Yoast SEO plugin v27.5 - https:\/\/yoast.com\/product\/yoast-seo-wordpress\/ -->\n<title>SI\u00c8GE SOCIAL - Gimat srl<\/title>\n<meta name=\"description\" content=\"Comment arriver \u00e0 Gimat: Via dell&#039;Artigianato 1-17 Loc. Ponte Rizzoli Ozzano dell&#039;Emilia - Bologna -Italy - Tel +39 051 799573 - +39 051 4695174 Fax +39 051 798260\" \/>\n<meta name=\"robots\" content=\"index, follow, max-snippet:-1, max-image-preview:large, max-video-preview:-1\" \/>\n<link rel=\"canonical\" href=\"https:\/\/www.gimatengineering.com\/fr\/contactez-nous\/\" \/>\n<meta property=\"og:locale\" content=\"en_GB\" \/>\n<meta property=\"og:type\" content=\"article\" \/>\n<meta property=\"og:title\" content=\"SI\u00c8GE SOCIAL - Gimat srl\" \/>\n<meta property=\"og:description\" content=\"Comment arriver \u00e0 Gimat: Via dell&#039;Artigianato 1-17 Loc. Ponte Rizzoli Ozzano dell&#039;Emilia - Bologna -Italy - Tel +39 051 799573 - +39 051 4695174 Fax +39 051 798260\" \/>\n<meta property=\"og:url\" content=\"https:\/\/www.gimatengineering.com\/fr\/contactez-nous\/\" \/>\n<meta property=\"og:site_name\" content=\"GIMAT\" \/>\n<meta property=\"article:modified_time\" content=\"2022-06-17T13:29:33+00:00\" \/>\n<meta name=\"twitter:card\" content=\"summary_large_image\" \/>\n<meta name=\"twitter:label1\" content=\"Estimated reading time\" \/>\n\t<meta name=\"twitter:data1\" content=\"4 minutes\" \/>\n<script type=\"application\/ld+json\" class=\"yoast-schema-graph\">{\"@context\":\"https:\\\/\\\/schema.org\",\"@graph\":[{\"@type\":\"WebPage\",\"@id\":\"https:\\\/\\\/www.gimatengineering.com\\\/fr\\\/contactez-nous\\\/\",\"url\":\"https:\\\/\\\/www.gimatengineering.com\\\/fr\\\/contactez-nous\\\/\",\"name\":\"SI\u00c8GE SOCIAL - Gimat srl\",\"isPartOf\":{\"@id\":\"https:\\\/\\\/www.gimatengineering.com\\\/fr\\\/#website\"},\"datePublished\":\"2021-05-05T08:00:30+00:00\",\"dateModified\":\"2022-06-17T13:29:33+00:00\",\"description\":\"Comment arriver \u00e0 Gimat: Via dell'Artigianato 1-17 Loc. Ponte Rizzoli Ozzano dell'Emilia - Bologna -Italy - Tel +39 051 799573 - +39 051 4695174 Fax +39 051 798260\",\"breadcrumb\":{\"@id\":\"https:\\\/\\\/www.gimatengineering.com\\\/fr\\\/contactez-nous\\\/#breadcrumb\"},\"inLanguage\":\"en-GB\",\"potentialAction\":[{\"@type\":\"ReadAction\",\"target\":[\"https:\\\/\\\/www.gimatengineering.com\\\/fr\\\/contactez-nous\\\/\"]}]},{\"@type\":\"BreadcrumbList\",\"@id\":\"https:\\\/\\\/www.gimatengineering.com\\\/fr\\\/contactez-nous\\\/#breadcrumb\",\"itemListElement\":[{\"@type\":\"ListItem\",\"position\":1,\"name\":\"Home\",\"item\":\"https:\\\/\\\/www.gimatengineering.com\\\/fr\\\/home\\\/\"},{\"@type\":\"ListItem\",\"position\":2,\"name\":\"CONTACTEZ NOUS\"}]},{\"@type\":\"WebSite\",\"@id\":\"https:\\\/\\\/www.gimatengineering.com\\\/fr\\\/#website\",\"url\":\"https:\\\/\\\/www.gimatengineering.com\\\/fr\\\/\",\"name\":\"GIMAT\",\"description\":\"\",\"potentialAction\":[{\"@type\":\"SearchAction\",\"target\":{\"@type\":\"EntryPoint\",\"urlTemplate\":\"https:\\\/\\\/www.gimatengineering.com\\\/fr\\\/?s={search_term_string}\"},\"query-input\":{\"@type\":\"PropertyValueSpecification\",\"valueRequired\":true,\"valueName\":\"search_term_string\"}}],\"inLanguage\":\"en-GB\"}]}<\/script>\n<!-- \/ Yoast SEO plugin. -->","yoast_head_json":{"title":"SI\u00c8GE SOCIAL - Gimat srl","description":"Comment arriver \u00e0 Gimat: Via dell'Artigianato 1-17 Loc. Ponte Rizzoli Ozzano dell'Emilia - Bologna -Italy - Tel +39 051 799573 - +39 051 4695174 Fax +39 051 798260","robots":{"index":"index","follow":"follow","max-snippet":"max-snippet:-1","max-image-preview":"max-image-preview:large","max-video-preview":"max-video-preview:-1"},"canonical":"https:\/\/www.gimatengineering.com\/fr\/contactez-nous\/","og_locale":"en_GB","og_type":"article","og_title":"SI\u00c8GE SOCIAL - Gimat srl","og_description":"Comment arriver \u00e0 Gimat: Via dell'Artigianato 1-17 Loc. Ponte Rizzoli Ozzano dell'Emilia - Bologna -Italy - Tel +39 051 799573 - +39 051 4695174 Fax +39 051 798260","og_url":"https:\/\/www.gimatengineering.com\/fr\/contactez-nous\/","og_site_name":"GIMAT","article_modified_time":"2022-06-17T13:29:33+00:00","twitter_card":"summary_large_image","twitter_misc":{"Estimated reading time":"4 minutes"},"schema":{"@context":"https:\/\/schema.org","@graph":[{"@type":"WebPage","@id":"https:\/\/www.gimatengineering.com\/fr\/contactez-nous\/","url":"https:\/\/www.gimatengineering.com\/fr\/contactez-nous\/","name":"SI\u00c8GE SOCIAL - Gimat srl","isPartOf":{"@id":"https:\/\/www.gimatengineering.com\/fr\/#website"},"datePublished":"2021-05-05T08:00:30+00:00","dateModified":"2022-06-17T13:29:33+00:00","description":"Comment arriver \u00e0 Gimat: Via dell'Artigianato 1-17 Loc. Ponte Rizzoli Ozzano dell'Emilia - Bologna -Italy - Tel +39 051 799573 - +39 051 4695174 Fax +39 051 798260","breadcrumb":{"@id":"https:\/\/www.gimatengineering.com\/fr\/contactez-nous\/#breadcrumb"},"inLanguage":"en-GB","potentialAction":[{"@type":"ReadAction","target":["https:\/\/www.gimatengineering.com\/fr\/contactez-nous\/"]}]},{"@type":"BreadcrumbList","@id":"https:\/\/www.gimatengineering.com\/fr\/contactez-nous\/#breadcrumb","itemListElement":[{"@type":"ListItem","position":1,"name":"Home","item":"https:\/\/www.gimatengineering.com\/fr\/home\/"},{"@type":"ListItem","position":2,"name":"CONTACTEZ NOUS"}]},{"@type":"WebSite","@id":"https:\/\/www.gimatengineering.com\/fr\/#website","url":"https:\/\/www.gimatengineering.com\/fr\/","name":"GIMAT","description":"","potentialAction":[{"@type":"SearchAction","target":{"@type":"EntryPoint","urlTemplate":"https:\/\/www.gimatengineering.com\/fr\/?s={search_term_string}"},"query-input":{"@type":"PropertyValueSpecification","valueRequired":true,"valueName":"search_term_string"}}],"inLanguage":"en-GB"}]}},"_links":{"self":[{"href":"https:\/\/www.gimatengineering.com\/fr\/wp-json\/wp\/v2\/pages\/1584","targetHints":{"allow":["GET"]}}],"collection":[{"href":"https:\/\/www.gimatengineering.com\/fr\/wp-json\/wp\/v2\/pages"}],"about":[{"href":"https:\/\/www.gimatengineering.com\/fr\/wp-json\/wp\/v2\/types\/page"}],"author":[{"embeddable":true,"href":"https:\/\/www.gimatengineering.com\/fr\/wp-json\/wp\/v2\/users\/1"}],"replies":[{"embeddable":true,"href":"https:\/\/www.gimatengineering.com\/fr\/wp-json\/wp\/v2\/comments?post=1584"}],"version-history":[{"count":2,"href":"https:\/\/www.gimatengineering.com\/fr\/wp-json\/wp\/v2\/pages\/1584\/revisions"}],"predecessor-version":[{"id":3638,"href":"https:\/\/www.gimatengineering.com\/fr\/wp-json\/wp\/v2\/pages\/1584\/revisions\/3638"}],"wp:attachment":[{"href":"https:\/\/www.gimatengineering.com\/fr\/wp-json\/wp\/v2\/media?parent=1584"}],"curies":[{"name":"wp","href":"https:\/\/api.w.org\/{rel}","templated":true}]}}