{"id":3659,"date":"2023-03-15T16:28:58","date_gmt":"2023-03-15T15:28:58","guid":{"rendered":"https:\/\/www.gimatengineering.com\/es\/?page_id=3659"},"modified":"2023-04-20T17:27:07","modified_gmt":"2023-04-20T15:27:07","slug":"valvula-de-guillotina","status":"publish","type":"page","link":"https:\/\/www.gimatengineering.com\/es\/valvula-de-guillotina\/","title":{"rendered":"V\u00e1lvula de guillotina"},"content":{"rendered":"<div id='layer_slider_1'  class='avia-layerslider main_color avia-shadow  avia-builder-el-0  el_before_av_one_full  avia-builder-el-first  container_wrap sidebar_right'  style='height: 721px; max-width: 1280px; margin: 0 auto;'  ><\/div><div id='after_layer_slider_1'  class='main_color av_default_container_wrap container_wrap sidebar_right'  ><div class='container av-section-cont-open' ><div class='template-page content  av-content-small alpha units'><div class='post-entry post-entry-type-page post-entry-3659'><div class='entry-content-wrapper clearfix'>\n<div class='flex_column_table av-pu0s-a184f03040aebb963e8c9709e784d540 sc-av_one_full av-equal-height-column-flextable'>\n<style type=\"text\/css\" data-created_by=\"avia_inline_auto\" id=\"style-css-av-pu0s-a184f03040aebb963e8c9709e784d540\">\n.flex_column.av-pu0s-a184f03040aebb963e8c9709e784d540{\nborder-radius:0px 0px 0px 0px;\npadding:0px 0px 0px 0px;\n}\n<\/style>\n<div  class='flex_column av-pu0s-a184f03040aebb963e8c9709e784d540 av_one_full  avia-builder-el-1  el_after_av_layerslider  el_before_av_one_full  avia-builder-el-first  first flex_column_table_cell av-equal-height-column av-align-top av-zero-column-padding  '     ><section  class='av_textblock_section av-kfcjj6kj-7e5f36580a22246a245dfaa24f34181c '   itemscope=\"itemscope\" itemtype=\"https:\/\/schema.org\/CreativeWork\" ><div class='avia_textblock'  itemprop=\"text\" ><h1><strong>V\u00c1LVULA DE GUILLOTINA<br \/>\n<\/strong><\/h1>\n<\/div><\/section><\/div><\/div><!--close column table wrapper. Autoclose: 1 -->\n\n<style type=\"text\/css\" data-created_by=\"avia_inline_auto\" id=\"style-css-av-9waxrh-9e5f262b2c3ba6a8710499997c501187\">\n.flex_column.av-9waxrh-9e5f262b2c3ba6a8710499997c501187{\nborder-radius:0px 0px 0px 0px;\npadding:0px 0px 0px 0px;\n}\n<\/style>\n<div  class='flex_column av-9waxrh-9e5f262b2c3ba6a8710499997c501187 av_one_full  avia-builder-el-3  el_after_av_one_full  el_before_av_one_full  first flex_column_div av-zero-column-padding  column-top-margin'     ><section  class='av_textblock_section av-lf9qy259-9deefa3d415619bd6349361648db6938 '   itemscope=\"itemscope\" itemtype=\"https:\/\/schema.org\/CreativeWork\" ><div class='avia_textblock'  itemprop=\"text\" >\n<style type=\"text\/css\" data-created_by=\"avia_inline_auto\" id=\"style-css-av-80rb6l-c02e475060ba21df8f4d3d91659c1dfb\">\n#top .av-special-heading.av-80rb6l-c02e475060ba21df8f4d3d91659c1dfb{\npadding-bottom:10px;\ncolor:#000000;\n}\nbody .av-special-heading.av-80rb6l-c02e475060ba21df8f4d3d91659c1dfb .av-special-heading-tag .heading-char{\nfont-size:25px;\n}\n.av-special-heading.av-80rb6l-c02e475060ba21df8f4d3d91659c1dfb .special-heading-inner-border{\nborder-color:#000000;\n}\n.av-special-heading.av-80rb6l-c02e475060ba21df8f4d3d91659c1dfb .av-subheading{\nfont-size:15px;\n}\n<\/style>\n<div  class='av-special-heading av-80rb6l-c02e475060ba21df8f4d3d91659c1dfb av-special-heading-h3 custom-color-heading  avia-builder-el-5  avia-builder-el-no-sibling '><h3 class='av-special-heading-tag '  itemprop=\"headline\"  >Ficha de datos<\/h3><div class=\"special-heading-border\"><div class=\"special-heading-inner-border\"><\/div><\/div><\/div>\n<\/div><\/section><\/div>\n\n<style type=\"text\/css\" data-created_by=\"avia_inline_auto\" id=\"style-css-av-g951w-c7be357eb197b1e0f6028f124e78a3b9\">\n.flex_column.av-g951w-c7be357eb197b1e0f6028f124e78a3b9{\nborder-radius:0px 0px 0px 0px;\npadding:0px 0px 0px 0px;\n}\n<\/style>\n<div  class='flex_column av-g951w-c7be357eb197b1e0f6028f124e78a3b9 av_one_full  avia-builder-el-6  el_after_av_one_full  el_before_av_one_half  first flex_column_div av-zero-column-padding  column-top-margin'     ><section  class='av_textblock_section av-lf9que5a-b8ac00ff973d10b56106b2a981d41d68 '   itemscope=\"itemscope\" itemtype=\"https:\/\/schema.org\/CreativeWork\" ><div class='avia_textblock'  itemprop=\"text\" ><p>Recientemente, Gimat ha introducido una gama de v\u00e1lvulas de guillotina, para incorporar en sus sistemas o para vender por separado, en cumplimiento de la directiva ATEX 2014\/34\/UE y MOCA 1935\/2004.<\/p>\n<p>Las v\u00e1lvulas de guillotina pasantes GIMAT est\u00e1n dise\u00f1adas para interceptar productos en forma de polvo o gr\u00e1nulos. Se colocan en el fondo de contenedores de almacenamiento o mezcladores de polvo. Con un kit adicional que permite ajustar el grado de apertura de la cuchilla, tambi\u00e9n pueden servir como dispositivo de dosificaci\u00f3n gruesa para productos que caen verticalmente<\/p>\n<p>La v\u00e1lvula de guillotina en cuesti\u00f3n tiene las siguientes caracter\u00edsticas que deben tenerse en cuenta a la hora de definir el dise\u00f1o:<\/p>\n<p>Presi\u00f3n de funcionamiento: Presi\u00f3n ambiente +\/- 0,3 bar &#8211; No certificada seg\u00fan la directiva ped 2014\/68\/ue.<\/p>\n<p>Temperatura de utilizaci\u00f3n: -5\u00b0<\/p>\n<p>Producto interceptado: S\u00f3lidos en polvo, gr\u00e1nulos y copos. No FLUIDOS<\/p>\n<\/div><\/section><\/div><div  class='flex_column av-4g7lyl-c23c939598d4475ef3a096e9b489cd8a av_one_half  avia-builder-el-8  el_after_av_one_full  el_before_av_one_half  first flex_column_div  column-top-margin'     ><p>\n<style type=\"text\/css\" data-created_by=\"avia_inline_auto\" id=\"style-css-av-lf9r56u7-f6b51867dd8eaedc6919cb26b21478ed\">\n#top .av-special-heading.av-lf9r56u7-f6b51867dd8eaedc6919cb26b21478ed{\npadding-bottom:10px;\n}\nbody .av-special-heading.av-lf9r56u7-f6b51867dd8eaedc6919cb26b21478ed .av-special-heading-tag .heading-char{\nfont-size:25px;\n}\n.av-special-heading.av-lf9r56u7-f6b51867dd8eaedc6919cb26b21478ed .av-subheading{\nfont-size:15px;\n}\n<\/style>\n<div  class='av-special-heading av-lf9r56u7-f6b51867dd8eaedc6919cb26b21478ed av-special-heading-h3  avia-builder-el-9  el_before_av_image  avia-builder-el-first '><h3 class='av-special-heading-tag '  itemprop=\"headline\"  >COMPARACI\u00d3N ENTRE GIMAT Y VALVULA DE GUILLOTINA CL\u00c1SICA<\/h3><div class=\"special-heading-border\"><div class=\"special-heading-inner-border\"><\/div><\/div><\/div><br \/>\n\n<style type=\"text\/css\" data-created_by=\"avia_inline_auto\" id=\"style-css-av-lf9rbqsh-b87101b6011cc34fbde175da0a2e4c56\">\n.avia-image-container.av-lf9rbqsh-b87101b6011cc34fbde175da0a2e4c56 img.avia_image{\nbox-shadow:none;\n}\n.avia-image-container.av-lf9rbqsh-b87101b6011cc34fbde175da0a2e4c56 .av-image-caption-overlay-center{\ncolor:#ffffff;\n}\n<\/style>\n<div  class='avia-image-container av-lf9rbqsh-b87101b6011cc34fbde175da0a2e4c56 av-styling- avia-align-center  avia-builder-el-10  el_after_av_heading  avia-builder-el-last '   itemprop=\"image\" itemscope=\"itemscope\" itemtype=\"https:\/\/schema.org\/ImageObject\" ><div class=\"avia-image-container-inner\"><div class=\"avia-image-overlay-wrap\"><img decoding=\"async\" fetchpriority=\"high\" class='wp-image-3699 avia-img-lazy-loading-not-3699 avia_image ' src=\"https:\/\/www.gimatengineering.com\/es\/wp-content\/uploads\/2023\/03\/valvola-a-ghigliottina-1-1.jpg\" alt='' title='valvola-a-ghigliottina-1'  height=\"1159\" width=\"1500\"  itemprop=\"thumbnailUrl\" srcset=\"https:\/\/www.gimatengineering.com\/es\/wp-content\/uploads\/2023\/03\/valvola-a-ghigliottina-1-1.jpg 1500w, https:\/\/www.gimatengineering.com\/es\/wp-content\/uploads\/2023\/03\/valvola-a-ghigliottina-1-1-300x232.jpg 300w, https:\/\/www.gimatengineering.com\/es\/wp-content\/uploads\/2023\/03\/valvola-a-ghigliottina-1-1-1030x796.jpg 1030w, https:\/\/www.gimatengineering.com\/es\/wp-content\/uploads\/2023\/03\/valvola-a-ghigliottina-1-1-768x593.jpg 768w, https:\/\/www.gimatengineering.com\/es\/wp-content\/uploads\/2023\/03\/valvola-a-ghigliottina-1-1-705x545.jpg 705w\" sizes=\"(max-width: 1500px) 100vw, 1500px\" \/><\/div><\/div><\/div><\/p><\/div><\/p>\n<div  class='flex_column av-2013jx-f15c116385f80d14b197328573ac139a av_one_half  avia-builder-el-11  el_after_av_one_half  el_before_av_textblock  flex_column_div  column-top-margin'     ><style type=\"text\/css\" data-created_by=\"avia_inline_auto\" id=\"style-css-av-lf9renvr-84132a5bf551b84baebc6465ae811429\">\n.avia-image-container.av-lf9renvr-84132a5bf551b84baebc6465ae811429 img.avia_image{\nbox-shadow:none;\n}\n.avia-image-container.av-lf9renvr-84132a5bf551b84baebc6465ae811429 .av-image-caption-overlay-center{\ncolor:#ffffff;\n}\n<\/style>\n<div  class='avia-image-container av-lf9renvr-84132a5bf551b84baebc6465ae811429 av-styling- avia-align-center  avia-builder-el-12  avia-builder-el-no-sibling '   itemprop=\"image\" itemscope=\"itemscope\" itemtype=\"https:\/\/schema.org\/ImageObject\" ><div class=\"avia-image-container-inner\"><div class=\"avia-image-overlay-wrap\"><img decoding=\"async\" fetchpriority=\"high\" class='wp-image-3731 avia-img-lazy-loading-not-3731 avia_image ' src=\"https:\/\/www.gimatengineering.com\/es\/wp-content\/uploads\/2023\/04\/valvula-1030x796.jpg\" alt='' title='valvula'  height=\"796\" width=\"1030\"  itemprop=\"thumbnailUrl\" srcset=\"https:\/\/www.gimatengineering.com\/es\/wp-content\/uploads\/2023\/04\/valvula-1030x796.jpg 1030w, https:\/\/www.gimatengineering.com\/es\/wp-content\/uploads\/2023\/04\/valvula-300x232.jpg 300w, https:\/\/www.gimatengineering.com\/es\/wp-content\/uploads\/2023\/04\/valvula-768x593.jpg 768w, https:\/\/www.gimatengineering.com\/es\/wp-content\/uploads\/2023\/04\/valvula-705x545.jpg 705w, https:\/\/www.gimatengineering.com\/es\/wp-content\/uploads\/2023\/04\/valvula.jpg 1500w\" sizes=\"(max-width: 1030px) 100vw, 1030px\" \/><\/div><\/div><\/div><\/div>\n<section  class='av_textblock_section av-lf9rsujz-fb9a1e60d7de0f8451213b1c434d5a29 '   itemscope=\"itemscope\" itemtype=\"https:\/\/schema.org\/CreativeWork\" ><div class='avia_textblock'  itemprop=\"text\" >\n<table id=\"tablepress-3\" class=\"tablepress tablepress-id-3\">\n<thead>\n<tr class=\"row-1\">\n\t<th class=\"column-1\">MODELO<\/th><th class=\"column-2\">(1) DIMENSIONES<\/th><th class=\"column-3\">(2) EQUILIBRADO<\/th><th class=\"column-4\">(3) LIMPIEZA F\u00c1CIL<\/th><th class=\"column-5\">(4) ACABADOS SUPERFICIALES <\/th>\n<\/tr>\n<\/thead>\n<tbody class=\"row-striping row-hover\">\n<tr class=\"row-2\">\n\t<td class=\"column-1\">V\u00c1LVULA DE GUILLOTINA GIMAT<br \/>\n<\/td><td class=\"column-2\">DIMENSIONES REDUCIDAS EN ALTURA Y LONGITUD. MAYORES DIMENSIONES EN LONGITUD. M\u00c1S COMPACTA Y M\u00c1S LIGERA PARA OPERACIONES FACILITADAS DE INSTALACI\u00d3N Y MANTENIMIENTO<\/td><td class=\"column-3\">PERFECTAMENTE EQUILIBRADA CON LOS DOS PISTONES LATERALES<\/td><td class=\"column-4\">AL PERMANECER LA HOJA SIEMPRE DENTRO DE LA GU\u00cdA, NO HAY ZONAS DE ACUMULACI\u00d3N DE MATERIAL<\/td><td class=\"column-5\">MATERIAL EN CONTACTO CON EL PRODUCTO EN ACERO INOXIDABLE AISI 304\/316 Y ACABADO SATINADO PARTES DE PL\u00c1STICO ID\u00d3NEAS PARA CONTACTO ALIMENTARIO, MECANIZADAS CON M\u00c1QUINA CON CNC (Computer Numerical Control)<\/td>\n<\/tr>\n<tr class=\"row-3\">\n\t<td class=\"column-1\">V\u00c1LVULA DE GUILLOTINA CL\u00c1SICA<\/td><td class=\"column-2\">NOTABLES DIMENSIONES EN LONGITUD. M\u00c1S COMPACTA EN ANCHURA<\/td><td class=\"column-3\">MUY DESEQUILIBRADA.<br \/>\nSUELE SER NECESARIO SOSTENER EL PIST\u00d3N CON UN SOPORTE NO SUMINISTRADO POR EL FABRICANTE DE LA V\u00c1LVULA<br \/>\n<br \/>\n<\/td><td class=\"column-4\">DURANTE LA FASE DE APERTURA, EL MATERIAL TIENDE A ACUMULARSE EN LA RANURA EN EL INTERIOR DEL CUERPO DE FUSI\u00d3N DE LA V\u00c1LVULA<\/td><td class=\"column-5\">EN PARTE MECANIZADA CON M\u00c1QUINA (CNC - Computer Numerical Control), EN PARTE FUSI\u00d3N DEJADA BRUTA<br \/>\n<br \/>\n<\/td>\n<\/tr>\n<\/tbody>\n<\/table>\n\n<\/div><\/section>\n<div  class='flex_column av-33ozwr-4a5fa1d4ced4a30e3b25ea99812cf913 av_one_full  avia-builder-el-14  el_after_av_textblock  el_before_av_one_fifth  first flex_column_div  column-top-margin'     ><style type=\"text\/css\" data-created_by=\"avia_inline_auto\" id=\"style-css-av-lf9uti4w-fcfce0a6bd32281ada7438499e81e943\">\n.avia-image-container.av-lf9uti4w-fcfce0a6bd32281ada7438499e81e943 img.avia_image{\nbox-shadow:none;\n}\n.avia-image-container.av-lf9uti4w-fcfce0a6bd32281ada7438499e81e943 .av-image-caption-overlay-center{\ncolor:#ffffff;\n}\n<\/style>\n<div  class='avia-image-container av-lf9uti4w-fcfce0a6bd32281ada7438499e81e943 av-styling- avia-align-center  avia-builder-el-15  avia-builder-el-no-sibling '   itemprop=\"image\" itemscope=\"itemscope\" itemtype=\"https:\/\/schema.org\/ImageObject\" ><div class=\"avia-image-container-inner\"><div class=\"avia-image-overlay-wrap\"><img decoding=\"async\" fetchpriority=\"high\" class='wp-image-3669 avia-img-lazy-loading-not-3669 avia_image ' src=\"https:\/\/www.gimatengineering.com\/es\/wp-content\/uploads\/2023\/03\/VG-DN-piccolajpg.jpg\" alt='' title='VG-DN-piccolajpg'  height=\"618\" width=\"800\"  itemprop=\"thumbnailUrl\" srcset=\"https:\/\/www.gimatengineering.com\/es\/wp-content\/uploads\/2023\/03\/VG-DN-piccolajpg.jpg 800w, https:\/\/www.gimatengineering.com\/es\/wp-content\/uploads\/2023\/03\/VG-DN-piccolajpg-300x232.jpg 300w, https:\/\/www.gimatengineering.com\/es\/wp-content\/uploads\/2023\/03\/VG-DN-piccolajpg-768x593.jpg 768w, https:\/\/www.gimatengineering.com\/es\/wp-content\/uploads\/2023\/03\/VG-DN-piccolajpg-705x545.jpg 705w\" sizes=\"(max-width: 800px) 100vw, 800px\" \/><\/div><\/div><\/div><\/div>\n<div  class='flex_column av-80vdsd-814caec6d15e21935fffc89fa841873f av_one_fifth  avia-builder-el-16  el_after_av_one_full  el_before_av_three_fifth  first flex_column_div  column-top-margin'     ><\/div>\n<div  class='flex_column av-693uwd-c7c11df8f75261b20f529dd795bb48cc av_three_fifth  avia-builder-el-17  el_after_av_one_fifth  el_before_av_one_fifth  flex_column_div  column-top-margin'     ><style type=\"text\/css\" data-created_by=\"avia_inline_auto\" id=\"style-css-av-4kpfkt-9f093ef043a0e19024a7944ecd14cf6e\">\n.avia-image-container.av-4kpfkt-9f093ef043a0e19024a7944ecd14cf6e img.avia_image{\nbox-shadow:none;\n}\n.avia-image-container.av-4kpfkt-9f093ef043a0e19024a7944ecd14cf6e .av-image-caption-overlay-center{\ncolor:#ffffff;\n}\n<\/style>\n<div  class='avia-image-container av-4kpfkt-9f093ef043a0e19024a7944ecd14cf6e av-styling- avia-align-center  avia-builder-el-18  avia-builder-el-no-sibling '   itemprop=\"image\" itemscope=\"itemscope\" itemtype=\"https:\/\/schema.org\/ImageObject\" ><div class=\"avia-image-container-inner\"><div class=\"avia-image-overlay-wrap\"><img decoding=\"async\" fetchpriority=\"high\" class='wp-image-3708 avia-img-lazy-loading-not-3708 avia_image ' src=\"https:\/\/www.gimatengineering.com\/es\/wp-content\/uploads\/2023\/03\/TABELLA-VG-DN-2020-2.jpg\" alt='' title='TABELLA-VG-DN-2020'  height=\"221\" width=\"800\"  itemprop=\"thumbnailUrl\" srcset=\"https:\/\/www.gimatengineering.com\/es\/wp-content\/uploads\/2023\/03\/TABELLA-VG-DN-2020-2.jpg 800w, https:\/\/www.gimatengineering.com\/es\/wp-content\/uploads\/2023\/03\/TABELLA-VG-DN-2020-2-300x83.jpg 300w, https:\/\/www.gimatengineering.com\/es\/wp-content\/uploads\/2023\/03\/TABELLA-VG-DN-2020-2-768x212.jpg 768w, https:\/\/www.gimatengineering.com\/es\/wp-content\/uploads\/2023\/03\/TABELLA-VG-DN-2020-2-705x195.jpg 705w\" sizes=\"(max-width: 800px) 100vw, 800px\" \/><\/div><\/div><\/div><\/div>\n<div  class='flex_column av-26zvbx-a435de2a350e7baef8732e8aa2a388cf av_one_fifth  avia-builder-el-19  el_after_av_three_fifth  el_before_av_one_full  flex_column_div  column-top-margin'     ><\/div>\n\n<style type=\"text\/css\" data-created_by=\"avia_inline_auto\" id=\"style-css-av-6ku9bb-dfdd4bd33550417d3872757ff35c71bb\">\n.flex_column.av-6ku9bb-dfdd4bd33550417d3872757ff35c71bb{\nborder-radius:0px 0px 0px 0px;\npadding:0px 0px 0px 0px;\n}\n<\/style>\n<div  class='flex_column av-6ku9bb-dfdd4bd33550417d3872757ff35c71bb av_one_full  avia-builder-el-20  el_after_av_one_fifth  el_before_av_hr  first flex_column_div av-zero-column-padding  column-top-margin'     ><p><section  class='av_textblock_section av-3ykp3r-742dd6563ad063cec34e3597de790d34 '   itemscope=\"itemscope\" itemtype=\"https:\/\/schema.org\/CreativeWork\" ><div class='avia_textblock'  itemprop=\"text\" >\n<style type=\"text\/css\" data-created_by=\"avia_inline_auto\" id=\"style-css-av-21phk7-521226d54995230adf919dc951439572\">\n#top .av-special-heading.av-21phk7-521226d54995230adf919dc951439572{\npadding-bottom:10px;\ncolor:#e8376c;\n}\nbody .av-special-heading.av-21phk7-521226d54995230adf919dc951439572 .av-special-heading-tag .heading-char{\nfont-size:25px;\n}\n.av-special-heading.av-21phk7-521226d54995230adf919dc951439572 .special-heading-inner-border{\nborder-color:#e8376c;\n}\n.av-special-heading.av-21phk7-521226d54995230adf919dc951439572 .av-subheading{\nfont-size:15px;\n}\n<\/style>\n<div  class='av-special-heading av-21phk7-521226d54995230adf919dc951439572 av-special-heading-h3 custom-color-heading  avia-builder-el-22  avia-builder-el-no-sibling '><h3 class='av-special-heading-tag '  itemprop=\"headline\"  >Pdf<\/h3><div class=\"special-heading-border\"><div class=\"special-heading-inner-border\"><\/div><\/div><\/div>\n<\/div><\/section><br \/>\n<section  class='av_textblock_section av-lf9styjw-15a4e65480fe43e83a6dea63aa3007b3 '   itemscope=\"itemscope\" itemtype=\"https:\/\/schema.org\/CreativeWork\" ><div class='avia_textblock'  itemprop=\"text\" ><p>Dowload<\/p>\n<p><a href=\"http:\/\/www.gimatengineering.com\/es\/wp-content\/uploads\/2023\/03\/accessori-1.pdf\">Accesorios<\/a><\/p>\n<\/div><\/section><\/p><\/div>\n<div  class='hr av-2hpgi5-c9d70f419b57ecea9a230abd132b7f6b hr-default  avia-builder-el-24  el_after_av_one_full  avia-builder-el-last '><span class='hr-inner '><span class=\"hr-inner-style\"><\/span><\/span><\/div>\n","protected":false},"excerpt":{"rendered":"","protected":false},"author":1,"featured_media":0,"parent":0,"menu_order":0,"comment_status":"closed","ping_status":"closed","template":"","meta":{"footnotes":""},"class_list":["post-3659","page","type-page","status-publish","hentry"],"yoast_head":"<!-- This site is optimized with the Yoast SEO plugin v26.8 - https:\/\/yoast.com\/product\/yoast-seo-wordpress\/ -->\n<title>V\u00c1LVULA DE GUILLOTINA - Gimat srl<\/title>\n<meta name=\"description\" content=\"Recientemente, Gimat ha introducido una gama de v\u00e1lvulas de guillotina, para incorporar en sus sistemas o para vender por separado\" \/>\n<meta name=\"robots\" content=\"index, follow, max-snippet:-1, max-image-preview:large, max-video-preview:-1\" \/>\n<link rel=\"canonical\" href=\"https:\/\/www.gimatengineering.com\/es\/valvula-de-guillotina\/\" \/>\n<meta property=\"og:locale\" content=\"en_GB\" \/>\n<meta property=\"og:type\" content=\"article\" \/>\n<meta property=\"og:title\" content=\"V\u00c1LVULA DE GUILLOTINA - Gimat srl\" \/>\n<meta property=\"og:description\" content=\"Recientemente, Gimat ha introducido una gama de v\u00e1lvulas de guillotina, para incorporar en sus sistemas o para vender por separado\" \/>\n<meta property=\"og:url\" content=\"https:\/\/www.gimatengineering.com\/es\/valvula-de-guillotina\/\" \/>\n<meta property=\"og:site_name\" content=\"GIMAT\" \/>\n<meta property=\"article:modified_time\" content=\"2023-04-20T15:27:07+00:00\" \/>\n<meta name=\"twitter:card\" content=\"summary_large_image\" \/>\n<meta name=\"twitter:label1\" content=\"Estimated reading time\" \/>\n\t<meta name=\"twitter:data1\" content=\"17 minutes\" \/>\n<script type=\"application\/ld+json\" class=\"yoast-schema-graph\">{\"@context\":\"https:\/\/schema.org\",\"@graph\":[{\"@type\":\"WebPage\",\"@id\":\"https:\/\/www.gimatengineering.com\/es\/valvula-de-guillotina\/\",\"url\":\"https:\/\/www.gimatengineering.com\/es\/valvula-de-guillotina\/\",\"name\":\"V\u00c1LVULA DE GUILLOTINA - Gimat srl\",\"isPartOf\":{\"@id\":\"https:\/\/www.gimatengineering.com\/es\/#website\"},\"datePublished\":\"2023-03-15T15:28:58+00:00\",\"dateModified\":\"2023-04-20T15:27:07+00:00\",\"description\":\"Recientemente, Gimat ha introducido una gama de v\u00e1lvulas de guillotina, para incorporar en sus sistemas o para vender por separado\",\"breadcrumb\":{\"@id\":\"https:\/\/www.gimatengineering.com\/es\/valvula-de-guillotina\/#breadcrumb\"},\"inLanguage\":\"en-GB\",\"potentialAction\":[{\"@type\":\"ReadAction\",\"target\":[\"https:\/\/www.gimatengineering.com\/es\/valvula-de-guillotina\/\"]}]},{\"@type\":\"BreadcrumbList\",\"@id\":\"https:\/\/www.gimatengineering.com\/es\/valvula-de-guillotina\/#breadcrumb\",\"itemListElement\":[{\"@type\":\"ListItem\",\"position\":1,\"name\":\"Home\",\"item\":\"https:\/\/www.gimatengineering.com\/es\/home\/\"},{\"@type\":\"ListItem\",\"position\":2,\"name\":\"V\u00e1lvula de guillotina\"}]},{\"@type\":\"WebSite\",\"@id\":\"https:\/\/www.gimatengineering.com\/es\/#website\",\"url\":\"https:\/\/www.gimatengineering.com\/es\/\",\"name\":\"GIMAT\",\"description\":\"\",\"potentialAction\":[{\"@type\":\"SearchAction\",\"target\":{\"@type\":\"EntryPoint\",\"urlTemplate\":\"https:\/\/www.gimatengineering.com\/es\/?s={search_term_string}\"},\"query-input\":{\"@type\":\"PropertyValueSpecification\",\"valueRequired\":true,\"valueName\":\"search_term_string\"}}],\"inLanguage\":\"en-GB\"}]}<\/script>\n<!-- \/ Yoast SEO plugin. -->","yoast_head_json":{"title":"V\u00c1LVULA DE GUILLOTINA - Gimat srl","description":"Recientemente, Gimat ha introducido una gama de v\u00e1lvulas de guillotina, para incorporar en sus sistemas o para vender por separado","robots":{"index":"index","follow":"follow","max-snippet":"max-snippet:-1","max-image-preview":"max-image-preview:large","max-video-preview":"max-video-preview:-1"},"canonical":"https:\/\/www.gimatengineering.com\/es\/valvula-de-guillotina\/","og_locale":"en_GB","og_type":"article","og_title":"V\u00c1LVULA DE GUILLOTINA - Gimat srl","og_description":"Recientemente, Gimat ha introducido una gama de v\u00e1lvulas de guillotina, para incorporar en sus sistemas o para vender por separado","og_url":"https:\/\/www.gimatengineering.com\/es\/valvula-de-guillotina\/","og_site_name":"GIMAT","article_modified_time":"2023-04-20T15:27:07+00:00","twitter_card":"summary_large_image","twitter_misc":{"Estimated reading time":"17 minutes"},"schema":{"@context":"https:\/\/schema.org","@graph":[{"@type":"WebPage","@id":"https:\/\/www.gimatengineering.com\/es\/valvula-de-guillotina\/","url":"https:\/\/www.gimatengineering.com\/es\/valvula-de-guillotina\/","name":"V\u00c1LVULA DE GUILLOTINA - Gimat srl","isPartOf":{"@id":"https:\/\/www.gimatengineering.com\/es\/#website"},"datePublished":"2023-03-15T15:28:58+00:00","dateModified":"2023-04-20T15:27:07+00:00","description":"Recientemente, Gimat ha introducido una gama de v\u00e1lvulas de guillotina, para incorporar en sus sistemas o para vender por separado","breadcrumb":{"@id":"https:\/\/www.gimatengineering.com\/es\/valvula-de-guillotina\/#breadcrumb"},"inLanguage":"en-GB","potentialAction":[{"@type":"ReadAction","target":["https:\/\/www.gimatengineering.com\/es\/valvula-de-guillotina\/"]}]},{"@type":"BreadcrumbList","@id":"https:\/\/www.gimatengineering.com\/es\/valvula-de-guillotina\/#breadcrumb","itemListElement":[{"@type":"ListItem","position":1,"name":"Home","item":"https:\/\/www.gimatengineering.com\/es\/home\/"},{"@type":"ListItem","position":2,"name":"V\u00e1lvula de guillotina"}]},{"@type":"WebSite","@id":"https:\/\/www.gimatengineering.com\/es\/#website","url":"https:\/\/www.gimatengineering.com\/es\/","name":"GIMAT","description":"","potentialAction":[{"@type":"SearchAction","target":{"@type":"EntryPoint","urlTemplate":"https:\/\/www.gimatengineering.com\/es\/?s={search_term_string}"},"query-input":{"@type":"PropertyValueSpecification","valueRequired":true,"valueName":"search_term_string"}}],"inLanguage":"en-GB"}]}},"_links":{"self":[{"href":"https:\/\/www.gimatengineering.com\/es\/wp-json\/wp\/v2\/pages\/3659","targetHints":{"allow":["GET"]}}],"collection":[{"href":"https:\/\/www.gimatengineering.com\/es\/wp-json\/wp\/v2\/pages"}],"about":[{"href":"https:\/\/www.gimatengineering.com\/es\/wp-json\/wp\/v2\/types\/page"}],"author":[{"embeddable":true,"href":"https:\/\/www.gimatengineering.com\/es\/wp-json\/wp\/v2\/users\/1"}],"replies":[{"embeddable":true,"href":"https:\/\/www.gimatengineering.com\/es\/wp-json\/wp\/v2\/comments?post=3659"}],"version-history":[{"count":13,"href":"https:\/\/www.gimatengineering.com\/es\/wp-json\/wp\/v2\/pages\/3659\/revisions"}],"predecessor-version":[{"id":3729,"href":"https:\/\/www.gimatengineering.com\/es\/wp-json\/wp\/v2\/pages\/3659\/revisions\/3729"}],"wp:attachment":[{"href":"https:\/\/www.gimatengineering.com\/es\/wp-json\/wp\/v2\/media?parent=3659"}],"curies":[{"name":"wp","href":"https:\/\/api.w.org\/{rel}","templated":true}]}}