{"id":302,"date":"2020-09-11T11:24:45","date_gmt":"2020-09-11T09:24:45","guid":{"rendered":"https:\/\/www.gimatengineering.com\/es\/?page_id=302"},"modified":"2021-11-07T16:23:36","modified_gmt":"2021-11-07T15:23:36","slug":"tolvas-para-vaciado-de-sacos","status":"publish","type":"page","link":"https:\/\/www.gimatengineering.com\/es\/tolvas-para-vaciado-de-sacos\/","title":{"rendered":"TOLVAS PARA VACIADO DE SACOS"},"content":{"rendered":"\n<style type=\"text\/css\" data-created_by=\"avia_inline_auto\" id=\"style-css-av-eiwb2-b72415399233d089fd6b4fc8e2d3e183\">\n.flex_column.av-eiwb2-b72415399233d089fd6b4fc8e2d3e183{\nborder-radius:0px 0px 0px 0px;\npadding:0px 0px 0px 0px;\n}\n<\/style>\n<div  class='flex_column av-eiwb2-b72415399233d089fd6b4fc8e2d3e183 av_one_full  avia-builder-el-0  el_before_av_textblock  avia-builder-el-first  first flex_column_div av-zero-column-padding  '     ><style type=\"text\/css\" data-created_by=\"avia_inline_auto\" id=\"style-css-av-kr9fmt2i-def70ee424e13c8aeecec26078e73022\">\n#top .av-special-heading.av-kr9fmt2i-def70ee424e13c8aeecec26078e73022{\npadding-bottom:10px;\n}\nbody .av-special-heading.av-kr9fmt2i-def70ee424e13c8aeecec26078e73022 .av-special-heading-tag .heading-char{\nfont-size:25px;\n}\n.av-special-heading.av-kr9fmt2i-def70ee424e13c8aeecec26078e73022 .av-subheading{\nfont-size:15px;\n}\n<\/style>\n<div  class='av-special-heading av-kr9fmt2i-def70ee424e13c8aeecec26078e73022 av-special-heading-h1 blockquote modern-quote  avia-builder-el-1  avia-builder-el-no-sibling '><h1 class='av-special-heading-tag '  itemprop=\"headline\"  >TOLVAS PARA VACIADO DE SACOS<\/h1><div class=\"special-heading-border\"><div class=\"special-heading-inner-border\"><\/div><\/div><\/div><\/div><section  class='av_textblock_section av-kr9fjs09-ddfc31f42a8d11c863df4c99eb74b232 '   itemscope=\"itemscope\" itemtype=\"https:\/\/schema.org\/CreativeWork\" ><div class='avia_textblock'  itemprop=\"text\" ><p>Cuando la materia prima llega al cliente en sacos y no en Big Bags, GIMAT proyecta y realiza, bajo pedido, las <a href=\"https:\/\/www.gimatengineering.com\/es\/tolvas-vacia-sacos\/\"><strong>tolvas para el vaciado de sacos<\/strong><\/a> y el almacenaje de polvos con los vol\u00famenes necesarios para obtener sistemas de conexi\u00f3n id\u00f3neos con sus sistemas de transporte de productos en polvo.<\/p>\n<p>El proyecto de la tolva requiere conocer el tipo de polvos almacenados y, en funci\u00f3n del deslizamiento de estos, se har\u00e1 la elecci\u00f3n del tipo m\u00e1s id\u00f3neo para el vaciado que utilizar como, por ejemplo,<a href=\"https:\/\/www.gimatengineering.com\/es\/extractores-con-fondo-plano\/\"> los extractores con fondo plano<\/a>.<\/p>\n<\/div><\/section><\/p>\n","protected":false},"excerpt":{"rendered":"","protected":false},"author":1,"featured_media":0,"parent":0,"menu_order":0,"comment_status":"closed","ping_status":"closed","template":"","meta":{"footnotes":""},"class_list":["post-302","page","type-page","status-publish","hentry"],"yoast_head":"<!-- This site is optimized with the Yoast SEO plugin v26.8 - https:\/\/yoast.com\/product\/yoast-seo-wordpress\/ -->\n<title>TOLVAS PARA VACIADO DE SACOS - Gimat srl<\/title>\n<meta name=\"description\" content=\"GIMAT dise\u00f1a y fabrica, bajo pedido, tolvas para vaciado de sacos y almacenamiento de polvos de los vol\u00famenes necesarios\" \/>\n<meta name=\"robots\" content=\"index, follow, max-snippet:-1, max-image-preview:large, max-video-preview:-1\" \/>\n<link rel=\"canonical\" href=\"https:\/\/www.gimatengineering.com\/es\/tolvas-para-vaciado-de-sacos\/\" \/>\n<meta property=\"og:locale\" content=\"en_GB\" \/>\n<meta property=\"og:type\" content=\"article\" \/>\n<meta property=\"og:title\" content=\"TOLVAS PARA VACIADO DE SACOS - Gimat srl\" \/>\n<meta property=\"og:description\" content=\"GIMAT dise\u00f1a y fabrica, bajo pedido, tolvas para vaciado de sacos y almacenamiento de polvos de los vol\u00famenes necesarios\" \/>\n<meta property=\"og:url\" content=\"https:\/\/www.gimatengineering.com\/es\/tolvas-para-vaciado-de-sacos\/\" \/>\n<meta property=\"og:site_name\" content=\"GIMAT\" \/>\n<meta property=\"article:modified_time\" content=\"2021-11-07T15:23:36+00:00\" \/>\n<meta name=\"twitter:card\" content=\"summary_large_image\" \/>\n<script type=\"application\/ld+json\" class=\"yoast-schema-graph\">{\"@context\":\"https:\/\/schema.org\",\"@graph\":[{\"@type\":\"WebPage\",\"@id\":\"https:\/\/www.gimatengineering.com\/es\/tolvas-para-vaciado-de-sacos\/\",\"url\":\"https:\/\/www.gimatengineering.com\/es\/tolvas-para-vaciado-de-sacos\/\",\"name\":\"TOLVAS PARA VACIADO DE SACOS - Gimat srl\",\"isPartOf\":{\"@id\":\"https:\/\/www.gimatengineering.com\/es\/#website\"},\"datePublished\":\"2020-09-11T09:24:45+00:00\",\"dateModified\":\"2021-11-07T15:23:36+00:00\",\"description\":\"GIMAT dise\u00f1a y fabrica, bajo pedido, tolvas para vaciado de sacos y almacenamiento de polvos de los vol\u00famenes necesarios\",\"breadcrumb\":{\"@id\":\"https:\/\/www.gimatengineering.com\/es\/tolvas-para-vaciado-de-sacos\/#breadcrumb\"},\"inLanguage\":\"en-GB\",\"potentialAction\":[{\"@type\":\"ReadAction\",\"target\":[\"https:\/\/www.gimatengineering.com\/es\/tolvas-para-vaciado-de-sacos\/\"]}]},{\"@type\":\"BreadcrumbList\",\"@id\":\"https:\/\/www.gimatengineering.com\/es\/tolvas-para-vaciado-de-sacos\/#breadcrumb\",\"itemListElement\":[{\"@type\":\"ListItem\",\"position\":1,\"name\":\"Home\",\"item\":\"https:\/\/www.gimatengineering.com\/es\/home\/\"},{\"@type\":\"ListItem\",\"position\":2,\"name\":\"TOLVAS PARA VACIADO DE SACOS\"}]},{\"@type\":\"WebSite\",\"@id\":\"https:\/\/www.gimatengineering.com\/es\/#website\",\"url\":\"https:\/\/www.gimatengineering.com\/es\/\",\"name\":\"GIMAT\",\"description\":\"\",\"potentialAction\":[{\"@type\":\"SearchAction\",\"target\":{\"@type\":\"EntryPoint\",\"urlTemplate\":\"https:\/\/www.gimatengineering.com\/es\/?s={search_term_string}\"},\"query-input\":{\"@type\":\"PropertyValueSpecification\",\"valueRequired\":true,\"valueName\":\"search_term_string\"}}],\"inLanguage\":\"en-GB\"}]}<\/script>\n<!-- \/ Yoast SEO plugin. -->","yoast_head_json":{"title":"TOLVAS PARA VACIADO DE SACOS - Gimat srl","description":"GIMAT dise\u00f1a y fabrica, bajo pedido, tolvas para vaciado de sacos y almacenamiento de polvos de los vol\u00famenes necesarios","robots":{"index":"index","follow":"follow","max-snippet":"max-snippet:-1","max-image-preview":"max-image-preview:large","max-video-preview":"max-video-preview:-1"},"canonical":"https:\/\/www.gimatengineering.com\/es\/tolvas-para-vaciado-de-sacos\/","og_locale":"en_GB","og_type":"article","og_title":"TOLVAS PARA VACIADO DE SACOS - Gimat srl","og_description":"GIMAT dise\u00f1a y fabrica, bajo pedido, tolvas para vaciado de sacos y almacenamiento de polvos de los vol\u00famenes necesarios","og_url":"https:\/\/www.gimatengineering.com\/es\/tolvas-para-vaciado-de-sacos\/","og_site_name":"GIMAT","article_modified_time":"2021-11-07T15:23:36+00:00","twitter_card":"summary_large_image","schema":{"@context":"https:\/\/schema.org","@graph":[{"@type":"WebPage","@id":"https:\/\/www.gimatengineering.com\/es\/tolvas-para-vaciado-de-sacos\/","url":"https:\/\/www.gimatengineering.com\/es\/tolvas-para-vaciado-de-sacos\/","name":"TOLVAS PARA VACIADO DE SACOS - Gimat srl","isPartOf":{"@id":"https:\/\/www.gimatengineering.com\/es\/#website"},"datePublished":"2020-09-11T09:24:45+00:00","dateModified":"2021-11-07T15:23:36+00:00","description":"GIMAT dise\u00f1a y fabrica, bajo pedido, tolvas para vaciado de sacos y almacenamiento de polvos de los vol\u00famenes necesarios","breadcrumb":{"@id":"https:\/\/www.gimatengineering.com\/es\/tolvas-para-vaciado-de-sacos\/#breadcrumb"},"inLanguage":"en-GB","potentialAction":[{"@type":"ReadAction","target":["https:\/\/www.gimatengineering.com\/es\/tolvas-para-vaciado-de-sacos\/"]}]},{"@type":"BreadcrumbList","@id":"https:\/\/www.gimatengineering.com\/es\/tolvas-para-vaciado-de-sacos\/#breadcrumb","itemListElement":[{"@type":"ListItem","position":1,"name":"Home","item":"https:\/\/www.gimatengineering.com\/es\/home\/"},{"@type":"ListItem","position":2,"name":"TOLVAS PARA VACIADO DE SACOS"}]},{"@type":"WebSite","@id":"https:\/\/www.gimatengineering.com\/es\/#website","url":"https:\/\/www.gimatengineering.com\/es\/","name":"GIMAT","description":"","potentialAction":[{"@type":"SearchAction","target":{"@type":"EntryPoint","urlTemplate":"https:\/\/www.gimatengineering.com\/es\/?s={search_term_string}"},"query-input":{"@type":"PropertyValueSpecification","valueRequired":true,"valueName":"search_term_string"}}],"inLanguage":"en-GB"}]}},"_links":{"self":[{"href":"https:\/\/www.gimatengineering.com\/es\/wp-json\/wp\/v2\/pages\/302","targetHints":{"allow":["GET"]}}],"collection":[{"href":"https:\/\/www.gimatengineering.com\/es\/wp-json\/wp\/v2\/pages"}],"about":[{"href":"https:\/\/www.gimatengineering.com\/es\/wp-json\/wp\/v2\/types\/page"}],"author":[{"embeddable":true,"href":"https:\/\/www.gimatengineering.com\/es\/wp-json\/wp\/v2\/users\/1"}],"replies":[{"embeddable":true,"href":"https:\/\/www.gimatengineering.com\/es\/wp-json\/wp\/v2\/comments?post=302"}],"version-history":[{"count":0,"href":"https:\/\/www.gimatengineering.com\/es\/wp-json\/wp\/v2\/pages\/302\/revisions"}],"wp:attachment":[{"href":"https:\/\/www.gimatengineering.com\/es\/wp-json\/wp\/v2\/media?parent=302"}],"curies":[{"name":"wp","href":"https:\/\/api.w.org\/{rel}","templated":true}]}}