{"id":3,"date":"2020-07-27T17:22:25","date_gmt":"2020-07-27T15:22:25","guid":{"rendered":"http:\/\/gimatengineering.it\/?page_id=3"},"modified":"2021-11-07T11:40:07","modified_gmt":"2021-11-07T10:40:07","slug":"privacy","status":"publish","type":"page","link":"https:\/\/www.gimatengineering.com\/es\/privacy\/","title":{"rendered":"PRIVACY"},"content":{"rendered":"\n<style type=\"text\/css\" data-created_by=\"avia_inline_auto\" id=\"style-css-av-2imv-1659699d0a5427d6e75eddd8d4c82f55\">\n.flex_column.av-2imv-1659699d0a5427d6e75eddd8d4c82f55{\nborder-radius:0px 0px 0px 0px;\npadding:0px 0px 0px 0px;\n}\n<\/style>\n<div  class='flex_column av-2imv-1659699d0a5427d6e75eddd8d4c82f55 av_one_full  avia-builder-el-0  el_before_av_textblock  avia-builder-el-first  first flex_column_div av-zero-column-padding  '     ><section  class='av_textblock_section av-krykkx4n-e228b24622c558d4eb85ec15a1bbd2fd '   itemscope=\"itemscope\" itemtype=\"https:\/\/schema.org\/CreativeWork\" ><div class='avia_textblock'  itemprop=\"text\" ><h1 style=\"text-align: left;\">POL\u00cdTICA DE PRIVACIDAD<\/h1>\n<\/div><\/section><\/div>\n<section  class='av_textblock_section av-kryklhvl-8c34c2bb78216802dea9ac8e22d6df1d '   itemscope=\"itemscope\" itemtype=\"https:\/\/schema.org\/CreativeWork\" ><div class='avia_textblock'  itemprop=\"text\" ><p>La presente pol\u00edtica de privacidad se aplica exclusivamente a las actividades online del presente sitio web y afecta a los visitantes\/usuarios de dicho sitio web.<br \/>\nNo se aplica a la informaci\u00f3n recogida mediante canales diferentes al presente sitio web.<br \/>\nEl objetivo de la nota informativa sobre la privacidad es proporcionar la m\u00e1xima transparencia sobre la informaci\u00f3n recogida por el sitio web y acerca de c\u00f3mo la usa.<br \/>\nEl presente sitio web trata los datos en funci\u00f3n del consentimiento. Al usar o consultar el presente sitio web, los visitantes y los usuarios aceptan expl\u00edcitamente la presenta nota informativa sobre la privacidad y otorgan el consentimiento para el tratamiento de sus datos personales en los modos y los fines descritos a continuaci\u00f3n, incluida la posible difusi\u00f3n a terceros, cuando as\u00ed se requiera para la prestaci\u00f3n de un servicio. La comunicaci\u00f3n de los datos y, por consiguiente, el consentimiento para la recogida y el tratamiento de los datos es facultativa, el usuario puede denegar el consentimiento y revocar siempre un consentimiento concedido antes mediante CORREO ELECTR\u00d3NICO a <a href=\"mailto:info@gimat.bo.it\">info@gimat.bo.it<\/a><br \/>\nSin embargo, denegar el consentimiento puede comportar la imposibilidad de prestar algunos servicios y la experiencia de navegaci\u00f3n en el sitio web podr\u00eda resultar limitada.<br \/>\nDesde el 25 de mayo de 2018 (fecha de entrada en vigor del RGPD), el presente sitio web trata algunos datos en funci\u00f3n de los intereses leg\u00edtimos del responsable del tratamiento.<br \/>\nGIMAT SRL ha adoptado procedimientos y pol\u00edticas empresariales en cumplimiento con el Reglamento general de la Uni\u00f3n Europea sobre la protecci\u00f3n de datos (RGPD \u2013 Reg UE 2016\/679), para garantizar est\u00e1ndares elevados de seguridad y reglas destinadas a consentir un tratamiento adecuado de los datos personales.<br \/>\nSujetos autorizados al tratamiento de los datos:<br \/>\nLos datos son tratados por recursos internos y externos de las oficinas de la sociedad, identificados e instruidos adecuadamente, que act\u00faan en calidad de personal autorizado al tratamiento de los datos.<br \/>\nEl responsable de los datos es GIMAT srl, la sede de la recogida del tratamiento de los datos est\u00e1 ubicada en Ozzano dell\u2019Emilia (BO) Via dell\u2019Artigianato 1-17 40064 Loc. Ponte Rizzoli<br \/>\nPrincipales delegados externos: la empresa ha actuado una pol\u00edtica de gesti\u00f3n externa de los datos con encargos espec\u00edficos con sus proveedores de servicios o de quienes tratan tambi\u00e9n los datos del interesado temporalmente.<br \/>\nLa lista de los delegados externos para el tratamiento de los datos personales est\u00e1 disponible en la sede de Ozzano dell\u2019Emila contenida en el an\u00e1lisis de los riesgos.<br \/>\nGIMAT SRL se compromete a proteger los datos personales confiados a esta. Por consiguiente, la gesti\u00f3n y la seguridad de estos se garantizan prestando la m\u00e1xima atenci\u00f3n, en conformidad con lo establecido en la normativa de la privacidad (ej. Reglamento UE 2016\/679).<br \/>\nEsta nota informativa indica qui\u00e9nes somos, para qu\u00e9 fines podremos utilizar tus datos, c\u00f3mo los gestionamos, a qui\u00e9n se podr\u00edan comunicar;<br \/>\nGIMAT SRL utilizar\u00e1 tus datos exclusivamente para los siguientes fines:<br \/>\nFines inherentes a la gesti\u00f3n de la relaci\u00f3n contractual y a la prestaci\u00f3n del servicio elegido.<br \/>\nTus datos personales ser\u00e1n tratados para:<br \/>\n1 Realizar los tr\u00e1mites administrativos relativos a la determinaci\u00f3n de las acciones del contrato vigente, incluidos los pagos y las notificaciones legales a los organismos afectados.<br \/>\n2 Fines relacionados con actividades de marketing.<br \/>\nCon tu consentimiento espec\u00edfico, tus datos personales comunes se tratar\u00e1n para: encuestas de mercado, an\u00e1lisis econ\u00f3micos y estad\u00edsticos (por ejemplo, fichas relativas al tratamiento recibido); informaci\u00f3n comercial; actualizaci\u00f3n sobre iniciativas de marketing; env\u00edo de material publicitario\/informativo\/de promoci\u00f3n y actualizaciones sobre iniciativas, promociones y ofertas, tambi\u00e9n en relaci\u00f3n con programas y promociones, tambi\u00e9n online, destinados a premiar o fidelizar a los propios clientes e interesar a los propios contactos;<br \/>\n3 Fines relacionados con registros y tratamiento de la imagen.<br \/>\nCon tu consentimiento expl\u00edcito tus datos, como im\u00e1genes, fotos, audios y v\u00eddeos, se tratar\u00e1n para: elaboraci\u00f3n de ofertas y promoci\u00f3n de la empresa mediante folletos\/carpetas y otras formas de comunicaci\u00f3n dirigidas a los clientes.<br \/>\n4 Fines relacionados con actividades comerciales (inter\u00e9s leg\u00edtimo).<br \/>\nCon tu consentimiento expl\u00edcito tus datos personales ser\u00e1n tratados para fines comerciales, id\u00f3neos para la propuesta y la venta de servicios colaterales al contrato definido entre las partes, como servicio de posventa, asistencia, mantenimiento, tambi\u00e9n online a distancia o con otra tecnolog\u00eda futura.<br \/>\n5 Fines relacionados con los datos personales \u201csensibles\u201d, relativos al origen racial, a las opiniones pol\u00edticas, orientaciones sexuales y, asimismo, los datos, relativos a la salud e inherentes a la vida sexual del interesado, pueden ser tratados \u00fanicamente tras haber obtenido el consentimiento expreso. Los datos se tratar\u00e1n con la m\u00e1xima confidencialidad.<br \/>\nGIMAT SRL efectuar\u00e1 el tratamiento:<br \/>\n\u2022 sobre la base de tu consentimiento<br \/>\n\u2022 porque se han de cumplir las obligaciones legales, indicadas en el punto 1, que nos vinculan (por ej. obligaciones contables, retributivas, de previsi\u00f3n social, controles antiterrorismo, obligaci\u00f3n econ\u00f3mica):<br \/>\n\u2022 porque el tratamiento es necesario para perseguir un inter\u00e9s leg\u00edtimo (por ej. protecci\u00f3n y seguridad del patrimonio empresarial, prevenci\u00f3n de fraudes, protecci\u00f3n de los intereses estrat\u00e9gicos empresariales y relativas relaciones comerciales, protecci\u00f3n de los bienes empresariales de las empresas clientes).<br \/>\nDe ello deriva que la comunicaci\u00f3n de los datos personales es obligatoria para los fines indicados en el punto 1.<br \/>\nLos fines 2, 3, 4 y 5 no derivan de una obligaci\u00f3n legal y otorgar los relativos consentimientos es facultativo.<br \/>\nLa posible, parcial o total, no comunicaci\u00f3n de los datos comporta la parcial o total imposibilidad de cumplir los fines antedichos.<br \/>\nLa entidad y la conveniencia de los datos comunicados se evaluar\u00e1 en cada caso para determinar las decisiones derivadas y evitar el tratamiento de datos excedentes respecto de los fines establecidos.<br \/>\nNo utilizaremos tus datos personales para fines diferentes y adicionales a los descritos en la presente nota informativa, no se ceder\u00e1n a terceros, sin haberte informado de ello previamente y, cuando sea necesario, obteniendo tu consentimiento, y estar\u00e1n protegidos contra robos reales y virtuales.<br \/>\nEl objetivo de la pol\u00edtica de privacidad de GIMAT SRL es proteger los datos personales que nos conf\u00edan, fundando el tratamiento de dichos datos sobre principios de correcci\u00f3n, licitud y transparencia.<br \/>\nPor consiguiente, te informamos que tus datos personales ser\u00e1n tratados, mediante la utilizaci\u00f3n de herramientas y procedimientos id\u00f3neos para garantizar la m\u00e1xima seguridad y confidencialidad de estos, mediante archivos y soportes impresos, recurriendo a soportes digitales, medios inform\u00e1ticos y telem\u00e1ticos.<br \/>\nLas comunicaciones contempladas en el punto 2) podr\u00e1n efectuarse en los modos tradicionales (por ejemplo, correo postal, llamadas de tel\u00e9fono con operador), automatizado (por ejemplo, llamadas de tel\u00e9fono sin operador) y asimilables (por ejemplo, fax, correo electr\u00f3nico, sms, mms).<br \/>\nDe todas formas, quedas facultado\/a para ejercer el derecho de oposici\u00f3n que, en ausencia de indicaciones contrarias de tu parte, ata\u00f1e a las comunicaciones tradicionales y a las automatizadas.<br \/>\n\u00bfDurante cu\u00e1nto tiempo conserv\u00e1is mi informaci\u00f3n?<br \/>\nA contar a partir de la recepci\u00f3n\/actualizaci\u00f3n de tus datos personales, estos se conservar\u00e1n durante un periodo coherente con los fines de tratamiento indicados antes y despu\u00e9s ser\u00e1n cancelados o anonimizados. Para obtener informaci\u00f3n adicional, tambi\u00e9n en relaci\u00f3n con los criterios empleados para determinar dicho periodo, puedes consultar la secci\u00f3n espec\u00edfica de privacidad en el sitio web www.gimat.bo.it<br \/>\n\u00bfCu\u00e1les son mis derechos?<br \/>\nEn todo momento, tienes derecho a pedir:<br \/>\n\u2022 el acceso a sus datos personales;<br \/>\n\u2022 la rectificaci\u00f3n de estos en caso de imprecisi\u00f3n de estos;<br \/>\n\u2022 la cancelaci\u00f3n; (derecho al olvido)<br \/>\n\u2022 la limitaci\u00f3n del tratamiento de estos.<br \/>\nAsimismo, tienes:<br \/>\n\u2022 derecho a oponerte al tratamiento de estos: cuando se traten para fines de marketing directo;<br \/>\n\u2022 el derecho a la portabilidad de los datos, o a recibir, en un formato estructurado, de uso com\u00fan y lectura mec\u00e1nica, los datos personales que has proporcionado para transferirlos a otro organismo\/empresa<\/p>\n<p>C\u00f3mo actuaremos con el interesado?<br \/>\nNosotros nos encargaremos meticulosamente de tu solicitud para garantizar el ejercicio real de tus derechos.<br \/>\nPara todos los derechos de los interesados, el Reglamento contempla el plazo de un mes (que puede ampliarse hasta los tres meses en los casos complejos) para la respuesta por parte del responsable del tratamiento, tambi\u00e9n en caso de negativa.<br \/>\nEl responsable del tratamiento ha de informar a los interesados por escrito, tambi\u00e9n mediante herramientas electr\u00f3nicas; en forma oral solamente si as\u00ed lo requiere el interesado;<br \/>\nLa respuesta al interesado ha de ser inteligible, concisa, transparente, f\u00e1cilmente accesible y formulada usando un lenguaje simple y claro;<br \/>\nEl derecho de acceso del interesado comporta de todas formas el derecho a recibir una copia de los datos tratados gratis;<\/p>\n<p>El derecho al olvido, o sea el derecho de supresi\u00f3n de los datos, es m\u00e1s amplio respecto de lo que se establece en el C\u00f3digo (por ejemplo, el interesado puede solicitar la supresi\u00f3n de sus datos incluso tras la revocaci\u00f3n del consentimiento); por \u00faltimo, tienes derecho a presentar una reclamaci\u00f3n ante la autoridad de control nacional (autoridad de control de la privacidad).<\/p>\n<p>Puedo revocar mi consentimiento tras haberlo prestado?<br \/>\nAs\u00ed es, puedes revocar en todo momento tu consentimiento sin que ello pueda, sin embargo:<br \/>\n\u2022 perjudicar la licitud del tratamiento basado en el consentimiento prestado antes de la revocaci\u00f3n;<br \/>\n\u2022 perjudicar tratamientos adicionales de dichos datos fundados sobre otras bases jur\u00eddicas (por<br \/>\nejemplo, obligaciones contractuales u obligaciones legales).<\/p>\n<p>En caso de robo de datos, o violaci\u00f3n de la seguridad de los datos, el responsable dispone de 72 horas para comunicar el incidente ocurrido a las autoridades competentes y a los interesados<br \/>\nPara obtener m\u00e1s informaci\u00f3n sobre la presente nota informativa, sobre otros temas de privacidad o si quieres ejercer tus derechos o revocar tu consentimiento, puedes escribir directamente a la direcci\u00f3n de correo electr\u00f3nico info@gimat.bo.it.<br \/>\nEl responsable del tratamiento de los datos<br \/>\nGIMAT SRL<\/p>\n<\/div><\/section>\n\n<style type=\"text\/css\" data-created_by=\"avia_inline_auto\" id=\"style-css-av-2imv-1659699d0a5427d6e75eddd8d4c82f55\">\n.flex_column.av-2imv-1659699d0a5427d6e75eddd8d4c82f55{\nborder-radius:0px 0px 0px 0px;\npadding:0px 0px 0px 0px;\n}\n<\/style>\n<div  class='flex_column av-2imv-1659699d0a5427d6e75eddd8d4c82f55 av_one_full  avia-builder-el-3  el_after_av_textblock  el_before_av_textblock  first flex_column_div av-zero-column-padding  column-top-margin'     ><section  class='av_textblock_section av-krykkx4n-e228b24622c558d4eb85ec15a1bbd2fd '   itemscope=\"itemscope\" itemtype=\"https:\/\/schema.org\/CreativeWork\" ><div class='avia_textblock'  itemprop=\"text\" ><h1><span lang=\"ES\">POL\u00cdTICA DE COOKIES<\/span><\/h1>\n<\/div><\/section><\/div><section  class='av_textblock_section av-kryklhvl-8c34c2bb78216802dea9ac8e22d6df1d '   itemscope=\"itemscope\" itemtype=\"https:\/\/schema.org\/CreativeWork\" ><div class='avia_textblock'  itemprop=\"text\" ><p>Como es usual en todos los sitios web, tambi\u00e9n este sitio web usa cookies, que son peque\u00f1os archivos de texto que permiten almacenar informaci\u00f3n sobre las preferencias de los visitantes, para mejorar el funcionamiento del sitio web, para facilitar la navegaci\u00f3n, automatizando los procedimientos (por ejemplo, inicio sesi\u00f3n, idioma del sitio web) y para el an\u00e1lisis del sitio web.<\/p>\n<p>Las cookies de sesi\u00f3n son fundamentales para reconocer a los usuarios conectados, y son \u00fatiles para evitar que una funci\u00f3n demandada pueda ser proporcionada al usuario err\u00f3neo, y para fines de seguridad para evitar ataques inform\u00e1ticos al sitio web.<\/p>\n<p>Las cookies de sesi\u00f3n no contienen datos personales y duran \u00fanicamente durante la sesi\u00f3n en curso, o sea hasta el cierre del navegador. No requieren el consentimiento.<\/p>\n<p>Las cookies de funcionalidad, utilizadas en el sitio web, son estrictamente necesarias para el uso de este y, en particular, est\u00e1n relacionadas con una demanda expresa de funciones por parte del usuario (como el inicio sesi\u00f3n) para lo cual no se necesita consentimiento.<\/p>\n<p>Las cookies est\u00e1n conectadas al navegador utilizado y PUEDEN DESHABILITARSE DIRECTAMENTE EN EL NAVEGADOR, rechazando\/revocando as\u00ed el consentimiento al uso de las cookies.<\/p>\n<p>Se debe tomar en consideraci\u00f3n que la deshabilitaci\u00f3n de las cookies podr\u00eda impedir la utilizaci\u00f3n correcta de algunas funciones del sitio web. El presente sitio web desempe\u00f1a tambi\u00e9n el papel de intermediario para las cookies de terceros, utilizadas para poder ofrecer servicios y funciones adicionales a los visitantes, y para mejorar el uso de dicho sitio, tales como los botones para las redes sociales, o los v\u00eddeos.<\/p>\n<p>Este sitio web no ejerce ning\u00fan control sobre las cookies de terceros, que est\u00e1n gestionadas totalmente por terceros.<\/p>\n<p>Por consiguiente, la informaci\u00f3n sobre el uso de dichas cookies y sobre los fines de estas y sobre los modos para la posible deshabilitaci\u00f3n de estas se proporciona directamente por parte de terceros en las p\u00e1ginas indicadas a continuaci\u00f3n.<\/p>\n<p>En particular, el presente sitio web utiliza cookies de los siguientes terceros:<\/p>\n<p>\u2013 Google Analytics: una herramienta de an\u00e1lisis de Google que, mediante el uso de cookies (performance cookies), recoge datos de navegaci\u00f3n an\u00f3nimos (IP cortadas en el \u00faltimo octeto) y, exclusivamente, agregados, para examinar el uso del sitio web por parte de los usuarios, cumplimentar informes sobre las actividades en el sitio web y proporcionar otra informaci\u00f3n, incluido el n\u00famero de visitantes y las p\u00e1ginas visitadas.<\/p>\n<p>Asimismo, Google puede transferir esta informaci\u00f3n a terceros cuando as\u00ed lo imponga la ley o cuando dichos terceros traten la antedicha informaci\u00f3n por cuenta de Google. Google no asociar\u00e1 la direcci\u00f3n IP a otros datos pose\u00eddos por Google. Los datos transmitidos a Google est\u00e1n depositados en los servidores de Google en los Estados Unidos.<\/p>\n<p>Seg\u00fan el acuerdo espec\u00edfico con Google, que es nombrado delegado del tratamiento de los datos, Google se compromete a tratar los datos en funci\u00f3n de las exigencias del responsable (consultar al final la nota informativa), impartidas mediante las configuraciones del software. En funci\u00f3n de dichas configuraciones las opciones publicitarias y para compartir datos est\u00e1n desactivadas.<\/p>\n<\/div><\/section><\/p>\n","protected":false},"excerpt":{"rendered":"","protected":false},"author":1,"featured_media":0,"parent":0,"menu_order":0,"comment_status":"closed","ping_status":"closed","template":"","meta":{"footnotes":""},"class_list":["post-3","page","type-page","status-publish","hentry"],"yoast_head":"<!-- This site is optimized with the Yoast SEO plugin v26.8 - https:\/\/yoast.com\/product\/yoast-seo-wordpress\/ -->\n<title>PRIVACY - GIMAT<\/title>\n<meta name=\"robots\" content=\"index, follow, max-snippet:-1, max-image-preview:large, max-video-preview:-1\" \/>\n<link rel=\"canonical\" href=\"https:\/\/www.gimatengineering.com\/es\/privacy\/\" \/>\n<meta property=\"og:locale\" content=\"en_GB\" \/>\n<meta property=\"og:type\" content=\"article\" \/>\n<meta property=\"og:title\" content=\"PRIVACY - GIMAT\" \/>\n<meta property=\"og:url\" content=\"https:\/\/www.gimatengineering.com\/es\/privacy\/\" \/>\n<meta property=\"og:site_name\" content=\"GIMAT\" \/>\n<meta property=\"article:modified_time\" content=\"2021-11-07T10:40:07+00:00\" \/>\n<meta name=\"twitter:card\" content=\"summary_large_image\" \/>\n<meta name=\"twitter:label1\" content=\"Estimated reading time\" \/>\n\t<meta name=\"twitter:data1\" content=\"13 minutes\" \/>\n<script type=\"application\/ld+json\" class=\"yoast-schema-graph\">{\"@context\":\"https:\/\/schema.org\",\"@graph\":[{\"@type\":\"WebPage\",\"@id\":\"https:\/\/www.gimatengineering.com\/es\/privacy\/\",\"url\":\"https:\/\/www.gimatengineering.com\/es\/privacy\/\",\"name\":\"PRIVACY - GIMAT\",\"isPartOf\":{\"@id\":\"https:\/\/www.gimatengineering.com\/es\/#website\"},\"datePublished\":\"2020-07-27T15:22:25+00:00\",\"dateModified\":\"2021-11-07T10:40:07+00:00\",\"breadcrumb\":{\"@id\":\"https:\/\/www.gimatengineering.com\/es\/privacy\/#breadcrumb\"},\"inLanguage\":\"en-GB\",\"potentialAction\":[{\"@type\":\"ReadAction\",\"target\":[\"https:\/\/www.gimatengineering.com\/es\/privacy\/\"]}]},{\"@type\":\"BreadcrumbList\",\"@id\":\"https:\/\/www.gimatengineering.com\/es\/privacy\/#breadcrumb\",\"itemListElement\":[{\"@type\":\"ListItem\",\"position\":1,\"name\":\"Home\",\"item\":\"https:\/\/www.gimatengineering.com\/es\/home\/\"},{\"@type\":\"ListItem\",\"position\":2,\"name\":\"PRIVACY\"}]},{\"@type\":\"WebSite\",\"@id\":\"https:\/\/www.gimatengineering.com\/es\/#website\",\"url\":\"https:\/\/www.gimatengineering.com\/es\/\",\"name\":\"GIMAT\",\"description\":\"\",\"potentialAction\":[{\"@type\":\"SearchAction\",\"target\":{\"@type\":\"EntryPoint\",\"urlTemplate\":\"https:\/\/www.gimatengineering.com\/es\/?s={search_term_string}\"},\"query-input\":{\"@type\":\"PropertyValueSpecification\",\"valueRequired\":true,\"valueName\":\"search_term_string\"}}],\"inLanguage\":\"en-GB\"}]}<\/script>\n<!-- \/ Yoast SEO plugin. -->","yoast_head_json":{"title":"PRIVACY - GIMAT","robots":{"index":"index","follow":"follow","max-snippet":"max-snippet:-1","max-image-preview":"max-image-preview:large","max-video-preview":"max-video-preview:-1"},"canonical":"https:\/\/www.gimatengineering.com\/es\/privacy\/","og_locale":"en_GB","og_type":"article","og_title":"PRIVACY - GIMAT","og_url":"https:\/\/www.gimatengineering.com\/es\/privacy\/","og_site_name":"GIMAT","article_modified_time":"2021-11-07T10:40:07+00:00","twitter_card":"summary_large_image","twitter_misc":{"Estimated reading time":"13 minutes"},"schema":{"@context":"https:\/\/schema.org","@graph":[{"@type":"WebPage","@id":"https:\/\/www.gimatengineering.com\/es\/privacy\/","url":"https:\/\/www.gimatengineering.com\/es\/privacy\/","name":"PRIVACY - GIMAT","isPartOf":{"@id":"https:\/\/www.gimatengineering.com\/es\/#website"},"datePublished":"2020-07-27T15:22:25+00:00","dateModified":"2021-11-07T10:40:07+00:00","breadcrumb":{"@id":"https:\/\/www.gimatengineering.com\/es\/privacy\/#breadcrumb"},"inLanguage":"en-GB","potentialAction":[{"@type":"ReadAction","target":["https:\/\/www.gimatengineering.com\/es\/privacy\/"]}]},{"@type":"BreadcrumbList","@id":"https:\/\/www.gimatengineering.com\/es\/privacy\/#breadcrumb","itemListElement":[{"@type":"ListItem","position":1,"name":"Home","item":"https:\/\/www.gimatengineering.com\/es\/home\/"},{"@type":"ListItem","position":2,"name":"PRIVACY"}]},{"@type":"WebSite","@id":"https:\/\/www.gimatengineering.com\/es\/#website","url":"https:\/\/www.gimatengineering.com\/es\/","name":"GIMAT","description":"","potentialAction":[{"@type":"SearchAction","target":{"@type":"EntryPoint","urlTemplate":"https:\/\/www.gimatengineering.com\/es\/?s={search_term_string}"},"query-input":{"@type":"PropertyValueSpecification","valueRequired":true,"valueName":"search_term_string"}}],"inLanguage":"en-GB"}]}},"_links":{"self":[{"href":"https:\/\/www.gimatengineering.com\/es\/wp-json\/wp\/v2\/pages\/3","targetHints":{"allow":["GET"]}}],"collection":[{"href":"https:\/\/www.gimatengineering.com\/es\/wp-json\/wp\/v2\/pages"}],"about":[{"href":"https:\/\/www.gimatengineering.com\/es\/wp-json\/wp\/v2\/types\/page"}],"author":[{"embeddable":true,"href":"https:\/\/www.gimatengineering.com\/es\/wp-json\/wp\/v2\/users\/1"}],"replies":[{"embeddable":true,"href":"https:\/\/www.gimatengineering.com\/es\/wp-json\/wp\/v2\/comments?post=3"}],"version-history":[{"count":0,"href":"https:\/\/www.gimatengineering.com\/es\/wp-json\/wp\/v2\/pages\/3\/revisions"}],"wp:attachment":[{"href":"https:\/\/www.gimatengineering.com\/es\/wp-json\/wp\/v2\/media?parent=3"}],"curies":[{"name":"wp","href":"https:\/\/api.w.org\/{rel}","templated":true}]}}