{"id":2597,"date":"2021-08-03T21:38:28","date_gmt":"2021-08-03T19:38:28","guid":{"rendered":"https:\/\/www.gimatengineering.com\/es\/?page_id=2597"},"modified":"2021-11-07T16:27:55","modified_gmt":"2021-11-07T15:27:55","slug":"sistemas-para-la-industria-plastica","status":"publish","type":"page","link":"https:\/\/www.gimatengineering.com\/es\/sistemas-para-la-industria-plastica\/","title":{"rendered":"Sistemas para la industria pl\u00e1stica"},"content":{"rendered":"<section  class='av_textblock_section av-krwgldqu-f44503b253af1cc82ef8488fbcced270 '   itemscope=\"itemscope\" itemtype=\"https:\/\/schema.org\/CreativeWork\" ><div class='avia_textblock'  itemprop=\"text\" ><h1>INDUSTRIA PL\u00c1STICA<\/h1>\n<\/div><\/section>\n\n<style type=\"text\/css\" data-created_by=\"avia_inline_auto\" id=\"style-css-av-ksp311t4-0cf710b1e31c9569c233886399ef08c3\">\n#top .av-masonry.av-ksp311t4-0cf710b1e31c9569c233886399ef08c3{\nbackground-color:#919191;\n}\n<\/style>\n<div id='av-masonry-1' class='av-masonry av-ksp311t4-0cf710b1e31c9569c233886399ef08c3 noHover av-fixed-size av-large-gap av-hover-overlay- av-masonry-animation-active av-masonry-col-3 av-caption-always av-caption-style- av-masonry-gallery ' data-post_id=\"2597\"><div class=\"av-masonry-container isotope av-js-disabled\"><div class='av-masonry-entry isotope-item av-masonry-item-no-image '><\/div><div id='av-masonry-1-item-3124' data-av-masonry-item='3124' class='av-masonry-entry isotope-item post-3124 attachment type-attachment status-inherit hentry  av-masonry-item-with-image'    itemprop=\"thumbnailUrl\" ><div class='av-inner-masonry-sizer'><\/div><figure class='av-inner-masonry main_color'><div class=\"av-masonry-outerimage-container\"><div class='av-masonry-image-container' style=\"background-image: url(https:\/\/www.gimatengineering.com\/es\/wp-content\/uploads\/2021\/08\/Sistemas-para-la-industria-plastica-scaled-514x705.jpg);\"  title=\"Extracci\u00f3n Almacenamiento Transporte Mec\u00e1nico Tornillos Sinfines Flexibles de Polvos Pl\u00e1sticos\" ><\/div><\/div><figcaption class='av-inner-masonry-content site-background'><div class='av-inner-masonry-content-pos'><div class='av-inner-masonry-content-pos-content'><div class='avia-arrow'><\/div><h3 class='av-masonry-entry-title entry-title '  itemprop=\"headline\" >Extracci\u00f3n Almacenamiento Transporte Mec\u00e1nico Tornillos Sinfines Flexibles de Polvos Pl\u00e1sticos<\/h3><\/div><\/div><\/figcaption><\/figure><\/div><!--end av-masonry entry--><div id='av-masonry-1-item-3126' data-av-masonry-item='3126' class='av-masonry-entry isotope-item post-3126 attachment type-attachment status-inherit hentry  av-masonry-item-with-image'    itemprop=\"thumbnailUrl\" ><div class='av-inner-masonry-sizer'><\/div><figure class='av-inner-masonry main_color'><div class=\"av-masonry-outerimage-container\"><div class='av-masonry-image-container' style=\"background-image: url(https:\/\/www.gimatengineering.com\/es\/wp-content\/uploads\/2021\/08\/Sistemas-para-la-industria-plastica-1-705x662.jpg);\"  title=\"Transporte Dosificaci\u00f3n de Polvos Pl\u00e1sticos Tornillo Sinf\u00edn Flexible\" ><\/div><\/div><figcaption class='av-inner-masonry-content site-background'><div class='av-inner-masonry-content-pos'><div class='av-inner-masonry-content-pos-content'><div class='avia-arrow'><\/div><h3 class='av-masonry-entry-title entry-title '  itemprop=\"headline\" >Transporte Dosificaci\u00f3n de Polvos Pl\u00e1sticos Tornillo Sinf\u00edn Flexible<\/h3><\/div><\/div><\/figcaption><\/figure><\/div><!--end av-masonry entry--><div id='av-masonry-1-item-3127' data-av-masonry-item='3127' class='av-masonry-entry isotope-item post-3127 attachment type-attachment status-inherit hentry  av-masonry-item-with-image'    itemprop=\"thumbnailUrl\" ><div class='av-inner-masonry-sizer'><\/div><figure class='av-inner-masonry main_color'><div class=\"av-masonry-outerimage-container\"><div class='av-masonry-image-container' style=\"background-image: url(https:\/\/www.gimatengineering.com\/es\/wp-content\/uploads\/2021\/08\/Sistemas-para-la-industria-plastica-2-scaled-343x705.jpg);\"  title=\"Transporte de Polvos Detector de metales\" ><\/div><\/div><figcaption class='av-inner-masonry-content site-background'><div class='av-inner-masonry-content-pos'><div class='av-inner-masonry-content-pos-content'><div class='avia-arrow'><\/div><h3 class='av-masonry-entry-title entry-title '  itemprop=\"headline\" >Transporte de Polvos Detector de metales<\/h3><\/div><\/div><\/figcaption><\/figure><\/div><!--end av-masonry entry--><div id='av-masonry-1-item-3128' data-av-masonry-item='3128' class='av-masonry-entry isotope-item post-3128 attachment type-attachment status-inherit hentry  av-masonry-item-with-image'    itemprop=\"thumbnailUrl\" ><div class='av-inner-masonry-sizer'><\/div><figure class='av-inner-masonry main_color'><div class=\"av-masonry-outerimage-container\"><div class='av-masonry-image-container' style=\"background-image: url(https:\/\/www.gimatengineering.com\/es\/wp-content\/uploads\/2021\/08\/Sistemas-para-la-industria-plastica-3-scaled-676x705.jpg);\"  title=\"Vaciado-sacos Trituraci\u00f3n Grumos\" ><\/div><\/div><figcaption class='av-inner-masonry-content site-background'><div class='av-inner-masonry-content-pos'><div class='av-inner-masonry-content-pos-content'><div class='avia-arrow'><\/div><h3 class='av-masonry-entry-title entry-title '  itemprop=\"headline\" >Vaciado-sacos Trituraci\u00f3n Grumos<\/h3><\/div><\/div><\/figcaption><\/figure><\/div><!--end av-masonry entry--><div id='av-masonry-1-item-3129' data-av-masonry-item='3129' class='av-masonry-entry isotope-item post-3129 attachment type-attachment status-inherit hentry  av-masonry-item-with-image'    itemprop=\"thumbnailUrl\" ><div class='av-inner-masonry-sizer'><\/div><figure class='av-inner-masonry main_color'><div class=\"av-masonry-outerimage-container\"><div class='av-masonry-image-container' style=\"background-image: url(https:\/\/www.gimatengineering.com\/es\/wp-content\/uploads\/2021\/08\/Sistemas-para-la-industria-plastica-4-scaled-705x662.jpg);\"  title=\"Descarga de Big Bag Ensacado de Polvos\" ><\/div><\/div><figcaption class='av-inner-masonry-content site-background'><div class='av-inner-masonry-content-pos'><div class='av-inner-masonry-content-pos-content'><div class='avia-arrow'><\/div><h3 class='av-masonry-entry-title entry-title '  itemprop=\"headline\" >Descarga de Big Bag Ensacado de Polvos<\/h3><\/div><\/div><\/figcaption><\/figure><\/div><!--end av-masonry entry--><div id='av-masonry-1-item-3130' data-av-masonry-item='3130' class='av-masonry-entry isotope-item post-3130 attachment type-attachment status-inherit hentry  av-masonry-item-with-image'    itemprop=\"thumbnailUrl\" ><div class='av-inner-masonry-sizer'><\/div><figure class='av-inner-masonry main_color'><div class=\"av-masonry-outerimage-container\"><div class='av-masonry-image-container' style=\"background-image: url(https:\/\/www.gimatengineering.com\/es\/wp-content\/uploads\/2021\/08\/Sistemas-para-la-industria-plastica-5-scaled-676x705.jpg);\"  title=\"Descargador de Big Bag con aparejo\" ><\/div><\/div><figcaption class='av-inner-masonry-content site-background'><div class='av-inner-masonry-content-pos'><div class='av-inner-masonry-content-pos-content'><div class='avia-arrow'><\/div><h3 class='av-masonry-entry-title entry-title '  itemprop=\"headline\" >Descargador de Big Bag con aparejo<\/h3><\/div><\/div><\/figcaption><\/figure><\/div><!--end av-masonry entry--><\/div><\/div>\n","protected":false},"excerpt":{"rendered":"","protected":false},"author":1,"featured_media":0,"parent":0,"menu_order":0,"comment_status":"closed","ping_status":"closed","template":"","meta":{"footnotes":""},"class_list":["post-2597","page","type-page","status-publish","hentry"],"yoast_head":"<!-- This site is optimized with the Yoast SEO plugin v26.8 - https:\/\/yoast.com\/product\/yoast-seo-wordpress\/ -->\n<title>Sistemas para la industria pl\u00e1stica - Gimat srl<\/title>\n<meta name=\"description\" content=\"Sector del pl\u00e1stica Ejemplos de sistemas de transporte y mezcla de polvo para la industria del pl\u00e1stica\" \/>\n<meta name=\"robots\" content=\"index, follow, max-snippet:-1, max-image-preview:large, max-video-preview:-1\" \/>\n<link rel=\"canonical\" href=\"https:\/\/www.gimatengineering.com\/es\/sistemas-para-la-industria-plastica\/\" \/>\n<meta property=\"og:locale\" content=\"en_GB\" \/>\n<meta property=\"og:type\" content=\"article\" \/>\n<meta property=\"og:title\" content=\"Sistemas para la industria pl\u00e1stica - Gimat srl\" \/>\n<meta property=\"og:description\" content=\"Sector del pl\u00e1stica Ejemplos de sistemas de transporte y mezcla de polvo para la industria del pl\u00e1stica\" \/>\n<meta property=\"og:url\" content=\"https:\/\/www.gimatengineering.com\/es\/sistemas-para-la-industria-plastica\/\" \/>\n<meta property=\"og:site_name\" content=\"GIMAT\" \/>\n<meta property=\"article:modified_time\" content=\"2021-11-07T15:27:55+00:00\" \/>\n<meta name=\"twitter:card\" content=\"summary_large_image\" \/>\n<script type=\"application\/ld+json\" class=\"yoast-schema-graph\">{\"@context\":\"https:\/\/schema.org\",\"@graph\":[{\"@type\":\"WebPage\",\"@id\":\"https:\/\/www.gimatengineering.com\/es\/sistemas-para-la-industria-plastica\/\",\"url\":\"https:\/\/www.gimatengineering.com\/es\/sistemas-para-la-industria-plastica\/\",\"name\":\"Sistemas para la industria pl\u00e1stica - Gimat srl\",\"isPartOf\":{\"@id\":\"https:\/\/www.gimatengineering.com\/es\/#website\"},\"datePublished\":\"2021-08-03T19:38:28+00:00\",\"dateModified\":\"2021-11-07T15:27:55+00:00\",\"description\":\"Sector del pl\u00e1stica Ejemplos de sistemas de transporte y mezcla de polvo para la industria del pl\u00e1stica\",\"breadcrumb\":{\"@id\":\"https:\/\/www.gimatengineering.com\/es\/sistemas-para-la-industria-plastica\/#breadcrumb\"},\"inLanguage\":\"en-GB\",\"potentialAction\":[{\"@type\":\"ReadAction\",\"target\":[\"https:\/\/www.gimatengineering.com\/es\/sistemas-para-la-industria-plastica\/\"]}]},{\"@type\":\"BreadcrumbList\",\"@id\":\"https:\/\/www.gimatengineering.com\/es\/sistemas-para-la-industria-plastica\/#breadcrumb\",\"itemListElement\":[{\"@type\":\"ListItem\",\"position\":1,\"name\":\"Home\",\"item\":\"https:\/\/www.gimatengineering.com\/es\/home\/\"},{\"@type\":\"ListItem\",\"position\":2,\"name\":\"Sistemas para la industria pl\u00e1stica\"}]},{\"@type\":\"WebSite\",\"@id\":\"https:\/\/www.gimatengineering.com\/es\/#website\",\"url\":\"https:\/\/www.gimatengineering.com\/es\/\",\"name\":\"GIMAT\",\"description\":\"\",\"potentialAction\":[{\"@type\":\"SearchAction\",\"target\":{\"@type\":\"EntryPoint\",\"urlTemplate\":\"https:\/\/www.gimatengineering.com\/es\/?s={search_term_string}\"},\"query-input\":{\"@type\":\"PropertyValueSpecification\",\"valueRequired\":true,\"valueName\":\"search_term_string\"}}],\"inLanguage\":\"en-GB\"}]}<\/script>\n<!-- \/ Yoast SEO plugin. -->","yoast_head_json":{"title":"Sistemas para la industria pl\u00e1stica - Gimat srl","description":"Sector del pl\u00e1stica Ejemplos de sistemas de transporte y mezcla de polvo para la industria del pl\u00e1stica","robots":{"index":"index","follow":"follow","max-snippet":"max-snippet:-1","max-image-preview":"max-image-preview:large","max-video-preview":"max-video-preview:-1"},"canonical":"https:\/\/www.gimatengineering.com\/es\/sistemas-para-la-industria-plastica\/","og_locale":"en_GB","og_type":"article","og_title":"Sistemas para la industria pl\u00e1stica - Gimat srl","og_description":"Sector del pl\u00e1stica Ejemplos de sistemas de transporte y mezcla de polvo para la industria del pl\u00e1stica","og_url":"https:\/\/www.gimatengineering.com\/es\/sistemas-para-la-industria-plastica\/","og_site_name":"GIMAT","article_modified_time":"2021-11-07T15:27:55+00:00","twitter_card":"summary_large_image","schema":{"@context":"https:\/\/schema.org","@graph":[{"@type":"WebPage","@id":"https:\/\/www.gimatengineering.com\/es\/sistemas-para-la-industria-plastica\/","url":"https:\/\/www.gimatengineering.com\/es\/sistemas-para-la-industria-plastica\/","name":"Sistemas para la industria pl\u00e1stica - Gimat srl","isPartOf":{"@id":"https:\/\/www.gimatengineering.com\/es\/#website"},"datePublished":"2021-08-03T19:38:28+00:00","dateModified":"2021-11-07T15:27:55+00:00","description":"Sector del pl\u00e1stica Ejemplos de sistemas de transporte y mezcla de polvo para la industria del pl\u00e1stica","breadcrumb":{"@id":"https:\/\/www.gimatengineering.com\/es\/sistemas-para-la-industria-plastica\/#breadcrumb"},"inLanguage":"en-GB","potentialAction":[{"@type":"ReadAction","target":["https:\/\/www.gimatengineering.com\/es\/sistemas-para-la-industria-plastica\/"]}]},{"@type":"BreadcrumbList","@id":"https:\/\/www.gimatengineering.com\/es\/sistemas-para-la-industria-plastica\/#breadcrumb","itemListElement":[{"@type":"ListItem","position":1,"name":"Home","item":"https:\/\/www.gimatengineering.com\/es\/home\/"},{"@type":"ListItem","position":2,"name":"Sistemas para la industria pl\u00e1stica"}]},{"@type":"WebSite","@id":"https:\/\/www.gimatengineering.com\/es\/#website","url":"https:\/\/www.gimatengineering.com\/es\/","name":"GIMAT","description":"","potentialAction":[{"@type":"SearchAction","target":{"@type":"EntryPoint","urlTemplate":"https:\/\/www.gimatengineering.com\/es\/?s={search_term_string}"},"query-input":{"@type":"PropertyValueSpecification","valueRequired":true,"valueName":"search_term_string"}}],"inLanguage":"en-GB"}]}},"_links":{"self":[{"href":"https:\/\/www.gimatengineering.com\/es\/wp-json\/wp\/v2\/pages\/2597","targetHints":{"allow":["GET"]}}],"collection":[{"href":"https:\/\/www.gimatengineering.com\/es\/wp-json\/wp\/v2\/pages"}],"about":[{"href":"https:\/\/www.gimatengineering.com\/es\/wp-json\/wp\/v2\/types\/page"}],"author":[{"embeddable":true,"href":"https:\/\/www.gimatengineering.com\/es\/wp-json\/wp\/v2\/users\/1"}],"replies":[{"embeddable":true,"href":"https:\/\/www.gimatengineering.com\/es\/wp-json\/wp\/v2\/comments?post=2597"}],"version-history":[{"count":0,"href":"https:\/\/www.gimatengineering.com\/es\/wp-json\/wp\/v2\/pages\/2597\/revisions"}],"wp:attachment":[{"href":"https:\/\/www.gimatengineering.com\/es\/wp-json\/wp\/v2\/media?parent=2597"}],"curies":[{"name":"wp","href":"https:\/\/api.w.org\/{rel}","templated":true}]}}