{"id":2593,"date":"2021-08-03T21:36:00","date_gmt":"2021-08-03T19:36:00","guid":{"rendered":"https:\/\/www.gimatengineering.com\/es\/?page_id=2593"},"modified":"2021-11-07T16:26:49","modified_gmt":"2021-11-07T15:26:49","slug":"sistemas-para-la-industria-quimica","status":"publish","type":"page","link":"https:\/\/www.gimatengineering.com\/es\/sistemas-para-la-industria-quimica\/","title":{"rendered":"Sistemas para la industria qu\u00edmica"},"content":{"rendered":"<section  class='av_textblock_section av-krwgldqu-f44503b253af1cc82ef8488fbcced270 '   itemscope=\"itemscope\" itemtype=\"https:\/\/schema.org\/CreativeWork\" ><div class='avia_textblock'  itemprop=\"text\" ><h1>INDUSTRIA QU\u00cdMICA<\/h1>\n<\/div><\/section>\n\n<style type=\"text\/css\" data-created_by=\"avia_inline_auto\" id=\"style-css-av-ksp2jjzk-658a2c69cde2846375b88ea4729e5b62\">\n#top .av-masonry.av-ksp2jjzk-658a2c69cde2846375b88ea4729e5b62{\nbackground-color:#919191;\n}\n<\/style>\n<div id='av-masonry-1' class='av-masonry av-ksp2jjzk-658a2c69cde2846375b88ea4729e5b62 noHover av-fixed-size av-large-gap av-hover-overlay- av-masonry-animation-active av-masonry-col-3 av-caption-always av-caption-style- av-masonry-gallery ' data-post_id=\"2593\"><div class=\"av-masonry-container isotope av-js-disabled\"><div class='av-masonry-entry isotope-item av-masonry-item-no-image '><\/div><div id='av-masonry-1-item-3108' data-av-masonry-item='3108' class='av-masonry-entry isotope-item post-3108 attachment type-attachment status-inherit hentry  av-masonry-item-with-image'    itemprop=\"thumbnailUrl\" ><div class='av-inner-masonry-sizer'><\/div><figure class='av-inner-masonry main_color'><div class=\"av-masonry-outerimage-container\"><div class='av-masonry-image-container' style=\"background-image: url(https:\/\/www.gimatengineering.com\/es\/wp-content\/uploads\/2021\/08\/Sistemas-para-la-industria-quimica-scaled-584x705.jpg);\"  title=\"Cortasacos Rompegrumos Transporte Mezcla de Polvos Qu\u00edmicos\" ><\/div><\/div><figcaption class='av-inner-masonry-content site-background'><div class='av-inner-masonry-content-pos'><div class='av-inner-masonry-content-pos-content'><div class='avia-arrow'><\/div><h3 class='av-masonry-entry-title entry-title '  itemprop=\"headline\" >Cortasacos Rompegrumos Transporte Mezcla de Polvos Qu\u00edmicos<\/h3><\/div><\/div><\/figcaption><\/figure><\/div><!--end av-masonry entry--><div id='av-masonry-1-item-3109' data-av-masonry-item='3109' class='av-masonry-entry isotope-item post-3109 attachment type-attachment status-inherit hentry  av-masonry-item-with-image'    itemprop=\"thumbnailUrl\" ><div class='av-inner-masonry-sizer'><\/div><figure class='av-inner-masonry main_color'><div class=\"av-masonry-outerimage-container\"><div class='av-masonry-image-container' style=\"background-image: url(https:\/\/www.gimatengineering.com\/es\/wp-content\/uploads\/2021\/08\/Sistemas-para-la-industria-quimica-1-scaled-705x529.jpg);\"  title=\"Transporte Mezcla Ensacado de Polvos Qu\u00edmicos Atex\" ><\/div><\/div><figcaption class='av-inner-masonry-content site-background'><div class='av-inner-masonry-content-pos'><div class='av-inner-masonry-content-pos-content'><div class='avia-arrow'><\/div><h3 class='av-masonry-entry-title entry-title '  itemprop=\"headline\" >Transporte Mezcla Ensacado de Polvos Qu\u00edmicos Atex<\/h3><\/div><\/div><\/figcaption><\/figure><\/div><!--end av-masonry entry--><div id='av-masonry-1-item-3110' data-av-masonry-item='3110' class='av-masonry-entry isotope-item post-3110 attachment type-attachment status-inherit hentry  av-masonry-item-with-image'    itemprop=\"thumbnailUrl\" ><div class='av-inner-masonry-sizer'><\/div><figure class='av-inner-masonry main_color'><div class=\"av-masonry-outerimage-container\"><div class='av-masonry-image-container' style=\"background-image: url(https:\/\/www.gimatengineering.com\/es\/wp-content\/uploads\/2021\/08\/Sistemas-para-la-industria-quimica-2-scaled-396x705.jpg);\"  title=\"Tolvas vac\u00eda sacos\" ><\/div><\/div><figcaption class='av-inner-masonry-content site-background'><div class='av-inner-masonry-content-pos'><div class='av-inner-masonry-content-pos-content'><div class='avia-arrow'><\/div><h3 class='av-masonry-entry-title entry-title '  itemprop=\"headline\" >Tolvas vac\u00eda sacos<\/h3><\/div><\/div><\/figcaption><\/figure><\/div><!--end av-masonry entry--><div id='av-masonry-1-item-3111' data-av-masonry-item='3111' class='av-masonry-entry isotope-item post-3111 attachment type-attachment status-inherit hentry  av-masonry-item-with-image'    itemprop=\"thumbnailUrl\" ><div class='av-inner-masonry-sizer'><\/div><figure class='av-inner-masonry main_color'><div class=\"av-masonry-outerimage-container\"><div class='av-masonry-image-container' style=\"background-image: url(https:\/\/www.gimatengineering.com\/es\/wp-content\/uploads\/2021\/08\/Sistemas-para-la-industria-quimica-3-scaled-619x705.jpg);\"  title=\"Dosificaci\u00f3n Tamizado de Polvos\" ><\/div><\/div><figcaption class='av-inner-masonry-content site-background'><div class='av-inner-masonry-content-pos'><div class='av-inner-masonry-content-pos-content'><div class='avia-arrow'><\/div><h3 class='av-masonry-entry-title entry-title '  itemprop=\"headline\" >Dosificaci\u00f3n Tamizado de Polvos<\/h3><\/div><\/div><\/figcaption><\/figure><\/div><!--end av-masonry entry--><div id='av-masonry-1-item-3112' data-av-masonry-item='3112' class='av-masonry-entry isotope-item post-3112 attachment type-attachment status-inherit hentry  av-masonry-item-with-image'    itemprop=\"thumbnailUrl\" ><div class='av-inner-masonry-sizer'><\/div><figure class='av-inner-masonry main_color'><div class=\"av-masonry-outerimage-container\"><div class='av-masonry-image-container' style=\"background-image: url(https:\/\/www.gimatengineering.com\/es\/wp-content\/uploads\/2021\/08\/Sistemas-para-la-industria-quimica-4-scaled-529x705.jpg);\"  title=\"Carga Sistemas de disoluci\u00f3n Atex Gas\" ><\/div><\/div><figcaption class='av-inner-masonry-content site-background'><div class='av-inner-masonry-content-pos'><div class='av-inner-masonry-content-pos-content'><div class='avia-arrow'><\/div><h3 class='av-masonry-entry-title entry-title '  itemprop=\"headline\" >Carga Sistemas de disoluci\u00f3n Atex Gas<\/h3><\/div><\/div><\/figcaption><\/figure><\/div><!--end av-masonry entry--><div id='av-masonry-1-item-3113' data-av-masonry-item='3113' class='av-masonry-entry isotope-item post-3113 attachment type-attachment status-inherit hentry  av-masonry-item-with-image'    itemprop=\"thumbnailUrl\" ><div class='av-inner-masonry-sizer'><\/div><figure class='av-inner-masonry main_color'><div class=\"av-masonry-outerimage-container\"><div class='av-masonry-image-container' style=\"background-image: url(https:\/\/www.gimatengineering.com\/es\/wp-content\/uploads\/2021\/08\/Sistemas-para-la-industria-quimica-5-scaled-529x705.jpg);\"  title=\"Transporte Mezcla Gr\u00e1nulos con Goma L\u00edquido\" ><\/div><\/div><figcaption class='av-inner-masonry-content site-background'><div class='av-inner-masonry-content-pos'><div class='av-inner-masonry-content-pos-content'><div class='avia-arrow'><\/div><h3 class='av-masonry-entry-title entry-title '  itemprop=\"headline\" >Transporte Mezcla Gr\u00e1nulos con Goma L\u00edquido<\/h3><\/div><\/div><\/figcaption><\/figure><\/div><!--end av-masonry entry--><\/div><\/div>\n","protected":false},"excerpt":{"rendered":"","protected":false},"author":1,"featured_media":0,"parent":0,"menu_order":0,"comment_status":"closed","ping_status":"closed","template":"","meta":{"footnotes":""},"class_list":["post-2593","page","type-page","status-publish","hentry"],"yoast_head":"<!-- This site is optimized with the Yoast SEO plugin v26.8 - https:\/\/yoast.com\/product\/yoast-seo-wordpress\/ -->\n<title>Sistemas para la industria qu\u00edmica - Gimat srl<\/title>\n<meta name=\"description\" content=\"Sector qu\u00edmico Ejemplos de sistemas de transporte y mezcla de polvos para la industria qu\u00edmica\" \/>\n<meta name=\"robots\" content=\"index, follow, max-snippet:-1, max-image-preview:large, max-video-preview:-1\" \/>\n<link rel=\"canonical\" href=\"https:\/\/www.gimatengineering.com\/es\/sistemas-para-la-industria-quimica\/\" \/>\n<meta property=\"og:locale\" content=\"en_GB\" \/>\n<meta property=\"og:type\" content=\"article\" \/>\n<meta property=\"og:title\" content=\"Sistemas para la industria qu\u00edmica - Gimat srl\" \/>\n<meta property=\"og:description\" content=\"Sector qu\u00edmico Ejemplos de sistemas de transporte y mezcla de polvos para la industria qu\u00edmica\" \/>\n<meta property=\"og:url\" content=\"https:\/\/www.gimatengineering.com\/es\/sistemas-para-la-industria-quimica\/\" \/>\n<meta property=\"og:site_name\" content=\"GIMAT\" \/>\n<meta property=\"article:modified_time\" content=\"2021-11-07T15:26:49+00:00\" \/>\n<meta name=\"twitter:card\" content=\"summary_large_image\" \/>\n<script type=\"application\/ld+json\" class=\"yoast-schema-graph\">{\"@context\":\"https:\/\/schema.org\",\"@graph\":[{\"@type\":\"WebPage\",\"@id\":\"https:\/\/www.gimatengineering.com\/es\/sistemas-para-la-industria-quimica\/\",\"url\":\"https:\/\/www.gimatengineering.com\/es\/sistemas-para-la-industria-quimica\/\",\"name\":\"Sistemas para la industria qu\u00edmica - Gimat srl\",\"isPartOf\":{\"@id\":\"https:\/\/www.gimatengineering.com\/es\/#website\"},\"datePublished\":\"2021-08-03T19:36:00+00:00\",\"dateModified\":\"2021-11-07T15:26:49+00:00\",\"description\":\"Sector qu\u00edmico Ejemplos de sistemas de transporte y mezcla de polvos para la industria qu\u00edmica\",\"breadcrumb\":{\"@id\":\"https:\/\/www.gimatengineering.com\/es\/sistemas-para-la-industria-quimica\/#breadcrumb\"},\"inLanguage\":\"en-GB\",\"potentialAction\":[{\"@type\":\"ReadAction\",\"target\":[\"https:\/\/www.gimatengineering.com\/es\/sistemas-para-la-industria-quimica\/\"]}]},{\"@type\":\"BreadcrumbList\",\"@id\":\"https:\/\/www.gimatengineering.com\/es\/sistemas-para-la-industria-quimica\/#breadcrumb\",\"itemListElement\":[{\"@type\":\"ListItem\",\"position\":1,\"name\":\"Home\",\"item\":\"https:\/\/www.gimatengineering.com\/es\/home\/\"},{\"@type\":\"ListItem\",\"position\":2,\"name\":\"Sistemas para la industria qu\u00edmica\"}]},{\"@type\":\"WebSite\",\"@id\":\"https:\/\/www.gimatengineering.com\/es\/#website\",\"url\":\"https:\/\/www.gimatengineering.com\/es\/\",\"name\":\"GIMAT\",\"description\":\"\",\"potentialAction\":[{\"@type\":\"SearchAction\",\"target\":{\"@type\":\"EntryPoint\",\"urlTemplate\":\"https:\/\/www.gimatengineering.com\/es\/?s={search_term_string}\"},\"query-input\":{\"@type\":\"PropertyValueSpecification\",\"valueRequired\":true,\"valueName\":\"search_term_string\"}}],\"inLanguage\":\"en-GB\"}]}<\/script>\n<!-- \/ Yoast SEO plugin. -->","yoast_head_json":{"title":"Sistemas para la industria qu\u00edmica - Gimat srl","description":"Sector qu\u00edmico Ejemplos de sistemas de transporte y mezcla de polvos para la industria qu\u00edmica","robots":{"index":"index","follow":"follow","max-snippet":"max-snippet:-1","max-image-preview":"max-image-preview:large","max-video-preview":"max-video-preview:-1"},"canonical":"https:\/\/www.gimatengineering.com\/es\/sistemas-para-la-industria-quimica\/","og_locale":"en_GB","og_type":"article","og_title":"Sistemas para la industria qu\u00edmica - Gimat srl","og_description":"Sector qu\u00edmico Ejemplos de sistemas de transporte y mezcla de polvos para la industria qu\u00edmica","og_url":"https:\/\/www.gimatengineering.com\/es\/sistemas-para-la-industria-quimica\/","og_site_name":"GIMAT","article_modified_time":"2021-11-07T15:26:49+00:00","twitter_card":"summary_large_image","schema":{"@context":"https:\/\/schema.org","@graph":[{"@type":"WebPage","@id":"https:\/\/www.gimatengineering.com\/es\/sistemas-para-la-industria-quimica\/","url":"https:\/\/www.gimatengineering.com\/es\/sistemas-para-la-industria-quimica\/","name":"Sistemas para la industria qu\u00edmica - Gimat srl","isPartOf":{"@id":"https:\/\/www.gimatengineering.com\/es\/#website"},"datePublished":"2021-08-03T19:36:00+00:00","dateModified":"2021-11-07T15:26:49+00:00","description":"Sector qu\u00edmico Ejemplos de sistemas de transporte y mezcla de polvos para la industria qu\u00edmica","breadcrumb":{"@id":"https:\/\/www.gimatengineering.com\/es\/sistemas-para-la-industria-quimica\/#breadcrumb"},"inLanguage":"en-GB","potentialAction":[{"@type":"ReadAction","target":["https:\/\/www.gimatengineering.com\/es\/sistemas-para-la-industria-quimica\/"]}]},{"@type":"BreadcrumbList","@id":"https:\/\/www.gimatengineering.com\/es\/sistemas-para-la-industria-quimica\/#breadcrumb","itemListElement":[{"@type":"ListItem","position":1,"name":"Home","item":"https:\/\/www.gimatengineering.com\/es\/home\/"},{"@type":"ListItem","position":2,"name":"Sistemas para la industria qu\u00edmica"}]},{"@type":"WebSite","@id":"https:\/\/www.gimatengineering.com\/es\/#website","url":"https:\/\/www.gimatengineering.com\/es\/","name":"GIMAT","description":"","potentialAction":[{"@type":"SearchAction","target":{"@type":"EntryPoint","urlTemplate":"https:\/\/www.gimatengineering.com\/es\/?s={search_term_string}"},"query-input":{"@type":"PropertyValueSpecification","valueRequired":true,"valueName":"search_term_string"}}],"inLanguage":"en-GB"}]}},"_links":{"self":[{"href":"https:\/\/www.gimatengineering.com\/es\/wp-json\/wp\/v2\/pages\/2593","targetHints":{"allow":["GET"]}}],"collection":[{"href":"https:\/\/www.gimatengineering.com\/es\/wp-json\/wp\/v2\/pages"}],"about":[{"href":"https:\/\/www.gimatengineering.com\/es\/wp-json\/wp\/v2\/types\/page"}],"author":[{"embeddable":true,"href":"https:\/\/www.gimatengineering.com\/es\/wp-json\/wp\/v2\/users\/1"}],"replies":[{"embeddable":true,"href":"https:\/\/www.gimatengineering.com\/es\/wp-json\/wp\/v2\/comments?post=2593"}],"version-history":[{"count":0,"href":"https:\/\/www.gimatengineering.com\/es\/wp-json\/wp\/v2\/pages\/2593\/revisions"}],"wp:attachment":[{"href":"https:\/\/www.gimatengineering.com\/es\/wp-json\/wp\/v2\/media?parent=2593"}],"curies":[{"name":"wp","href":"https:\/\/api.w.org\/{rel}","templated":true}]}}