{"id":2587,"date":"2021-08-03T21:29:25","date_gmt":"2021-08-03T19:29:25","guid":{"rendered":"https:\/\/www.gimatengineering.com\/es\/?page_id=2587"},"modified":"2021-11-07T16:25:59","modified_gmt":"2021-11-07T15:25:59","slug":"sistemas-para-la-industria-alimentaria","status":"publish","type":"page","link":"https:\/\/www.gimatengineering.com\/es\/sistemas-para-la-industria-alimentaria\/","title":{"rendered":"Sistemas para la industria alimentaria"},"content":{"rendered":"<section  class='av_textblock_section av-krwgldqu-f44503b253af1cc82ef8488fbcced270 '   itemscope=\"itemscope\" itemtype=\"https:\/\/schema.org\/CreativeWork\" ><div class='avia_textblock'  itemprop=\"text\" ><h1>INDUSTRIA ALIMENTARIA<\/h1>\n<\/div><\/section>\n\n<style type=\"text\/css\" data-created_by=\"avia_inline_auto\" id=\"style-css-av-ksp1zyiw-bbd2b720a0cf7dc0dcee9e92af1c53df\">\n#top .av-masonry.av-ksp1zyiw-bbd2b720a0cf7dc0dcee9e92af1c53df{\nbackground-color:#919191;\n}\n<\/style>\n<div id='av-masonry-1' class='av-masonry av-ksp1zyiw-bbd2b720a0cf7dc0dcee9e92af1c53df noHover av-fixed-size av-large-gap av-hover-overlay- av-masonry-animation-active av-masonry-col-3 av-caption-always av-caption-style- av-masonry-gallery ' data-post_id=\"2587\"><div class=\"av-masonry-container isotope av-js-disabled\"><div class='av-masonry-entry isotope-item av-masonry-item-no-image '><\/div><div id='av-masonry-1-item-3090' data-av-masonry-item='3090' class='av-masonry-entry isotope-item post-3090 attachment type-attachment status-inherit hentry  av-masonry-item-with-image'    itemprop=\"thumbnailUrl\" ><div class='av-inner-masonry-sizer'><\/div><figure class='av-inner-masonry main_color'><div class=\"av-masonry-outerimage-container\"><div class='av-masonry-image-container' style=\"background-image: url(https:\/\/www.gimatengineering.com\/es\/wp-content\/uploads\/2021\/08\/Sistemas-para-la-industria-alimentaria-2-705x426.jpg);\"  title=\"Sistema Manipulaci\u00f3n para Cereales\" ><\/div><\/div><figcaption class='av-inner-masonry-content site-background'><div class='av-inner-masonry-content-pos'><div class='av-inner-masonry-content-pos-content'><div class='avia-arrow'><\/div><h3 class='av-masonry-entry-title entry-title '  itemprop=\"headline\" >Sistema Manipulaci\u00f3n para Cereales<\/h3><\/div><\/div><\/figcaption><\/figure><\/div><!--end av-masonry entry--><div id='av-masonry-1-item-3083' data-av-masonry-item='3083' class='av-masonry-entry isotope-item post-3083 attachment type-attachment status-inherit hentry  av-masonry-item-with-image'    itemprop=\"thumbnailUrl\" ><div class='av-inner-masonry-sizer'><\/div><figure class='av-inner-masonry main_color'><div class=\"av-masonry-outerimage-container\"><div class='av-masonry-image-container' style=\"background-image: url(https:\/\/www.gimatengineering.com\/es\/wp-content\/uploads\/2021\/08\/Sistemas-para-la-industria-alimentaria-1-scaled-705x388.jpg);\"  title=\"Transporte Neum\u00e1tico Mezcla de Polvos Alimentarios Llenado de Big Bag\" ><\/div><\/div><figcaption class='av-inner-masonry-content site-background'><div class='av-inner-masonry-content-pos'><div class='av-inner-masonry-content-pos-content'><div class='avia-arrow'><\/div><h3 class='av-masonry-entry-title entry-title '  itemprop=\"headline\" >Transporte Neum\u00e1tico Mezcla de Polvos Alimentarios Llenado de Big Bag<\/h3><\/div><\/div><\/figcaption><\/figure><\/div><!--end av-masonry entry--><div id='av-masonry-1-item-3079' data-av-masonry-item='3079' class='av-masonry-entry isotope-item post-3079 attachment type-attachment status-inherit hentry  av-masonry-item-with-image'    itemprop=\"thumbnailUrl\" ><div class='av-inner-masonry-sizer'><\/div><figure class='av-inner-masonry main_color'><div class=\"av-masonry-outerimage-container\"><div class='av-masonry-image-container' style=\"background-image: url(https:\/\/www.gimatengineering.com\/es\/wp-content\/uploads\/2021\/08\/Sistemas-para-la-industria-alimentaria-scaled-705x529.jpg);\"  title=\"Mezcla Ensacado para Polvos Alimentarios\" ><\/div><\/div><figcaption class='av-inner-masonry-content site-background'><div class='av-inner-masonry-content-pos'><div class='av-inner-masonry-content-pos-content'><div class='avia-arrow'><\/div><h3 class='av-masonry-entry-title entry-title '  itemprop=\"headline\" >Mezcla Ensacado para Polvos Alimentarios<\/h3><\/div><\/div><\/figcaption><\/figure><\/div><!--end av-masonry entry--><div id='av-masonry-1-item-3093' data-av-masonry-item='3093' class='av-masonry-entry isotope-item post-3093 attachment type-attachment status-inherit hentry  av-masonry-item-with-image'    itemprop=\"thumbnailUrl\" ><div class='av-inner-masonry-sizer'><\/div><figure class='av-inner-masonry main_color'><div class=\"av-masonry-outerimage-container\"><div class='av-masonry-image-container' style=\"background-image: url(https:\/\/www.gimatengineering.com\/es\/wp-content\/uploads\/2021\/08\/Sistemas-para-la-industria-alimentaria-3-705x572.jpg);\"  title=\"Transporte Mec\u00e1nico Neum\u00e1tico Mezcla de Polvos Gr\u00e1nulos\" ><\/div><\/div><figcaption class='av-inner-masonry-content site-background'><div class='av-inner-masonry-content-pos'><div class='av-inner-masonry-content-pos-content'><div class='avia-arrow'><\/div><h3 class='av-masonry-entry-title entry-title '  itemprop=\"headline\" >Transporte Mec\u00e1nico Neum\u00e1tico Mezcla de Polvos Gr\u00e1nulos<\/h3><\/div><\/div><\/figcaption><\/figure><\/div><!--end av-masonry entry--><div id='av-masonry-1-item-3095' data-av-masonry-item='3095' class='av-masonry-entry isotope-item post-3095 attachment type-attachment status-inherit hentry  av-masonry-item-with-image'    itemprop=\"thumbnailUrl\" ><div class='av-inner-masonry-sizer'><\/div><figure class='av-inner-masonry main_color'><div class=\"av-masonry-outerimage-container\"><div class='av-masonry-image-container' style=\"background-image: url(https:\/\/www.gimatengineering.com\/es\/wp-content\/uploads\/2021\/08\/Sistemas-para-la-industria-alimentaria-4-scaled-529x705.jpg);\"  title=\"Vaciado Sacos Descarga de Big Bag\" ><\/div><\/div><figcaption class='av-inner-masonry-content site-background'><div class='av-inner-masonry-content-pos'><div class='av-inner-masonry-content-pos-content'><div class='avia-arrow'><\/div><h3 class='av-masonry-entry-title entry-title '  itemprop=\"headline\" >Vaciado Sacos Descarga de Big Bag<\/h3><\/div><\/div><\/figcaption><\/figure><\/div><!--end av-masonry entry--><div id='av-masonry-1-item-3097' data-av-masonry-item='3097' class='av-masonry-entry isotope-item post-3097 attachment type-attachment status-inherit hentry  av-masonry-item-with-image'    itemprop=\"thumbnailUrl\" ><div class='av-inner-masonry-sizer'><\/div><figure class='av-inner-masonry main_color'><div class=\"av-masonry-outerimage-container\"><div class='av-masonry-image-container' style=\"background-image: url(https:\/\/www.gimatengineering.com\/es\/wp-content\/uploads\/2021\/08\/Sistemas-para-la-industria-alimentaria-5-705x672.jpg);\"  title=\"Transporte Dosificaci\u00f3n de Harinas\" ><\/div><\/div><figcaption class='av-inner-masonry-content site-background'><div class='av-inner-masonry-content-pos'><div class='av-inner-masonry-content-pos-content'><div class='avia-arrow'><\/div><h3 class='av-masonry-entry-title entry-title '  itemprop=\"headline\" >Transporte Dosificaci\u00f3n de Harinas<\/h3><\/div><\/div><\/figcaption><\/figure><\/div><!--end av-masonry entry--><div id='av-masonry-1-item-3098' data-av-masonry-item='3098' class='av-masonry-entry isotope-item post-3098 attachment type-attachment status-inherit hentry  av-masonry-item-with-image'    itemprop=\"thumbnailUrl\" ><div class='av-inner-masonry-sizer'><\/div><figure class='av-inner-masonry main_color'><div class=\"av-masonry-outerimage-container\"><div class='av-masonry-image-container' style=\"background-image: url(https:\/\/www.gimatengineering.com\/es\/wp-content\/uploads\/2021\/08\/Sistemas-para-la-industria-alimentaria-6-691x705.jpg);\"  title=\"Transporte Dosificaci\u00f3n Mezcla de Polvos\" ><\/div><\/div><figcaption class='av-inner-masonry-content site-background'><div class='av-inner-masonry-content-pos'><div class='av-inner-masonry-content-pos-content'><div class='avia-arrow'><\/div><h3 class='av-masonry-entry-title entry-title '  itemprop=\"headline\" >Transporte Dosificaci\u00f3n Mezcla de Polvos<\/h3><\/div><\/div><\/figcaption><\/figure><\/div><!--end av-masonry entry--><div id='av-masonry-1-item-3099' data-av-masonry-item='3099' class='av-masonry-entry isotope-item post-3099 attachment type-attachment status-inherit hentry  av-masonry-item-with-image'    itemprop=\"thumbnailUrl\" ><div class='av-inner-masonry-sizer'><\/div><figure class='av-inner-masonry main_color'><div class=\"av-masonry-outerimage-container\"><div class='av-masonry-image-container' style=\"background-image: url(https:\/\/www.gimatengineering.com\/es\/wp-content\/uploads\/2021\/08\/Sistemas-para-la-industria-alimentaria-7-scaled-705x529.jpg);\"  title=\"Transporte Mezcla Envasado para Polvos Alimentarios\" ><\/div><\/div><figcaption class='av-inner-masonry-content site-background'><div class='av-inner-masonry-content-pos'><div class='av-inner-masonry-content-pos-content'><div class='avia-arrow'><\/div><h3 class='av-masonry-entry-title entry-title '  itemprop=\"headline\" >Transporte Mezcla Envasado para Polvos Alimentarios<\/h3><\/div><\/div><\/figcaption><\/figure><\/div><!--end av-masonry entry--><\/div><\/div>\n","protected":false},"excerpt":{"rendered":"","protected":false},"author":1,"featured_media":0,"parent":0,"menu_order":0,"comment_status":"closed","ping_status":"closed","template":"","meta":{"footnotes":""},"class_list":["post-2587","page","type-page","status-publish","hentry"],"yoast_head":"<!-- This site is optimized with the Yoast SEO plugin v26.8 - https:\/\/yoast.com\/product\/yoast-seo-wordpress\/ -->\n<title>Sistemas para la industria alimentaria - Gimat srl<\/title>\n<meta name=\"description\" content=\"Sector alimentario Ejemplos de sistemas de transporte y mezcla de polvos para la industria alimentaria\" \/>\n<meta name=\"robots\" content=\"index, follow, max-snippet:-1, max-image-preview:large, max-video-preview:-1\" \/>\n<link rel=\"canonical\" href=\"https:\/\/www.gimatengineering.com\/es\/sistemas-para-la-industria-alimentaria\/\" \/>\n<meta property=\"og:locale\" content=\"en_GB\" \/>\n<meta property=\"og:type\" content=\"article\" \/>\n<meta property=\"og:title\" content=\"Sistemas para la industria alimentaria - Gimat srl\" \/>\n<meta property=\"og:description\" content=\"Sector alimentario Ejemplos de sistemas de transporte y mezcla de polvos para la industria alimentaria\" \/>\n<meta property=\"og:url\" content=\"https:\/\/www.gimatengineering.com\/es\/sistemas-para-la-industria-alimentaria\/\" \/>\n<meta property=\"og:site_name\" content=\"GIMAT\" \/>\n<meta property=\"article:modified_time\" content=\"2021-11-07T15:25:59+00:00\" \/>\n<meta name=\"twitter:card\" content=\"summary_large_image\" \/>\n<script type=\"application\/ld+json\" class=\"yoast-schema-graph\">{\"@context\":\"https:\/\/schema.org\",\"@graph\":[{\"@type\":\"WebPage\",\"@id\":\"https:\/\/www.gimatengineering.com\/es\/sistemas-para-la-industria-alimentaria\/\",\"url\":\"https:\/\/www.gimatengineering.com\/es\/sistemas-para-la-industria-alimentaria\/\",\"name\":\"Sistemas para la industria alimentaria - Gimat srl\",\"isPartOf\":{\"@id\":\"https:\/\/www.gimatengineering.com\/es\/#website\"},\"datePublished\":\"2021-08-03T19:29:25+00:00\",\"dateModified\":\"2021-11-07T15:25:59+00:00\",\"description\":\"Sector alimentario Ejemplos de sistemas de transporte y mezcla de polvos para la industria alimentaria\",\"breadcrumb\":{\"@id\":\"https:\/\/www.gimatengineering.com\/es\/sistemas-para-la-industria-alimentaria\/#breadcrumb\"},\"inLanguage\":\"en-GB\",\"potentialAction\":[{\"@type\":\"ReadAction\",\"target\":[\"https:\/\/www.gimatengineering.com\/es\/sistemas-para-la-industria-alimentaria\/\"]}]},{\"@type\":\"BreadcrumbList\",\"@id\":\"https:\/\/www.gimatengineering.com\/es\/sistemas-para-la-industria-alimentaria\/#breadcrumb\",\"itemListElement\":[{\"@type\":\"ListItem\",\"position\":1,\"name\":\"Home\",\"item\":\"https:\/\/www.gimatengineering.com\/es\/home\/\"},{\"@type\":\"ListItem\",\"position\":2,\"name\":\"Sistemas para la industria alimentaria\"}]},{\"@type\":\"WebSite\",\"@id\":\"https:\/\/www.gimatengineering.com\/es\/#website\",\"url\":\"https:\/\/www.gimatengineering.com\/es\/\",\"name\":\"GIMAT\",\"description\":\"\",\"potentialAction\":[{\"@type\":\"SearchAction\",\"target\":{\"@type\":\"EntryPoint\",\"urlTemplate\":\"https:\/\/www.gimatengineering.com\/es\/?s={search_term_string}\"},\"query-input\":{\"@type\":\"PropertyValueSpecification\",\"valueRequired\":true,\"valueName\":\"search_term_string\"}}],\"inLanguage\":\"en-GB\"}]}<\/script>\n<!-- \/ Yoast SEO plugin. -->","yoast_head_json":{"title":"Sistemas para la industria alimentaria - Gimat srl","description":"Sector alimentario Ejemplos de sistemas de transporte y mezcla de polvos para la industria alimentaria","robots":{"index":"index","follow":"follow","max-snippet":"max-snippet:-1","max-image-preview":"max-image-preview:large","max-video-preview":"max-video-preview:-1"},"canonical":"https:\/\/www.gimatengineering.com\/es\/sistemas-para-la-industria-alimentaria\/","og_locale":"en_GB","og_type":"article","og_title":"Sistemas para la industria alimentaria - Gimat srl","og_description":"Sector alimentario Ejemplos de sistemas de transporte y mezcla de polvos para la industria alimentaria","og_url":"https:\/\/www.gimatengineering.com\/es\/sistemas-para-la-industria-alimentaria\/","og_site_name":"GIMAT","article_modified_time":"2021-11-07T15:25:59+00:00","twitter_card":"summary_large_image","schema":{"@context":"https:\/\/schema.org","@graph":[{"@type":"WebPage","@id":"https:\/\/www.gimatengineering.com\/es\/sistemas-para-la-industria-alimentaria\/","url":"https:\/\/www.gimatengineering.com\/es\/sistemas-para-la-industria-alimentaria\/","name":"Sistemas para la industria alimentaria - Gimat srl","isPartOf":{"@id":"https:\/\/www.gimatengineering.com\/es\/#website"},"datePublished":"2021-08-03T19:29:25+00:00","dateModified":"2021-11-07T15:25:59+00:00","description":"Sector alimentario Ejemplos de sistemas de transporte y mezcla de polvos para la industria alimentaria","breadcrumb":{"@id":"https:\/\/www.gimatengineering.com\/es\/sistemas-para-la-industria-alimentaria\/#breadcrumb"},"inLanguage":"en-GB","potentialAction":[{"@type":"ReadAction","target":["https:\/\/www.gimatengineering.com\/es\/sistemas-para-la-industria-alimentaria\/"]}]},{"@type":"BreadcrumbList","@id":"https:\/\/www.gimatengineering.com\/es\/sistemas-para-la-industria-alimentaria\/#breadcrumb","itemListElement":[{"@type":"ListItem","position":1,"name":"Home","item":"https:\/\/www.gimatengineering.com\/es\/home\/"},{"@type":"ListItem","position":2,"name":"Sistemas para la industria alimentaria"}]},{"@type":"WebSite","@id":"https:\/\/www.gimatengineering.com\/es\/#website","url":"https:\/\/www.gimatengineering.com\/es\/","name":"GIMAT","description":"","potentialAction":[{"@type":"SearchAction","target":{"@type":"EntryPoint","urlTemplate":"https:\/\/www.gimatengineering.com\/es\/?s={search_term_string}"},"query-input":{"@type":"PropertyValueSpecification","valueRequired":true,"valueName":"search_term_string"}}],"inLanguage":"en-GB"}]}},"_links":{"self":[{"href":"https:\/\/www.gimatengineering.com\/es\/wp-json\/wp\/v2\/pages\/2587","targetHints":{"allow":["GET"]}}],"collection":[{"href":"https:\/\/www.gimatengineering.com\/es\/wp-json\/wp\/v2\/pages"}],"about":[{"href":"https:\/\/www.gimatengineering.com\/es\/wp-json\/wp\/v2\/types\/page"}],"author":[{"embeddable":true,"href":"https:\/\/www.gimatengineering.com\/es\/wp-json\/wp\/v2\/users\/1"}],"replies":[{"embeddable":true,"href":"https:\/\/www.gimatengineering.com\/es\/wp-json\/wp\/v2\/comments?post=2587"}],"version-history":[{"count":0,"href":"https:\/\/www.gimatengineering.com\/es\/wp-json\/wp\/v2\/pages\/2587\/revisions"}],"wp:attachment":[{"href":"https:\/\/www.gimatengineering.com\/es\/wp-json\/wp\/v2\/media?parent=2587"}],"curies":[{"name":"wp","href":"https:\/\/api.w.org\/{rel}","templated":true}]}}