{"id":248,"date":"2015-10-21T12:34:01","date_gmt":"2015-10-21T10:34:01","guid":{"rendered":"http:\/\/test.kriesi.at\/construction\/?page_id=31"},"modified":"2023-07-26T20:41:41","modified_gmt":"2023-07-26T18:41:41","slug":"perfil","status":"publish","type":"page","link":"https:\/\/www.gimatengineering.com\/es\/perfil\/","title":{"rendered":"PERFIL"},"content":{"rendered":"<div id='layer_slider_1'  class='avia-layerslider main_color avia-shadow  avia-builder-el-0  el_before_av_textblock  avia-builder-el-first  container_wrap sidebar_right'  style='height: 631px; max-width: 1300px; margin: 0 auto;'  ><\/div><div id='after_layer_slider_1'  class='main_color av_default_container_wrap container_wrap sidebar_right'  ><div class='container av-section-cont-open' ><div class='template-page content  av-content-small alpha units'><div class='post-entry post-entry-type-page post-entry-248'><div class='entry-content-wrapper clearfix'>\n<section  class='av_textblock_section av-krwfzxnn-95a566384b674eb460ee3c35db39b580 '   itemscope=\"itemscope\" itemtype=\"https:\/\/schema.org\/CreativeWork\" ><div class='avia_textblock'  itemprop=\"text\" ><h1>PERFIL<\/h1>\n<\/div><\/section>\n\n<style type=\"text\/css\" data-created_by=\"avia_inline_auto\" id=\"style-css-av-3jnut4-6d743c0a37682c2844f9ec3d58c4318a\">\n.flex_column.av-3jnut4-6d743c0a37682c2844f9ec3d58c4318a{\nborder-radius:0px 0px 0px 0px;\npadding:20px 20px 20px 20px;\nbackground-color:#ffffff;\n}\n<\/style>\n<div  class='flex_column av-3jnut4-6d743c0a37682c2844f9ec3d58c4318a av_one_full  avia-builder-el-2  el_after_av_textblock  avia-builder-el-last  first flex_column_div av-animated-generic bottom-to-top  column-top-margin'     ><p><section  class='av_textblock_section av-3cubaw-20e45bd9ce22c83a4dfc92e85ced34ee '   itemscope=\"itemscope\" itemtype=\"https:\/\/schema.org\/CreativeWork\" ><div class='avia_textblock'  itemprop=\"text\" ><p><strong>IDENTIDAD Y BAZAS<\/strong><\/p>\n<p>La fundaci\u00f3n de la empresa GIMAT Srl se remonta a 1975 por parte del ingeniero Giorgio Magri.<\/p>\n<p>Desde hace ya varios a\u00f1os, la empresa es dirigida por sus hijos, tambi\u00e9n ellos ingenieros, Claudio y Marco Magri, que recurren tambi\u00e9n a la ayuda de colaboradores altamente especializados en el \u00e1mbito t\u00e9cnico, productivo y administrativo.<\/p>\n<p>Desde sus or\u00edgenes, la empresa se ha ido especializando en la producci\u00f3n y el empleo de <strong>tornillos sinfines flexibles<\/strong> para luego diversificar, con el paso del tiempo, la producci\u00f3n en el campo de las <strong>maquinarias y sistemas para la manipulaci\u00f3n de materias primas a granel o en almacenamiento (bulk material handling)<\/strong>.<\/p>\n<p>Espec\u00edficamente, las fases del proceso en cuesti\u00f3n afectan a: <strong>ALMACENAMIENTO EN SILOS Y BIG BAGS<\/strong>, <strong>DOSIFICACI\u00d3N, MEZCLA, TRANSPORTE Y ENSACADO de polvos y gr\u00e1nulos.<\/strong><\/p>\n<p>Los sistemas GIMAT, con las mejoras aportadas a lo largo del tiempo y las respuestas positivas de los clientes, se aplican ampliamente en la industria del sector pl\u00e1stico, qu\u00edmico, alimentario y farmac\u00e9utico.<\/p>\n<p>La difusi\u00f3n, ramificada y continua en empresas italianas y extranjeras de transformaci\u00f3n, ha sido viable tambi\u00e9n por la colaboraci\u00f3n con los fabricantes italianos m\u00e1s importantes de m\u00e1quinas y sistemas, premiando as\u00ed el enorme compromiso de GIMAT a la hora de realizar productos fiables y dise\u00f1ados para cumplir las exigencias de cada uno de sus clientes.<\/p>\n<p>La oficina t\u00e9cnica recurre al uso de estaciones CAD 3D desde 1990.<\/p>\n<p>Actualmente, se basa en un potencial de varias estaciones de trabajo con el software SOLIDWORKS y COSMOS para el c\u00e1lculo de los elementos acabados.<\/p>\n<p>Una de las bazas principales de la empresa es la sinergia existente entre la oficina t\u00e9cnica y el departamento de producci\u00f3n, que permite, por una parte, desarrollar soluciones t\u00e9cnicas espec\u00edficas y eficientes y, por otra, realizar a corto plazo todo lo ideado, controlando al mismo tiempo el proceso productivo completo.<\/p>\n<p>La capacidad de producir a corto plazo lo que se ha dise\u00f1ado es viable por el alto nivel de automatizaci\u00f3n del proceso productivo interno que contempla:<\/p>\n<ol>\n<li>El desarrollo de las geometr\u00edas superficiales tridimensionales para generar el c\u00f3digo de la m\u00e1quina (CAM)<\/li>\n<li>El corte al l\u00e1ser de las chapas y el corte al l\u00e1ser de tubos con el CAM anteriormente obtenido.<\/li>\n<li>El plegado a presi\u00f3n de las piezas realizadas de corte, mediante control num\u00e9rico de seis ejes.<\/li>\n<li>Los mecanizados de torneado y fresado con control num\u00e9rico.<\/li>\n<\/ol>\n<p>La tecnolog\u00eda moderna del proceso de ingenier\u00eda de dise\u00f1o automatizado y realizaci\u00f3n del producto, junto a la experiencia consolidada de nuestras plantillas, nos permiten competir a diario en un mercado con una demanda en auge de realizaciones especiales en pocos o \u00fanicos ejemplares.<\/p>\n<\/div><\/section><br \/>\n<section  class='av_textblock_section av-3cubaw-ab679349260ca802851e707961da7459 '   itemscope=\"itemscope\" itemtype=\"https:\/\/schema.org\/CreativeWork\" ><div class='avia_textblock'  itemprop=\"text\" ><\/div><\/section><br \/>\n<div id='av-masonry-1' class='av-masonry av-kf5enmml-519d741c8f4336e5b6836e9a5e6c1fb3 noHover av-fixed-size av-large-gap av-hover-overlay- av-masonry-animation-active av-masonry-col-3 av-caption-always av-caption-style- av-masonry-gallery ' data-post_id=\"248\"><div class=\"av-masonry-container isotope av-js-disabled\"><div class='av-masonry-entry isotope-item av-masonry-item-no-image '><\/div><div id='av-masonry-1-item-358' data-av-masonry-item='358' class='av-masonry-entry isotope-item post-358 attachment type-attachment status-inherit hentry  av-masonry-item-with-image'    itemprop=\"thumbnailUrl\" ><div class='av-inner-masonry-sizer'><\/div><figure class='av-inner-masonry main_color'><div class=\"av-masonry-outerimage-container\"><div class='av-masonry-image-container' style=\"background-image: url(https:\/\/www.gimatengineering.com\/es\/wp-content\/uploads\/2020\/09\/PERFIL-7-705x529.jpg);\"  title=\"Corte al l\u00e1ser\" ><\/div><\/div><figcaption class='av-inner-masonry-content site-background'><div class='av-inner-masonry-content-pos'><div class='av-inner-masonry-content-pos-content'><div class='avia-arrow'><\/div><h3 class='av-masonry-entry-title entry-title '  itemprop=\"headline\" >Corte al l\u00e1ser<\/h3><\/div><\/div><\/figcaption><\/figure><\/div><!--end av-masonry entry--><div id='av-masonry-1-item-366' data-av-masonry-item='366' class='av-masonry-entry isotope-item post-366 attachment type-attachment status-inherit hentry  av-masonry-item-with-image'    itemprop=\"thumbnailUrl\" ><div class='av-inner-masonry-sizer'><\/div><figure class='av-inner-masonry main_color'><div class=\"av-masonry-outerimage-container\"><div class='av-masonry-image-container' style=\"background-image: url(https:\/\/www.gimatengineering.com\/es\/wp-content\/uploads\/2020\/09\/PERFIL-11-705x529.jpg);\"  title=\"Corte al l\u00e1ser\" ><\/div><\/div><figcaption class='av-inner-masonry-content site-background'><div class='av-inner-masonry-content-pos'><div class='av-inner-masonry-content-pos-content'><div class='avia-arrow'><\/div><h3 class='av-masonry-entry-title entry-title '  itemprop=\"headline\" >Corte al l\u00e1ser<\/h3><\/div><\/div><\/figcaption><\/figure><\/div><!--end av-masonry entry--><div id='av-masonry-1-item-356' data-av-masonry-item='356' class='av-masonry-entry isotope-item post-356 attachment type-attachment status-inherit hentry  av-masonry-item-with-image'    itemprop=\"thumbnailUrl\" ><div class='av-inner-masonry-sizer'><\/div><figure class='av-inner-masonry main_color'><div class=\"av-masonry-outerimage-container\"><div class='av-masonry-image-container' style=\"background-image: url(https:\/\/www.gimatengineering.com\/es\/wp-content\/uploads\/2020\/09\/PERFIL-6-705x529.jpg);\"  title=\"Torneado\" ><\/div><\/div><figcaption class='av-inner-masonry-content site-background'><div class='av-inner-masonry-content-pos'><div class='av-inner-masonry-content-pos-content'><div class='avia-arrow'><\/div><h3 class='av-masonry-entry-title entry-title '  itemprop=\"headline\" >Torneado<\/h3><\/div><\/div><\/figcaption><\/figure><\/div><!--end av-masonry entry--><div id='av-masonry-1-item-365' data-av-masonry-item='365' class='av-masonry-entry isotope-item post-365 attachment type-attachment status-inherit hentry  av-masonry-item-with-image'    itemprop=\"thumbnailUrl\" ><div class='av-inner-masonry-sizer'><\/div><figure class='av-inner-masonry main_color'><div class=\"av-masonry-outerimage-container\"><div class='av-masonry-image-container' style=\"background-image: url(https:\/\/www.gimatengineering.com\/es\/wp-content\/uploads\/2020\/09\/PERFIL-10.jpg);\"  title=\"Fresado\" ><\/div><\/div><figcaption class='av-inner-masonry-content site-background'><div class='av-inner-masonry-content-pos'><div class='av-inner-masonry-content-pos-content'><div class='avia-arrow'><\/div><h3 class='av-masonry-entry-title entry-title '  itemprop=\"headline\" >Fresado<\/h3><\/div><\/div><\/figcaption><\/figure><\/div><!--end av-masonry entry--><div id='av-masonry-1-item-355' data-av-masonry-item='355' class='av-masonry-entry isotope-item post-355 attachment type-attachment status-inherit hentry  av-masonry-item-with-image'    itemprop=\"thumbnailUrl\" ><div class='av-inner-masonry-sizer'><\/div><figure class='av-inner-masonry main_color'><div class=\"av-masonry-outerimage-container\"><div class='av-masonry-image-container' style=\"background-image: url(https:\/\/www.gimatengineering.com\/es\/wp-content\/uploads\/2020\/09\/PERFIL-5-705x529.jpg);\"  title=\"Plegado\" ><\/div><\/div><figcaption class='av-inner-masonry-content site-background'><div class='av-inner-masonry-content-pos'><div class='av-inner-masonry-content-pos-content'><div class='avia-arrow'><\/div><h3 class='av-masonry-entry-title entry-title '  itemprop=\"headline\" >Plegado<\/h3><\/div><\/div><\/figcaption><\/figure><\/div><!--end av-masonry entry--><div id='av-masonry-1-item-363' data-av-masonry-item='363' class='av-masonry-entry isotope-item post-363 attachment type-attachment status-inherit hentry  av-masonry-item-with-image'    itemprop=\"thumbnailUrl\" ><div class='av-inner-masonry-sizer'><\/div><figure class='av-inner-masonry main_color'><div class=\"av-masonry-outerimage-container\"><div class='av-masonry-image-container' style=\"background-image: url(https:\/\/www.gimatengineering.com\/es\/wp-content\/uploads\/2020\/09\/PERFIL-8-705x527.jpg);\"  title=\"Ensamblaje\" ><\/div><\/div><figcaption class='av-inner-masonry-content site-background'><div class='av-inner-masonry-content-pos'><div class='av-inner-masonry-content-pos-content'><div class='avia-arrow'><\/div><h3 class='av-masonry-entry-title entry-title '  itemprop=\"headline\" >Ensamblaje<\/h3><\/div><\/div><\/figcaption><\/figure><\/div><!--end av-masonry entry--><\/div><\/div><br \/>\n\n<style type=\"text\/css\" data-created_by=\"avia_inline_auto\" id=\"style-css-av-ksczffb3-455b8273a60f7c321bc080e3227bdad4\">\n#top .hr.av-ksczffb3-455b8273a60f7c321bc080e3227bdad4{\nmargin-top:20px;\nmargin-bottom:30px;\n}\n.hr.av-ksczffb3-455b8273a60f7c321bc080e3227bdad4 .hr-inner{\nwidth:50px;\nborder-color:#ffffff;\n}\n<\/style>\n<div  class='hr av-ksczffb3-455b8273a60f7c321bc080e3227bdad4 hr-custom  avia-builder-el-6  el_after_av_masonry_gallery  el_before_av_textblock  avia-builder-el-first  hr-center hr-icon-no'><span class='hr-inner inner-border-av-border-thin'><span class=\"hr-inner-style\"><\/span><\/span><\/div><br \/>\n<section  class='av_textblock_section av-3cubaw-96a7f1361549e00eb1e45821f1d5ae5e '   itemscope=\"itemscope\" itemtype=\"https:\/\/schema.org\/CreativeWork\" ><div class='avia_textblock'  itemprop=\"text\" ><h2>QU\u00c9 HACEMOS<\/h2>\n<p><strong>Dise\u00f1amos y realizamos sistemas para el transporte, la dosificaci\u00f3n, la mezcla y el almacenamiento de polvos, gr\u00e1nulos, productos triturados, mezclas, y los relativos automatismos mediante PLC o Panel PC.<\/strong><\/p>\n<p>Avalados por nuestra experiencia de cuatro d\u00e9cadas, construimos tambi\u00e9n sistemas llaves en mano donde pueden integrarse equipos de nuestro dise\u00f1o y producci\u00f3n con los de otros fabricantes.<\/p>\n<p>Las maquinarias y los accesorios de terceros se suministran, bajo pedido y de acuerdo com\u00fan con el cliente, al completarse el sistema cuando nuestra gama productiva no los contemple o las dimensiones y\/o potencialidades sean distintas a las demandadas.<\/p>\n<p>Espec\u00edficamente, encontramos:<\/p>\n<ul>\n<li><strong>Descarga de Big Bag<\/strong><\/li>\n<li><strong>Sistemas de aplastamiento de Big Bag compactados<\/strong><\/li>\n<li><strong>Sistema de llenado de Big Bag<\/strong><\/li>\n<li><strong>Transportadores flexibles en espiral<\/strong><\/li>\n<li><strong>Transportadores con tornillo sinf\u00edn sin eje<\/strong><\/li>\n<li><strong>Transportadores de tornillo sinf\u00edn<\/strong><\/li>\n<li><strong>Transportador neum\u00e1tico en aspiraci\u00f3n o en presi\u00f3n<\/strong><\/li>\n<li><strong>Tolvas de vaciado de sacos con campanas extractoras como opcionales, para evitar la dispersi\u00f3n de polvo en el entorno<\/strong><\/li>\n<li><strong>Extractores con fondo plano<\/strong><\/li>\n<li><strong>Dosificadores volum\u00e9tricos y gravim\u00e9tricos en modo continuo y por lotes<\/strong><\/li>\n<li><strong>Mezcladores de h\u00e9lice para polvos horizontales y verticales<\/strong><\/li>\n<li><strong>B\u00e1sculas ensacadoras con boca abierta de 1 a 25 kg semiautom\u00e1ticas<\/strong><\/li>\n<li><strong>Llenadoras de tornillo sinf\u00edn<\/strong><\/li>\n<\/ul>\n<p><a href=\"https:\/\/www.ilrestodelcarlino.it\/bologna\/provincia\/2013\/06\/04\/898853-premio-mascagni-gimat-ozzano.shtml\">ENTREVISTA CON EL RESTO DEL CARLINO<\/a><\/p>\n<\/div><\/section><\/p><\/div>\n","protected":false},"excerpt":{"rendered":"","protected":false},"author":1,"featured_media":0,"parent":0,"menu_order":0,"comment_status":"closed","ping_status":"closed","template":"","meta":{"footnotes":""},"class_list":["post-248","page","type-page","status-publish","hentry"],"yoast_head":"<!-- This site is optimized with the Yoast SEO plugin v26.8 - https:\/\/yoast.com\/product\/yoast-seo-wordpress\/ -->\n<title>PERFIL - Gimat srl<\/title>\n<meta name=\"description\" content=\"Gimat es una empresa especializada en la construcci\u00f3n de sistemas de transporte, dosificaci\u00f3n, pesaje, mezcla y almacenamiento de gr\u00e1nulos molidos, mezclas, polvos\" \/>\n<meta name=\"robots\" content=\"index, follow, max-snippet:-1, max-image-preview:large, max-video-preview:-1\" \/>\n<link rel=\"canonical\" href=\"https:\/\/www.gimatengineering.com\/es\/perfil\/\" \/>\n<meta property=\"og:locale\" content=\"en_GB\" \/>\n<meta property=\"og:type\" content=\"article\" \/>\n<meta property=\"og:title\" content=\"PERFIL - Gimat srl\" \/>\n<meta property=\"og:description\" content=\"Gimat es una empresa especializada en la construcci\u00f3n de sistemas de transporte, dosificaci\u00f3n, pesaje, mezcla y almacenamiento de gr\u00e1nulos molidos, mezclas, polvos\" \/>\n<meta property=\"og:url\" content=\"https:\/\/www.gimatengineering.com\/es\/perfil\/\" \/>\n<meta property=\"og:site_name\" content=\"GIMAT\" \/>\n<meta property=\"article:modified_time\" content=\"2023-07-26T18:41:41+00:00\" \/>\n<meta name=\"twitter:card\" content=\"summary_large_image\" \/>\n<meta name=\"twitter:label1\" content=\"Estimated reading time\" \/>\n\t<meta name=\"twitter:data1\" content=\"6 minutes\" \/>\n<script type=\"application\/ld+json\" class=\"yoast-schema-graph\">{\"@context\":\"https:\/\/schema.org\",\"@graph\":[{\"@type\":\"WebPage\",\"@id\":\"https:\/\/www.gimatengineering.com\/es\/perfil\/\",\"url\":\"https:\/\/www.gimatengineering.com\/es\/perfil\/\",\"name\":\"PERFIL - Gimat srl\",\"isPartOf\":{\"@id\":\"https:\/\/www.gimatengineering.com\/es\/#website\"},\"datePublished\":\"2015-10-21T10:34:01+00:00\",\"dateModified\":\"2023-07-26T18:41:41+00:00\",\"description\":\"Gimat es una empresa especializada en la construcci\u00f3n de sistemas de transporte, dosificaci\u00f3n, pesaje, mezcla y almacenamiento de gr\u00e1nulos molidos, mezclas, polvos\",\"breadcrumb\":{\"@id\":\"https:\/\/www.gimatengineering.com\/es\/perfil\/#breadcrumb\"},\"inLanguage\":\"en-GB\",\"potentialAction\":[{\"@type\":\"ReadAction\",\"target\":[\"https:\/\/www.gimatengineering.com\/es\/perfil\/\"]}]},{\"@type\":\"BreadcrumbList\",\"@id\":\"https:\/\/www.gimatengineering.com\/es\/perfil\/#breadcrumb\",\"itemListElement\":[{\"@type\":\"ListItem\",\"position\":1,\"name\":\"Home\",\"item\":\"https:\/\/www.gimatengineering.com\/es\/home\/\"},{\"@type\":\"ListItem\",\"position\":2,\"name\":\"PERFIL\"}]},{\"@type\":\"WebSite\",\"@id\":\"https:\/\/www.gimatengineering.com\/es\/#website\",\"url\":\"https:\/\/www.gimatengineering.com\/es\/\",\"name\":\"GIMAT\",\"description\":\"\",\"potentialAction\":[{\"@type\":\"SearchAction\",\"target\":{\"@type\":\"EntryPoint\",\"urlTemplate\":\"https:\/\/www.gimatengineering.com\/es\/?s={search_term_string}\"},\"query-input\":{\"@type\":\"PropertyValueSpecification\",\"valueRequired\":true,\"valueName\":\"search_term_string\"}}],\"inLanguage\":\"en-GB\"}]}<\/script>\n<!-- \/ Yoast SEO plugin. -->","yoast_head_json":{"title":"PERFIL - Gimat srl","description":"Gimat es una empresa especializada en la construcci\u00f3n de sistemas de transporte, dosificaci\u00f3n, pesaje, mezcla y almacenamiento de gr\u00e1nulos molidos, mezclas, polvos","robots":{"index":"index","follow":"follow","max-snippet":"max-snippet:-1","max-image-preview":"max-image-preview:large","max-video-preview":"max-video-preview:-1"},"canonical":"https:\/\/www.gimatengineering.com\/es\/perfil\/","og_locale":"en_GB","og_type":"article","og_title":"PERFIL - Gimat srl","og_description":"Gimat es una empresa especializada en la construcci\u00f3n de sistemas de transporte, dosificaci\u00f3n, pesaje, mezcla y almacenamiento de gr\u00e1nulos molidos, mezclas, polvos","og_url":"https:\/\/www.gimatengineering.com\/es\/perfil\/","og_site_name":"GIMAT","article_modified_time":"2023-07-26T18:41:41+00:00","twitter_card":"summary_large_image","twitter_misc":{"Estimated reading time":"6 minutes"},"schema":{"@context":"https:\/\/schema.org","@graph":[{"@type":"WebPage","@id":"https:\/\/www.gimatengineering.com\/es\/perfil\/","url":"https:\/\/www.gimatengineering.com\/es\/perfil\/","name":"PERFIL - Gimat srl","isPartOf":{"@id":"https:\/\/www.gimatengineering.com\/es\/#website"},"datePublished":"2015-10-21T10:34:01+00:00","dateModified":"2023-07-26T18:41:41+00:00","description":"Gimat es una empresa especializada en la construcci\u00f3n de sistemas de transporte, dosificaci\u00f3n, pesaje, mezcla y almacenamiento de gr\u00e1nulos molidos, mezclas, polvos","breadcrumb":{"@id":"https:\/\/www.gimatengineering.com\/es\/perfil\/#breadcrumb"},"inLanguage":"en-GB","potentialAction":[{"@type":"ReadAction","target":["https:\/\/www.gimatengineering.com\/es\/perfil\/"]}]},{"@type":"BreadcrumbList","@id":"https:\/\/www.gimatengineering.com\/es\/perfil\/#breadcrumb","itemListElement":[{"@type":"ListItem","position":1,"name":"Home","item":"https:\/\/www.gimatengineering.com\/es\/home\/"},{"@type":"ListItem","position":2,"name":"PERFIL"}]},{"@type":"WebSite","@id":"https:\/\/www.gimatengineering.com\/es\/#website","url":"https:\/\/www.gimatengineering.com\/es\/","name":"GIMAT","description":"","potentialAction":[{"@type":"SearchAction","target":{"@type":"EntryPoint","urlTemplate":"https:\/\/www.gimatengineering.com\/es\/?s={search_term_string}"},"query-input":{"@type":"PropertyValueSpecification","valueRequired":true,"valueName":"search_term_string"}}],"inLanguage":"en-GB"}]}},"_links":{"self":[{"href":"https:\/\/www.gimatengineering.com\/es\/wp-json\/wp\/v2\/pages\/248","targetHints":{"allow":["GET"]}}],"collection":[{"href":"https:\/\/www.gimatengineering.com\/es\/wp-json\/wp\/v2\/pages"}],"about":[{"href":"https:\/\/www.gimatengineering.com\/es\/wp-json\/wp\/v2\/types\/page"}],"author":[{"embeddable":true,"href":"https:\/\/www.gimatengineering.com\/es\/wp-json\/wp\/v2\/users\/1"}],"replies":[{"embeddable":true,"href":"https:\/\/www.gimatengineering.com\/es\/wp-json\/wp\/v2\/comments?post=248"}],"version-history":[{"count":2,"href":"https:\/\/www.gimatengineering.com\/es\/wp-json\/wp\/v2\/pages\/248\/revisions"}],"predecessor-version":[{"id":3760,"href":"https:\/\/www.gimatengineering.com\/es\/wp-json\/wp\/v2\/pages\/248\/revisions\/3760"}],"wp:attachment":[{"href":"https:\/\/www.gimatengineering.com\/es\/wp-json\/wp\/v2\/media?parent=248"}],"curies":[{"name":"wp","href":"https:\/\/api.w.org\/{rel}","templated":true}]}}