{"id":245,"date":"2015-10-15T15:32:40","date_gmt":"2015-10-15T13:32:40","guid":{"rendered":"http:\/\/wpoffice\/construction\/?page_id=23"},"modified":"2021-11-07T16:10:56","modified_gmt":"2021-11-07T15:10:56","slug":"asistencia-posventa","status":"publish","type":"page","link":"https:\/\/www.gimatengineering.com\/es\/asistencia-posventa\/","title":{"rendered":"Asistencia posventa"},"content":{"rendered":"<div id='layer_slider_1'  class='avia-layerslider main_color avia-shadow  avia-builder-el-0  el_before_av_textblock  avia-builder-el-first  container_wrap sidebar_right'  style='height: 631px; max-width: 1300px; margin: 0 auto;'  ><\/div><div id='after_layer_slider_1'  class='main_color av_default_container_wrap container_wrap sidebar_right'  ><div class='container av-section-cont-open' ><div class='template-page content  av-content-small alpha units'><div class='post-entry post-entry-type-page post-entry-245'><div class='entry-content-wrapper clearfix'>\n<section  class='av_textblock_section av-krykbi5v-3070587a168692bb67007731a40d798f '   itemscope=\"itemscope\" itemtype=\"https:\/\/schema.org\/CreativeWork\" ><div class='avia_textblock'  itemprop=\"text\" ><h1 style=\"text-align: left;\">Asistencia posventa<\/h1>\n<\/div><\/section>\n<section  class='av_textblock_section av-krykdgph-a552c99cb6810eba79b9bcb7f1e415c7 '   itemscope=\"itemscope\" itemtype=\"https:\/\/schema.org\/CreativeWork\" ><div class='avia_textblock'  itemprop=\"text\" ><p>La empresa Gimat, avalada por sus a\u00f1os de experiencia, ha implementado un paradigma que se ha convertido en un punto de referencia en la misi\u00f3n de la empresa:<\/p>\n<ul>\n<li>colaborar con el cliente para ofrecerle soluciones y no limitarse simplemente a productos.<\/li>\n<\/ul>\n<p>De hecho, nuestra plantilla t\u00e9cnica y comercial permanece a disposici\u00f3n del cliente en todas las fases del proceso, que abarca los momentos de planificaci\u00f3n t\u00edpicos de la preventa y la soluci\u00f3n de problemas que pueden plantearse en la posventa.<\/p>\n<p>Via dell&#8217;Artigianato 1\/17<br \/>\n40064 Ozzano dell\u2019Emilia Loc. Ponte Rizzoli<br \/>\n(BO) Italia<br \/>\nTel <a href=\"tel:+39051799573\">+39 051.799573<\/a><br \/>\nTel <a href=\"tel:+390514695174\">+39 051.4695174<\/a><br \/>\nCorreo electr\u00f3nico:\u00a0 <a href=\"mailto:info@gimat.bo.it\">info@gimat.bo.it<\/a><br \/>\nCorreo electr\u00f3nico certificado: <a href=\"mailto:amministrazionegimat@pec.it\" target=\"_blank\" rel=\"noopener\">amministrazionegimat@pec.it<\/a><\/p>\n<p>C\u00f3d. IVA 00518241203<\/p>\n<\/div><\/section>\n","protected":false},"excerpt":{"rendered":"","protected":false},"author":1,"featured_media":0,"parent":0,"menu_order":0,"comment_status":"closed","ping_status":"closed","template":"","meta":{"footnotes":""},"class_list":["post-245","page","type-page","status-publish","hentry"],"yoast_head":"<!-- This site is optimized with the Yoast SEO plugin v26.8 - https:\/\/yoast.com\/product\/yoast-seo-wordpress\/ -->\n<title>Asistencia posventa - Gimat srl<\/title>\n<meta name=\"robots\" content=\"index, follow, max-snippet:-1, max-image-preview:large, max-video-preview:-1\" \/>\n<link rel=\"canonical\" href=\"https:\/\/www.gimatengineering.com\/es\/asistencia-posventa\/\" \/>\n<meta property=\"og:locale\" content=\"en_GB\" \/>\n<meta property=\"og:type\" content=\"article\" \/>\n<meta property=\"og:title\" content=\"Asistencia posventa - Gimat srl\" \/>\n<meta property=\"og:url\" content=\"https:\/\/www.gimatengineering.com\/es\/asistencia-posventa\/\" \/>\n<meta property=\"og:site_name\" content=\"GIMAT\" \/>\n<meta property=\"article:modified_time\" content=\"2021-11-07T15:10:56+00:00\" \/>\n<meta name=\"twitter:card\" content=\"summary_large_image\" \/>\n<meta name=\"twitter:label1\" content=\"Estimated reading time\" \/>\n\t<meta name=\"twitter:data1\" content=\"1 minute\" \/>\n<script type=\"application\/ld+json\" class=\"yoast-schema-graph\">{\"@context\":\"https:\/\/schema.org\",\"@graph\":[{\"@type\":\"WebPage\",\"@id\":\"https:\/\/www.gimatengineering.com\/es\/asistencia-posventa\/\",\"url\":\"https:\/\/www.gimatengineering.com\/es\/asistencia-posventa\/\",\"name\":\"Asistencia posventa - Gimat srl\",\"isPartOf\":{\"@id\":\"https:\/\/www.gimatengineering.com\/es\/#website\"},\"datePublished\":\"2015-10-15T13:32:40+00:00\",\"dateModified\":\"2021-11-07T15:10:56+00:00\",\"breadcrumb\":{\"@id\":\"https:\/\/www.gimatengineering.com\/es\/asistencia-posventa\/#breadcrumb\"},\"inLanguage\":\"en-GB\",\"potentialAction\":[{\"@type\":\"ReadAction\",\"target\":[\"https:\/\/www.gimatengineering.com\/es\/asistencia-posventa\/\"]}]},{\"@type\":\"BreadcrumbList\",\"@id\":\"https:\/\/www.gimatengineering.com\/es\/asistencia-posventa\/#breadcrumb\",\"itemListElement\":[{\"@type\":\"ListItem\",\"position\":1,\"name\":\"Home\",\"item\":\"https:\/\/www.gimatengineering.com\/es\/home\/\"},{\"@type\":\"ListItem\",\"position\":2,\"name\":\"Asistencia posventa\"}]},{\"@type\":\"WebSite\",\"@id\":\"https:\/\/www.gimatengineering.com\/es\/#website\",\"url\":\"https:\/\/www.gimatengineering.com\/es\/\",\"name\":\"GIMAT\",\"description\":\"\",\"potentialAction\":[{\"@type\":\"SearchAction\",\"target\":{\"@type\":\"EntryPoint\",\"urlTemplate\":\"https:\/\/www.gimatengineering.com\/es\/?s={search_term_string}\"},\"query-input\":{\"@type\":\"PropertyValueSpecification\",\"valueRequired\":true,\"valueName\":\"search_term_string\"}}],\"inLanguage\":\"en-GB\"}]}<\/script>\n<!-- \/ Yoast SEO plugin. -->","yoast_head_json":{"title":"Asistencia posventa - Gimat srl","robots":{"index":"index","follow":"follow","max-snippet":"max-snippet:-1","max-image-preview":"max-image-preview:large","max-video-preview":"max-video-preview:-1"},"canonical":"https:\/\/www.gimatengineering.com\/es\/asistencia-posventa\/","og_locale":"en_GB","og_type":"article","og_title":"Asistencia posventa - Gimat srl","og_url":"https:\/\/www.gimatengineering.com\/es\/asistencia-posventa\/","og_site_name":"GIMAT","article_modified_time":"2021-11-07T15:10:56+00:00","twitter_card":"summary_large_image","twitter_misc":{"Estimated reading time":"1 minute"},"schema":{"@context":"https:\/\/schema.org","@graph":[{"@type":"WebPage","@id":"https:\/\/www.gimatengineering.com\/es\/asistencia-posventa\/","url":"https:\/\/www.gimatengineering.com\/es\/asistencia-posventa\/","name":"Asistencia posventa - Gimat srl","isPartOf":{"@id":"https:\/\/www.gimatengineering.com\/es\/#website"},"datePublished":"2015-10-15T13:32:40+00:00","dateModified":"2021-11-07T15:10:56+00:00","breadcrumb":{"@id":"https:\/\/www.gimatengineering.com\/es\/asistencia-posventa\/#breadcrumb"},"inLanguage":"en-GB","potentialAction":[{"@type":"ReadAction","target":["https:\/\/www.gimatengineering.com\/es\/asistencia-posventa\/"]}]},{"@type":"BreadcrumbList","@id":"https:\/\/www.gimatengineering.com\/es\/asistencia-posventa\/#breadcrumb","itemListElement":[{"@type":"ListItem","position":1,"name":"Home","item":"https:\/\/www.gimatengineering.com\/es\/home\/"},{"@type":"ListItem","position":2,"name":"Asistencia posventa"}]},{"@type":"WebSite","@id":"https:\/\/www.gimatengineering.com\/es\/#website","url":"https:\/\/www.gimatengineering.com\/es\/","name":"GIMAT","description":"","potentialAction":[{"@type":"SearchAction","target":{"@type":"EntryPoint","urlTemplate":"https:\/\/www.gimatengineering.com\/es\/?s={search_term_string}"},"query-input":{"@type":"PropertyValueSpecification","valueRequired":true,"valueName":"search_term_string"}}],"inLanguage":"en-GB"}]}},"_links":{"self":[{"href":"https:\/\/www.gimatengineering.com\/es\/wp-json\/wp\/v2\/pages\/245","targetHints":{"allow":["GET"]}}],"collection":[{"href":"https:\/\/www.gimatengineering.com\/es\/wp-json\/wp\/v2\/pages"}],"about":[{"href":"https:\/\/www.gimatengineering.com\/es\/wp-json\/wp\/v2\/types\/page"}],"author":[{"embeddable":true,"href":"https:\/\/www.gimatengineering.com\/es\/wp-json\/wp\/v2\/users\/1"}],"replies":[{"embeddable":true,"href":"https:\/\/www.gimatengineering.com\/es\/wp-json\/wp\/v2\/comments?post=245"}],"version-history":[{"count":0,"href":"https:\/\/www.gimatengineering.com\/es\/wp-json\/wp\/v2\/pages\/245\/revisions"}],"wp:attachment":[{"href":"https:\/\/www.gimatengineering.com\/es\/wp-json\/wp\/v2\/media?parent=245"}],"curies":[{"name":"wp","href":"https:\/\/api.w.org\/{rel}","templated":true}]}}