{"id":1584,"date":"2021-05-05T10:00:30","date_gmt":"2021-05-05T08:00:30","guid":{"rendered":"https:\/\/www.gimatengineering.com\/es\/?page_id=1584"},"modified":"2023-04-16T18:24:05","modified_gmt":"2023-04-16T16:24:05","slug":"contactos","status":"publish","type":"page","link":"https:\/\/www.gimatengineering.com\/es\/contactos\/","title":{"rendered":"CONTACTOS"},"content":{"rendered":"<div id='layer_slider_1'  class='avia-layerslider main_color avia-shadow  avia-builder-el-0  el_before_av_one_half  avia-builder-el-first  container_wrap sidebar_right'  style='height: 631px; max-width: 1300px; margin: 0 auto;'  ><\/div><div id='after_layer_slider_1'  class='main_color av_default_container_wrap container_wrap sidebar_right'  ><div class='container av-section-cont-open' ><div class='template-page content  av-content-small alpha units'><div class='post-entry post-entry-type-page post-entry-1584'><div class='entry-content-wrapper clearfix'>\n<div  class='flex_column av-bcwr7k-b5ef298f968582f65ec32da8f7c4721b av_one_half  avia-builder-el-1  el_after_av_layerslider  el_before_av_one_half  avia-builder-el-first  first flex_column_div  '     ><section  class='av_textblock_section av-kryjsw8k-5074c30169e5bd92c189af498ce44129 '   itemscope=\"itemscope\" itemtype=\"https:\/\/schema.org\/CreativeWork\" ><div class='avia_textblock'  itemprop=\"text\" ><h1 style=\"text-align: left;\">OFICINA CENTRAL GIMAT SRL<\/h1>\n<\/div><\/section><\/div>\n<div  class='flex_column av-9pameo-c573cd1f1eab50052f439a4dec196e9a av_one_half  avia-builder-el-3  el_after_av_one_half  el_before_av_one_half  flex_column_div  '     ><\/div><div  class='flex_column av-7gr3ow-9fd26951287691388e5e534496d73964 av_one_half  avia-builder-el-4  el_after_av_one_half  el_before_av_one_half  first flex_column_div  column-top-margin'     ><section  class='av_textblock_section av-kryju66i-bc3bd24a8e4077e1d8b1833fed809013 '   itemscope=\"itemscope\" itemtype=\"https:\/\/schema.org\/CreativeWork\" ><div class='avia_textblock'  itemprop=\"text\" ><p>Via dell&#8217;Artigianato 1\/17<br \/>\n40064 Ozzano dell\u2019Emilia Loc. Ponte Rizzoli<br \/>\n(BO) Italy<br \/>\nTel <a href=\"tel:+39051799573\">+39 051.799573<\/a><br \/>\nTel <a href=\"tel:+390514695174\">+39 051.4695174<\/a><br \/>\nCorreo electr\u00f3nico <a href=\"mailto:info@gimat.bo.it\" target=\"_blank\" rel=\"noopener\">info@gimat.bo.it<\/a><br \/>\nCorreo electr\u00f3nico certificado <a href=\"mailto:amministrazionegimat@pec.it\" target=\"_blank\" rel=\"noopener\">amministrazionegimat@pec.it<\/a><\/p>\n<p>C\u00f3d. IVA 00518241203<\/p>\n<\/div><\/section><\/div><\/p>\n<div  class='flex_column av-60ve1c-2a10bc80dddadfbbd853b0f60dc40ec2 av_one_half  avia-builder-el-6  el_after_av_one_half  el_before_av_hr  flex_column_div  column-top-margin'     ><\/div>\n<style type=\"text\/css\" data-created_by=\"avia_inline_auto\" id=\"style-css-av-kt18wgn5-a0281c79f06fe0469aad5232ddf75edc\">\n#top .hr.av-kt18wgn5-a0281c79f06fe0469aad5232ddf75edc{\nmargin-top:20px;\nmargin-bottom:30px;\n}\n.hr.av-kt18wgn5-a0281c79f06fe0469aad5232ddf75edc .hr-inner{\nwidth:100px;\nborder-color:#745f7e;\n}\n<\/style>\n<div  class='hr av-kt18wgn5-a0281c79f06fe0469aad5232ddf75edc hr-custom  avia-builder-el-7  el_after_av_one_half  el_before_av_one_full  hr-center hr-icon-no'><span class='hr-inner inner-border-av-border-thin'><span class=\"hr-inner-style\"><\/span><\/span><\/div><\/p>\n\n<style type=\"text\/css\" data-created_by=\"avia_inline_auto\" id=\"style-css-av-34bghs-96002246df1c5d04606036474ae46619\">\n.flex_column.av-34bghs-96002246df1c5d04606036474ae46619{\nborder-radius:0px 0px 0px 0px;\npadding:0px 0px 0px 0px;\n}\n<\/style>\n<div  class='flex_column av-34bghs-96002246df1c5d04606036474ae46619 av_one_full  avia-builder-el-8  el_after_av_hr  el_before_av_three_fourth  first flex_column_div av-zero-column-padding  '     ><section  class='av_textblock_section av-kt18j5bi-a16d138697fe3a33c573e6ea63ff79e2 '   itemscope=\"itemscope\" itemtype=\"https:\/\/schema.org\/CreativeWork\" ><div class='avia_textblock'  itemprop=\"text\" ><h1 style=\"text-align: left;\">Cont\u00e1ctenos<\/h1>\n<\/div><\/section><\/div>\n\n<style type=\"text\/css\" data-created_by=\"avia_inline_auto\" id=\"style-css-av-30wn74-abd19732605a7247ffcad1dfa14d244d\">\n.flex_column.av-30wn74-abd19732605a7247ffcad1dfa14d244d{\nborder-radius:0px 0px 0px 0px;\npadding:0px 0px 0px 0px;\n}\n<\/style>\n<div  class='flex_column av-30wn74-abd19732605a7247ffcad1dfa14d244d av_three_fourth  avia-builder-el-10  el_after_av_one_full  el_before_av_hr  first flex_column_div av-zero-column-padding  column-top-margin'     ><\/div>\n\n<style type=\"text\/css\" data-created_by=\"avia_inline_auto\" id=\"style-css-av-kt18wgn5-a0281c79f06fe0469aad5232ddf75edc\">\n#top .hr.av-kt18wgn5-a0281c79f06fe0469aad5232ddf75edc{\nmargin-top:20px;\nmargin-bottom:30px;\n}\n.hr.av-kt18wgn5-a0281c79f06fe0469aad5232ddf75edc .hr-inner{\nwidth:100px;\nborder-color:#745f7e;\n}\n<\/style>\n<div  class='hr av-kt18wgn5-a0281c79f06fe0469aad5232ddf75edc hr-custom  avia-builder-el-12  el_after_av_three_fourth  el_before_av_one_full  hr-center hr-icon-no'><span class='hr-inner inner-border-av-border-thin'><span class=\"hr-inner-style\"><\/span><\/span><\/div>\n\n<style type=\"text\/css\" data-created_by=\"avia_inline_auto\" id=\"style-css-av-34bghs-96002246df1c5d04606036474ae46619\">\n.flex_column.av-34bghs-96002246df1c5d04606036474ae46619{\nborder-radius:0px 0px 0px 0px;\npadding:0px 0px 0px 0px;\n}\n<\/style>\n<div  class='flex_column av-34bghs-96002246df1c5d04606036474ae46619 av_one_full  avia-builder-el-13  el_after_av_hr  el_before_av_textblock  first flex_column_div av-zero-column-padding  '     ><section  class='av_textblock_section av-kt18j5bi-a16d138697fe3a33c573e6ea63ff79e2 '   itemscope=\"itemscope\" itemtype=\"https:\/\/schema.org\/CreativeWork\" ><div class='avia_textblock'  itemprop=\"text\" ><h1 style=\"text-align: left;\">Para llegar a nosotros<\/h1>\n<\/div><\/section><\/div>\n<section  class='av_textblock_section av-kryjvmbg-effe4faff0f468702436862bc5628bc3 '   itemscope=\"itemscope\" itemtype=\"https:\/\/schema.org\/CreativeWork\" ><div class='avia_textblock'  itemprop=\"text\" ><p><br class=\"avia-permanent-lb\" \/><iframe loading=\"lazy\" style=\"border: 0;\" src=\"https:\/\/www.google.com\/maps\/embed?pb=!1m18!1m12!1m3!1d2847.226792773354!2d11.49232031486157!3d44.469523807279224!2m3!1f0!2f0!3f0!3m2!1i1024!2i768!4f13.1!3m3!1m2!1s0x477e291c3e656a1f%3A0x60a6b53f7f4f34e1!2sGimat+Srl!5e0!3m2!1sit!2sit!4v1459489318752\" width=\"600\" height=\"450\" frameborder=\"0\" allowfullscreen=\"allowfullscreen\"><\/iframe><\/p>\n<\/div><\/section>\n<section  class='av_textblock_section av-kryjwdgl-77de21d792c9b34b43b16ccbfcdee9d3 '   itemscope=\"itemscope\" itemtype=\"https:\/\/schema.org\/CreativeWork\" ><div class='avia_textblock'  itemprop=\"text\" ><p>Para llegar a GIMAT srl, ya sea que venga del norte o del sur, debe salir de la autopista A14 Bolonia-Ancona en el peaje de San Lazzaro di Savena (BO).<\/p>\n<p>A la salida de la autopista ya se encontrar\u00e1 dentro de la carretera de circunvalaci\u00f3n de Bolonia. Siga recto y tome la primera salida (Salida n \u00b0 13).<\/p>\n<p>Te encontrar\u00e1s en una rotonda por la que tendr\u00e1s que atravesar hasta la segunda salida a tu derecha.<\/p>\n<p>Saliendo de la rotonda, deber\u00e1s seguir recto unos kil\u00f3metros por las calles Zucchi &#8211; Ristorone &#8211; Guelfa, pasando por un puente y encontrando tu camino por la calle. derecho a un restaurante.<\/p>\n<p>Cuando llegue a una rotonda siguiente, contin\u00fae recto por via Stradelli Guelfi, durante unos kil\u00f3metros m\u00e1s, pasando una gasolinera en su camino. justo despu\u00e9s de lo cual encontrar\u00e1 el letrero de GIMAT siempre en su Derecha. La entrada a las oficinas se encuentra en Via dell\u2019Artigianato n \u00b0 17, mientras que el almac\u00e9n tiene la entrada en el n\u00famero 1.<\/p>\n<p>En el camino de regreso, contin\u00fae en sentido contrario a la primera rotonda que encontr\u00f3 en el viaje de ida y en ese punto, ya sea que tenga que ir al norte o al sur, siga las indicaciones de la autopista hacia Ancona.<\/p>\n<p>De esta manera, encontrar\u00e1 la autopista directamente con los ramales de Ancona y Mil\u00e1n sin tener que pasar por la carretera de circunvalaci\u00f3n de Bolonia si se dirige al norte.<\/p>\n<\/div><\/section>\n\n<style type=\"text\/css\" data-created_by=\"avia_inline_auto\" id=\"style-css-av-kt18wgn5-a0281c79f06fe0469aad5232ddf75edc\">\n#top .hr.av-kt18wgn5-a0281c79f06fe0469aad5232ddf75edc{\nmargin-top:20px;\nmargin-bottom:30px;\n}\n.hr.av-kt18wgn5-a0281c79f06fe0469aad5232ddf75edc .hr-inner{\nwidth:100px;\nborder-color:#745f7e;\n}\n<\/style>\n<div  class='hr av-kt18wgn5-a0281c79f06fe0469aad5232ddf75edc hr-custom  avia-builder-el-17  el_after_av_textblock  el_before_av_one_half  hr-center hr-icon-no'><span class='hr-inner inner-border-av-border-thin'><span class=\"hr-inner-style\"><\/span><\/span><\/div>\n<div  class='flex_column av-4lq1gg-0f65c699e4bf95b66e3a2f3283adf76b av_one_half  avia-builder-el-18  el_after_av_hr  el_before_av_one_half  first flex_column_div  '     ><\/div>\n<div  class='flex_column av-1wdo1s-77d9c76628988319f8014c139fe49702 av_one_half  avia-builder-el-19  el_after_av_one_half  avia-builder-el-last  flex_column_div  '     ><\/div>\n","protected":false},"excerpt":{"rendered":"","protected":false},"author":1,"featured_media":0,"parent":0,"menu_order":0,"comment_status":"closed","ping_status":"closed","template":"","meta":{"footnotes":""},"class_list":["post-1584","page","type-page","status-publish","hentry"],"yoast_head":"<!-- This site is optimized with the Yoast SEO plugin v26.8 - https:\/\/yoast.com\/product\/yoast-seo-wordpress\/ -->\n<title>Oficina central - Gimat srl<\/title>\n<meta name=\"description\" content=\"C\u00f3mo llegar a Gimat: Via dell&#039;Artigianato 1-17 Loc. Ponte Rizzoli Ozzano dell&#039;Emilia - Bologna Tel +39 051 799573 - +39 051 4695174 Fax +39 051 798260\" \/>\n<meta name=\"robots\" content=\"index, follow, max-snippet:-1, max-image-preview:large, max-video-preview:-1\" \/>\n<link rel=\"canonical\" href=\"https:\/\/www.gimatengineering.com\/es\/contactos\/\" \/>\n<meta property=\"og:locale\" content=\"en_GB\" \/>\n<meta property=\"og:type\" content=\"article\" \/>\n<meta property=\"og:title\" content=\"Oficina central - Gimat srl\" \/>\n<meta property=\"og:description\" content=\"C\u00f3mo llegar a Gimat: Via dell&#039;Artigianato 1-17 Loc. Ponte Rizzoli Ozzano dell&#039;Emilia - Bologna Tel +39 051 799573 - +39 051 4695174 Fax +39 051 798260\" \/>\n<meta property=\"og:url\" content=\"https:\/\/www.gimatengineering.com\/es\/contactos\/\" \/>\n<meta property=\"og:site_name\" content=\"GIMAT\" \/>\n<meta property=\"article:modified_time\" content=\"2023-04-16T16:24:05+00:00\" \/>\n<meta name=\"twitter:card\" content=\"summary_large_image\" \/>\n<meta name=\"twitter:label1\" content=\"Estimated reading time\" \/>\n\t<meta name=\"twitter:data1\" content=\"1 minute\" \/>\n<script type=\"application\/ld+json\" class=\"yoast-schema-graph\">{\"@context\":\"https:\/\/schema.org\",\"@graph\":[{\"@type\":\"WebPage\",\"@id\":\"https:\/\/www.gimatengineering.com\/es\/contactos\/\",\"url\":\"https:\/\/www.gimatengineering.com\/es\/contactos\/\",\"name\":\"Oficina central - Gimat srl\",\"isPartOf\":{\"@id\":\"https:\/\/www.gimatengineering.com\/es\/#website\"},\"datePublished\":\"2021-05-05T08:00:30+00:00\",\"dateModified\":\"2023-04-16T16:24:05+00:00\",\"description\":\"C\u00f3mo llegar a Gimat: Via dell'Artigianato 1-17 Loc. Ponte Rizzoli Ozzano dell'Emilia - Bologna Tel +39 051 799573 - +39 051 4695174 Fax +39 051 798260\",\"breadcrumb\":{\"@id\":\"https:\/\/www.gimatengineering.com\/es\/contactos\/#breadcrumb\"},\"inLanguage\":\"en-GB\",\"potentialAction\":[{\"@type\":\"ReadAction\",\"target\":[\"https:\/\/www.gimatengineering.com\/es\/contactos\/\"]}]},{\"@type\":\"BreadcrumbList\",\"@id\":\"https:\/\/www.gimatengineering.com\/es\/contactos\/#breadcrumb\",\"itemListElement\":[{\"@type\":\"ListItem\",\"position\":1,\"name\":\"Home\",\"item\":\"https:\/\/www.gimatengineering.com\/es\/home\/\"},{\"@type\":\"ListItem\",\"position\":2,\"name\":\"CONTACTOS\"}]},{\"@type\":\"WebSite\",\"@id\":\"https:\/\/www.gimatengineering.com\/es\/#website\",\"url\":\"https:\/\/www.gimatengineering.com\/es\/\",\"name\":\"GIMAT\",\"description\":\"\",\"potentialAction\":[{\"@type\":\"SearchAction\",\"target\":{\"@type\":\"EntryPoint\",\"urlTemplate\":\"https:\/\/www.gimatengineering.com\/es\/?s={search_term_string}\"},\"query-input\":{\"@type\":\"PropertyValueSpecification\",\"valueRequired\":true,\"valueName\":\"search_term_string\"}}],\"inLanguage\":\"en-GB\"}]}<\/script>\n<!-- \/ Yoast SEO plugin. -->","yoast_head_json":{"title":"Oficina central - Gimat srl","description":"C\u00f3mo llegar a Gimat: Via dell'Artigianato 1-17 Loc. Ponte Rizzoli Ozzano dell'Emilia - Bologna Tel +39 051 799573 - +39 051 4695174 Fax +39 051 798260","robots":{"index":"index","follow":"follow","max-snippet":"max-snippet:-1","max-image-preview":"max-image-preview:large","max-video-preview":"max-video-preview:-1"},"canonical":"https:\/\/www.gimatengineering.com\/es\/contactos\/","og_locale":"en_GB","og_type":"article","og_title":"Oficina central - Gimat srl","og_description":"C\u00f3mo llegar a Gimat: Via dell'Artigianato 1-17 Loc. Ponte Rizzoli Ozzano dell'Emilia - Bologna Tel +39 051 799573 - +39 051 4695174 Fax +39 051 798260","og_url":"https:\/\/www.gimatengineering.com\/es\/contactos\/","og_site_name":"GIMAT","article_modified_time":"2023-04-16T16:24:05+00:00","twitter_card":"summary_large_image","twitter_misc":{"Estimated reading time":"1 minute"},"schema":{"@context":"https:\/\/schema.org","@graph":[{"@type":"WebPage","@id":"https:\/\/www.gimatengineering.com\/es\/contactos\/","url":"https:\/\/www.gimatengineering.com\/es\/contactos\/","name":"Oficina central - Gimat srl","isPartOf":{"@id":"https:\/\/www.gimatengineering.com\/es\/#website"},"datePublished":"2021-05-05T08:00:30+00:00","dateModified":"2023-04-16T16:24:05+00:00","description":"C\u00f3mo llegar a Gimat: Via dell'Artigianato 1-17 Loc. Ponte Rizzoli Ozzano dell'Emilia - Bologna Tel +39 051 799573 - +39 051 4695174 Fax +39 051 798260","breadcrumb":{"@id":"https:\/\/www.gimatengineering.com\/es\/contactos\/#breadcrumb"},"inLanguage":"en-GB","potentialAction":[{"@type":"ReadAction","target":["https:\/\/www.gimatengineering.com\/es\/contactos\/"]}]},{"@type":"BreadcrumbList","@id":"https:\/\/www.gimatengineering.com\/es\/contactos\/#breadcrumb","itemListElement":[{"@type":"ListItem","position":1,"name":"Home","item":"https:\/\/www.gimatengineering.com\/es\/home\/"},{"@type":"ListItem","position":2,"name":"CONTACTOS"}]},{"@type":"WebSite","@id":"https:\/\/www.gimatengineering.com\/es\/#website","url":"https:\/\/www.gimatengineering.com\/es\/","name":"GIMAT","description":"","potentialAction":[{"@type":"SearchAction","target":{"@type":"EntryPoint","urlTemplate":"https:\/\/www.gimatengineering.com\/es\/?s={search_term_string}"},"query-input":{"@type":"PropertyValueSpecification","valueRequired":true,"valueName":"search_term_string"}}],"inLanguage":"en-GB"}]}},"_links":{"self":[{"href":"https:\/\/www.gimatengineering.com\/es\/wp-json\/wp\/v2\/pages\/1584","targetHints":{"allow":["GET"]}}],"collection":[{"href":"https:\/\/www.gimatengineering.com\/es\/wp-json\/wp\/v2\/pages"}],"about":[{"href":"https:\/\/www.gimatengineering.com\/es\/wp-json\/wp\/v2\/types\/page"}],"author":[{"embeddable":true,"href":"https:\/\/www.gimatengineering.com\/es\/wp-json\/wp\/v2\/users\/1"}],"replies":[{"embeddable":true,"href":"https:\/\/www.gimatengineering.com\/es\/wp-json\/wp\/v2\/comments?post=1584"}],"version-history":[{"count":2,"href":"https:\/\/www.gimatengineering.com\/es\/wp-json\/wp\/v2\/pages\/1584\/revisions"}],"predecessor-version":[{"id":3714,"href":"https:\/\/www.gimatengineering.com\/es\/wp-json\/wp\/v2\/pages\/1584\/revisions\/3714"}],"wp:attachment":[{"href":"https:\/\/www.gimatengineering.com\/es\/wp-json\/wp\/v2\/media?parent=1584"}],"curies":[{"name":"wp","href":"https:\/\/api.w.org\/{rel}","templated":true}]}}